{"id":292,"date":"2022-07-18T10:45:18","date_gmt":"2022-07-18T10:45:18","guid":{"rendered":"http:\/\/www.cantokman.com\/?page_id=292"},"modified":"2022-07-18T10:45:20","modified_gmt":"2022-07-18T10:45:20","slug":"kisisel-verilerin-islenmesi-aydinlatma-metni","status":"publish","type":"page","link":"https:\/\/www.cantokman.com\/fr\/traitement-des-donnees-personnelles-eclairage-texte\/","title":{"rendered":"TRAITEMENT DES DONN\u00c9ES PERSONNELLES LIGHTING TEXTE"},"content":{"rendered":"<p><strong>IDENTIT\u00c9 DU PORTEUR DE DONN\u00c9ES<\/strong><\/p>\n\n\n\n<p>Loi n\u00b0 6698 sur la protection des donn\u00e9es personnelles (\u00ab<strong>Loi KVK<\/strong>&quot;), ayant le titre de &quot;Contr\u00f4leur de donn\u00e9es&quot; <strong>Dentiste \u2013 Can Tokman<\/strong> (&quot;<strong>Clinique<\/strong>\u201d), vos donn\u00e9es personnelles peuvent \u00eatre trait\u00e9es dans le cadre d\u00e9crit ci-dessous.<\/p>\n\n\n\n<p><strong>VOS DONN\u00c9ES PERSONNELLES TRAIT\u00c9ES<\/strong><\/p>\n\n\n\n<p>Conform\u00e9ment \u00e0 la loi KVK et aux r\u00e9glementations secondaires, vos donn\u00e9es personnelles ci-dessous seront trait\u00e9es dans le cadre des finalit\u00e9s et des raisons l\u00e9gales sp\u00e9cifi\u00e9es dans le texte de divulgation.&nbsp;<\/p>\n\n\n\n<ul><li><em>Identit\u00e9 (nom, pr\u00e9nom, TCKN, date de naissance)<\/em><\/li><li><em>Contact (adresse, num\u00e9ro de t\u00e9l\u00e9phone, e-mail)<\/em><\/li><li><em>Transaction client (informations de facturation, frais de traitement)<\/em><\/li><li><em>Finance (informations sur les re\u00e7us, IBAN, informations bancaires)<\/em><\/li><li><em>Enregistrements audio et audio (photo et vid\u00e9o sur les r\u00e9seaux sociaux)<\/em><\/li><li><em>Informations sur la sant\u00e9 (informations sur les groupes sanguins, informations sur les allergies, informations sur l&#039;anamn\u00e8se, informations sur les m\u00e9dicaments utilis\u00e9s en continu, informations sur les maladies ant\u00e9rieures, informations sur les risques de traitement, informations sur les traitements, informations sur les traitements ant\u00e9rieurs, informations sur le COVID-19)<\/em><\/li><\/ul>\n\n\n\n<p><strong>OBJET ET RAISON L\u00c9GALE DU TRAITEMENT DE VOS DONN\u00c9ES PERSONNELLES<\/strong><\/p>\n\n\n\n<ul><li><strong>m de la loi KVK. &quot;Consentement explicite&quot; r\u00e9glement\u00e9 dans la disposition 5\/1 <\/strong>Sur la base de bases l\u00e9gales, vos donn\u00e9es personnelles dans la cat\u00e9gorie des enregistrements visuels et audio peuvent \u00eatre trait\u00e9es dans le but de partager les produits et\/ou services de traitement sur les comptes de m\u00e9dias sociaux, qui sont des canaux publics en ligne, dans le cadre de la publicit\u00e9, du marketing et activit\u00e9s promotionnelles.<\/li><\/ul>\n\n\n\n<ul><li><strong>&quot;explicitement stipul\u00e9 dans les lois&quot; r\u00e9gi par l&#039;article 5\/2 (a) de la loi KVK <\/strong>fond\u00e9 sur un motif juridique\u00a0; vos donn\u00e9es personnelles, en remplissant les obligations d\u00e9coulant de la l\u00e9gislation \u00e0 laquelle notre clinique est soumise, en particulier la loi fondamentale sur les services de sant\u00e9, le r\u00e8glement sur les \u00e9tablissements de sant\u00e9 priv\u00e9s fournissant des services de sant\u00e9 bucco-dentaire, la l\u00e9gislation du minist\u00e8re de la sant\u00e9, le code turc de Obligations, la loi sur la proc\u00e9dure fiscale, la d\u00e9claration l\u00e9gale et seront trait\u00e9es aux fins d&#039;\u00e9mission de notifications.<\/li><\/ul>\n\n\n\n<ul><li><strong>&quot;Etablissement ou ex\u00e9cution du contrat&quot; r\u00e9gi par l&#039;article 5\/2 (c) de la loi KVK <\/strong>fond\u00e9 sur un motif juridique\u00a0; Vos donn\u00e9es personnelles seront trait\u00e9es dans le but d&#039;\u00e9tablir votre rendez-vous lors de l&#039;\u00e9tablissement de la relation contractuelle \u00e0 laquelle vous \u00eates partie, de cr\u00e9er des offres pour vos demandes de traitement, et ensuite d&#039;effectuer des op\u00e9rations de paiement et d&#039;encaissement, d&#039;ex\u00e9cution du contrat, d&#039;ex\u00e9cution et de maintien les obligations, assurer la communication n\u00e9cessaire dans le cadre des relations contractuelles, d\u00e9velopper et mettre en \u0153uvre des strat\u00e9gies commerciales.<\/li><\/ul>\n\n\n\n<ul><li><strong>Article 5\/2 (\u00e7) de la loi KVK<\/strong><strong> \u00ab La capacit\u00e9 du responsable du traitement \u00e0 remplir son obligation l\u00e9gale \u00bb <\/strong>vos donn\u00e9es personnelles fond\u00e9es sur des bases l\u00e9gales\u00a0; \u00e9mettre des d\u00e9clarations et des notifications l\u00e9gales, faire des notifications aux institutions et organismes publics autoris\u00e9s, en particulier le minist\u00e8re de la sant\u00e9, dans le cadre de l&#039;ex\u00e9cution des proc\u00e9dures d&#039;enregistrement, de traitement et de diagnostic des patients effectu\u00e9es par la Clinique, en respectant les d\u00e9lais de conservation stipul\u00e9s dans la l\u00e9gislation \u00e0 laquelle notre clinique est soumise et remplit d&#039;autres obligations stipul\u00e9es dans la l\u00e9gislation pertinente, les tribunaux et Elle sera trait\u00e9e dans le but de r\u00e9pondre aux demandes des institutions et organisations publiques demandant des informations et des obligations l\u00e9gales.<\/li><\/ul>\n\n\n\n<ul><li><strong>&quot;l&#039;\u00e9tablissement, l&#039;utilisation ou la protection d&#039;un droit&quot; r\u00e9gi par l&#039;article 5\/2 (e) de la loi KVK <\/strong>fond\u00e9 sur un motif juridique\u00a0; Vos donn\u00e9es personnelles seront trait\u00e9es dans le but de fournir des preuves dans d&#039;\u00e9ventuels litiges, d&#039;obtenir des conseils juridiques et une assistance technique.<\/li><\/ul>\n\n\n\n<ul><li><strong>Article 5\/2 (f) de la loi KVK<\/strong><strong> &quot;contr\u00f4leur de donn\u00e9es&quot;<\/strong><strong> int\u00e9r\u00eat l\u00e9gitime&quot; <\/strong>fond\u00e9 sur un motif juridique\u00a0; Vos donn\u00e9es personnelles peuvent \u00eatre trait\u00e9es dans le but d&#039;effectuer des processus de normes de qualit\u00e9 de service, d&#039;effectuer des activit\u00e9s op\u00e9rationnelles en clinique, d&#039;effectuer des audits internes, des activit\u00e9s d&#039;enqu\u00eate, d&#039;assurer la s\u00e9curit\u00e9 commerciale, la sauvegarde des donn\u00e9es et le stockage s\u00e9curis\u00e9.<\/li><\/ul>\n\n\n\n<ul><li><strong>Traitement des donn\u00e9es de sant\u00e9 r\u00e9gi par l&#039;article 6\/3 de la loi KVK <\/strong>fond\u00e9 sur un motif juridique\u00a0; \u00c9tablissement du rendez-vous que vous avez demand\u00e9 dans le cadre de vos informations de sant\u00e9, protection de la sant\u00e9 publique, m\u00e9decine pr\u00e9ventive, diagnostic m\u00e9dical, services de traitement et de soins, planification et gestion des services de sant\u00e9 et financement, ex\u00e9cution des processus de diagnostic et de traitement des maladies, pr\u00e9paration du traitement plans, r\u00e9alisant des op\u00e9rations pour vos traitements, Elles pourront \u00eatre trait\u00e9es sans votre consentement explicite par des personnes tenues \u00e0 la confidentialit\u00e9 aux fins de vous les pr\u00e9senter.<\/li><\/ul>\n\n\n\n<p><strong>MODE DE COLLECTE DES DONNEES PERSONNELLES<\/strong><\/p>\n\n\n\n<p>Vos donn\u00e9es personnelles sont collect\u00e9es par notre Clinique \u00e0 travers diff\u00e9rents canaux, physiques ou \u00e9lectroniques, aupr\u00e8s de vous personnellement ou aupr\u00e8s de tiers que vous nous avez communiqu\u00e9s dans le but de les transmettre \u00e0 notre Clinique.<\/p>\n\n\n\n<p><strong>TRANSFERT DE VOS DONNEES PERSONNELLES<\/strong><\/p>\n\n\n\n<p>Vos donn\u00e9es personnelles collect\u00e9es peuvent \u00eatre transf\u00e9r\u00e9es dans le cadre des conditions de traitement des donn\u00e9es personnelles r\u00e9gies par les articles 8 et 9 de la loi KVK.<\/p>\n\n\n\n<ul><li><strong>&quot;explicitement stipul\u00e9 dans les lois&quot; r\u00e9gi par l&#039;article 5\/2 (a) de la loi KVK <\/strong>fond\u00e9 sur un motif juridique\u00a0; vos donn\u00e9es personnelles, en remplissant les obligations d\u00e9coulant de la l\u00e9gislation \u00e0 laquelle notre clinique est soumise, en particulier la loi fondamentale sur les services de sant\u00e9, le r\u00e8glement sur les \u00e9tablissements de sant\u00e9 priv\u00e9s fournissant des services de sant\u00e9 bucco-dentaire, la l\u00e9gislation du minist\u00e8re de la sant\u00e9, le code turc de Obligations et loi sur la proc\u00e9dure fiscale, d\u00e9claration l\u00e9gale et Elle peut \u00eatre transf\u00e9r\u00e9e au conseiller financier, au minist\u00e8re de la Sant\u00e9, \u00e0 l&#039;administration fiscale et \u00e0 d&#039;autres institutions et organisations publiques autoris\u00e9es aux fins de d\u00e9livrance de notifications.<\/li><\/ul>\n\n\n\n<ul><li><strong>&quot;L&#039;\u00e9tablissement et l&#039;ex\u00e9cution du contrat&quot; r\u00e9gis par l&#039;article 5\/2 (c) de la loi KVK sont dus \u00e0 la raison l\u00e9gale. <\/strong>Sur cette base, vos donn\u00e9es personnelles peuvent \u00eatre transf\u00e9r\u00e9es \u00e0 des banques sous contrat pour des op\u00e9rations de paiement et de recouvrement.<\/li><\/ul>\n\n\n\n<ul><li><strong>K<\/strong><strong>Article 5\/2 (\u00e7) de la loi VK<\/strong><strong> organis\u00e9 &quot;<\/strong><strong>Le traitement des donn\u00e9es est obligatoire pour remplir son obligation l\u00e9gale \u00bb<\/strong><strong> \u00e0 l&#039;exigence de traitement des donn\u00e9es <\/strong>bas\u00e9 sur; Vos donn\u00e9es personnelles peuvent \u00eatre transf\u00e9r\u00e9es \u00e0 des institutions et organismes publics autoris\u00e9s, notamment le minist\u00e8re de la Sant\u00e9, aux fins d&#039;\u00e9mettre des d\u00e9clarations et des notifications l\u00e9gales, de faire des notifications dans le cadre de l&#039;ex\u00e9cution des proc\u00e9dures d&#039;enregistrement, de traitement et de diagnostic des patients, et de remplir les obligations l\u00e9gales et les demandes des tribunaux et des institutions et organismes publics demandant des informations.<\/li><\/ul>\n\n\n\n<ul><li><strong>Article 5\/2 (e) de la loi KVK<\/strong><strong> organis\u00e9 &quot;<\/strong><strong>pour la constatation, l&#039;exercice ou la protection d&#039;un droit \u00bb<\/strong><strong> <\/strong>en fonction de la condition de traitement des donn\u00e9es\u00a0; Vos donn\u00e9es personnelles seront transf\u00e9r\u00e9es \u00e0 des cabinets d&#039;avocats et \u00e0 d&#039;autres consultants pour \u00eatre un moyen de preuve dans d&#039;\u00e9ventuels litiges, pour recevoir des conseils juridiques et un support technique.<\/li><li><strong>L&#039;&quot;int\u00e9r\u00eat l\u00e9gitime&quot; r\u00e9gi par l&#039;article 5\/2(f) de la loi KVK<\/strong> en fonction de la condition de traitement des donn\u00e9es\u00a0; Vos donn\u00e9es personnelles peuvent \u00eatre transf\u00e9r\u00e9es \u00e0 des prestataires de services nationaux aux fins de mener des activit\u00e9s de communication, de mener des processus de stockage et d&#039;archivage, de fournir des services de messagerie d&#039;entreprise, de fournir un stockage de donn\u00e9es \u00e9lectronique ou physique, des services ou des syst\u00e8mes de sauvegarde.<\/li><\/ul>\n\n\n\n<ul><li><strong>Traitement des donn\u00e9es de sant\u00e9 r\u00e9gi par l&#039;article 6\/3 de la loi KVK <\/strong>fond\u00e9 sur un motif juridique\u00a0; Vos donn\u00e9es personnelles sp\u00e9ciales sont confidentielles aux fins de la protection de la sant\u00e9 publique, de la r\u00e9alisation de services de m\u00e9decine pr\u00e9ventive, de diagnostic m\u00e9dical, de traitement et de soins, de la r\u00e9alisation de processus de diagnostic et de traitement de maladies dans le cadre de la planification et de la gestion des services de sant\u00e9 et du financement, de la r\u00e9alisation d&#039;op\u00e9rations pour vos traitements, de planifier vos traitements et de vous fournir nos services.Elles peuvent \u00eatre c\u00e9d\u00e9es \u00e0 des personnes tenues de les conserver, \u00e0 des institutions et organismes publics habilit\u00e9s.<\/li><\/ul>\n\n\n\n<ul><li><strong>Sur la base de la raison l\u00e9gale du \u00ab\u00a0consentement explicite\u00a0\u00bb r\u00e9glement\u00e9e \u00e0 l&#039;article 6\/2 de la loi KVK\u00a0;<\/strong> Vos donn\u00e9es personnelles de nature particuli\u00e8re peuvent \u00eatre transf\u00e9r\u00e9es \u00e0 des prestataires de services nationaux en position de traitement de donn\u00e9es \u00e0 des fins de cr\u00e9ation et de suivi \u00e9lectronique de votre dossier patient, d&#039;informations de diagnostic et de traitement, d&#039;informations sur les op\u00e9rations th\u00e9rapeutiques et d&#039;enregistrement d&#039;informations sur les proc\u00e9dures m\u00e9dicales, de stockage \u00e9lectronique de donn\u00e9es, de sauvegarde services ou syst\u00e8mes. . Ces prestataires de services ne sont pas autoris\u00e9s \u00e0 stocker ou \u00e0 utiliser vos donn\u00e9es personnelles \u00e0 d&#039;autres fins et seront toujours tenus de garder vos donn\u00e9es personnelles s\u00e9curis\u00e9es et confidentielles.<\/li><\/ul>\n\n\n\n<ul><li><strong>8\/1 de la loi KVK. &quot;Consentement explicite&quot; r\u00e9glement\u00e9 dans l&#039;article <\/strong>Sur la base des conditions de traitement des donn\u00e9es, vos donn\u00e9es personnelles peuvent \u00eatre transf\u00e9r\u00e9es \u00e0 des tiers via des comptes de m\u00e9dias sociaux (Instagram, Facebook, Twitter, etc.) dans le cadre d&#039;activit\u00e9s de publicit\u00e9, de marketing et de promotion de produits et\/ou services.<\/li><\/ul>\n\n\n\n<ul><li><strong>9\/1 de la loi KVK. &quot;Consentement explicite&quot; r\u00e9glement\u00e9 dans l&#039;article<\/strong> Sur la base des conditions de traitement des donn\u00e9es, vos donn\u00e9es personnelles peuvent \u00eatre transf\u00e9r\u00e9es \u00e0 des prestataires de services bas\u00e9s \u00e0 l&#039;\u00e9tranger via des comptes de m\u00e9dias sociaux (Instagram, Facebook, Twitter, etc.) \u00e0 des fins de publicit\u00e9, de marketing et d&#039;activit\u00e9s promotionnelles de produits et\/ou services.<\/li><\/ul>\n\n\n\n<ul><li><strong>9\/1 de la loi KVK. Sur la base de la condition de traitement des donn\u00e9es de \u00ab\u00a0consentement explicite\u00a0\u00bb \u00e9nonc\u00e9e \u00e0 l&#039;article<\/strong>; Vos donn\u00e9es personnelles peuvent \u00eatre transf\u00e9r\u00e9es \u00e0 l&#039;\u00e9tranger. Vos donn\u00e9es personnelles, que vous partagez dans le but de communiquer avec notre clinique via WhatsApp et de partager des donn\u00e9es personnelles, afin de mener \u00e0 bien des activit\u00e9s de communication.<strong> \u00e0 l&#039;\u00e9tranger (Whatsapp USA LLC) <\/strong>transf\u00e9rable. Nous tenons \u00e0 souligner que, il est suppos\u00e9 que vous savez que vos donn\u00e9es personnelles seront transf\u00e9r\u00e9es \u00e0 l&#039;\u00e9tranger si vous contactez notre clinique avec l&#039;application Whatsapp dont les serveurs sont situ\u00e9s \u00e0 l&#039;\u00e9tranger. Vos donn\u00e9es personnelles ne sont pas stock\u00e9es dans l&#039;application par laquelle vous communiquez avec notre Clinique. Pour plus d&#039;informations, vous pouvez lire la politique de confidentialit\u00e9 des applications Whatsapp.<\/li><\/ul>\n\n\n\n<p><a><\/a><strong>STOCKAGE DE VOS DONNEES PERSONNELLES<\/strong><\/p>\n\n\n\n<p>Vos donn\u00e9es personnelles, sur la base de l&#039;une des conditions de traitement des donn\u00e9es sp\u00e9cifi\u00e9es dans les articles 5 et 6 de la loi KVK et conform\u00e9ment aux principes g\u00e9n\u00e9raux sp\u00e9cifi\u00e9s dans l&#039;article 4 de la loi KVK, en particulier pour la p\u00e9riode stipul\u00e9e dans la l\u00e9gislation pertinente ou requise \u00e0 cet effet, conform\u00e9ment \u00e0 la loi KVK. Il est stock\u00e9 et d\u00e9truit dans le d\u00e9lai de destruction, en tenant compte des p\u00e9riodes sp\u00e9cifi\u00e9es dans la politique de stockage et d&#039;\u00e9limination r\u00e9glement\u00e9e conform\u00e9ment \u00e0 l&#039;article 7 de la loi.<\/p>\n\n\n\n<p><strong>VOS DROITS SUR VOS DONNEES PERSONNELLES<\/strong><\/p>\n\n\n\n<p>En tant que propri\u00e9taire de donn\u00e9es personnelles\u00a0:<\/p>\n\n\n\n<ul><li>Savoir si vos donn\u00e9es personnelles sont trait\u00e9es,<\/li><li>Si vos donn\u00e9es personnelles ont \u00e9t\u00e9 trait\u00e9es, demander des informations \u00e0 ce sujet,<\/li><li>Pour conna\u00eetre la finalit\u00e9 du traitement de vos donn\u00e9es personnelles et savoir si elles sont utilis\u00e9es conform\u00e9ment \u00e0 la finalit\u00e9,<\/li><li>Conna\u00eetre les tiers auxquels vos donn\u00e9es personnelles sont transf\u00e9r\u00e9es, dans le pays ou \u00e0 l&#039;\u00e9tranger,<\/li><li>Demander la correction de vos donn\u00e9es personnelles en cas de traitement incomplet ou incorrect et demander la notification de la transaction effectu\u00e9e dans ce cadre aux tiers auxquels vos donn\u00e9es personnelles ont \u00e9t\u00e9 transf\u00e9r\u00e9es,<\/li><li>Demander la suppression ou la destruction de vos donn\u00e9es personnelles dans le cas o\u00f9 les raisons n\u00e9cessitant leur traitement disparaissent, bien qu&#039;elles aient \u00e9t\u00e9 trait\u00e9es conform\u00e9ment aux dispositions de la loi n\u00b0 6698 et d&#039;autres lois pertinentes, et demander la notification de la transaction faites dans ce cadre aux tiers auxquels vos donn\u00e9es personnelles ont \u00e9t\u00e9 transf\u00e9r\u00e9es,<\/li><li>S&#039;opposer \u00e0 l&#039;\u00e9mergence d&#039;un r\u00e9sultat contre vous en analysant les donn\u00e9es trait\u00e9es exclusivement par le biais de syst\u00e8mes automatis\u00e9s,<\/li><li>Vous avez le droit d&#039;exiger l&#039;indemnisation du dommage en cas de perte due \u00e0 un traitement illicite des donn\u00e9es personnelles.<\/li><\/ul>\n\n\n\n<p><strong>CANDIDATURE AU SP\u00c9CIALISTE DES DONN\u00c9ES<\/strong><\/p>\n\n\n\n<p>En tant que propri\u00e9taires de donn\u00e9es personnelles, vous pouvez soumettre vos demandes concernant vos droits par \u00e9crit ou conform\u00e9ment au paragraphe 1 de l&#039;article 13 de la loi KVK. <a href=\"https:\/\/www.resmigazete.gov.tr\/eskiler\/2018\/03\/20180310-6.htm\">Communiqu\u00e9 sur les proc\u00e9dures et principes d&#039;application au responsable du traitement<\/a>(https:\/\/www.resmigazete.gov.tr\/eskiler\/2018\/03\/20180310-6.htm) Notre Clinique conclura gratuitement la demande dans les meilleurs d\u00e9lais et au plus tard dans les trente jours, selon la nature de la demande. . Toutefois, si le processus n\u00e9cessite un co\u00fbt suppl\u00e9mentaire, les frais figurant dans le tarif d\u00e9termin\u00e9 par l&#039;Autorit\u00e9 de protection des donn\u00e9es personnelles seront factur\u00e9s par la Clinique.<\/p>\n\n\n\n<p>Afin d&#039;utiliser vos droits mentionn\u00e9s ci-dessus, votre demande comprenant les informations n\u00e9cessaires identifiant votre identit\u00e9 et vos explications concernant votre droit que vous demandez d&#039;exercer parmi les droits sp\u00e9cifi\u00e9s \u00e0 l&#039;article 11 de la loi KVK\u00a0; Vous pouvez remplir le formulaire de demande sur notre site Web et en envoyer une copie sign\u00e9e \u00e0 notre adresse, l&#039;envoyer en personne ou le faire parvenir \u00e0 notre adresse par l&#039;interm\u00e9diaire d&#039;un notaire public.<\/p>\n\n\n\n<p>Les coordonn\u00e9es de notre clinique sont les suivantes :<strong><\/strong><\/p>\n\n\n\n<p><strong>Dentiste \u2013 Can Tokman<\/strong><\/p>\n\n\n\n<p><strong>Adresse:<\/strong> Abdi Ipek\u00e7i Cad. Reas\u00fcrans Han 2, Nr.: 61, Etage 6, Te\u015fvikiye \u2013 Istanbul<\/p>\n\n\n\n<p><strong>T\u00e9l\u00e9phone:<\/strong> +90 212 234 9234<\/p>\n\n\n\n<p><a><\/a><strong>Adresse e-mail:<\/strong> info@cantokman.com<\/p>","protected":false},"excerpt":{"rendered":"<p>Conform\u00e9ment \u00e0 la loi n \u00b0 6698 sur la protection des donn\u00e9es personnelles (\u00abloi KVK\u00bb), vos donn\u00e9es personnelles peuvent \u00eatre trait\u00e9es par le dentiste - Can Tokman (\u00abKlinik\u00bb), qui a le titre de \u00abcontr\u00f4leur de donn\u00e9es\u00bb , dans le cadre d\u00e9crit ci-dessous. VOS DONN\u00c9ES PERSONNELLES TRAIT\u00c9ES Conform\u00e9ment \u00e0 la loi KVK et aux r\u00e9glementations secondaires, vos donn\u00e9es personnelles ci-dessous seront trait\u00e9es dans le cadre des finalit\u00e9s et des raisons l\u00e9gales sp\u00e9cifi\u00e9es dans le texte de clarification. Identit\u00e9 (Nom [\u2026]<\/p>","protected":false},"author":3,"featured_media":0,"parent":0,"menu_order":0,"comment_status":"closed","ping_status":"closed","template":"","meta":[],"aioseo_notices":[],"_links":{"self":[{"href":"https:\/\/www.cantokman.com\/fr\/wp-json\/wp\/v2\/pages\/292"}],"collection":[{"href":"https:\/\/www.cantokman.com\/fr\/wp-json\/wp\/v2\/pages"}],"about":[{"href":"https:\/\/www.cantokman.com\/fr\/wp-json\/wp\/v2\/types\/page"}],"author":[{"embeddable":true,"href":"https:\/\/www.cantokman.com\/fr\/wp-json\/wp\/v2\/users\/3"}],"replies":[{"embeddable":true,"href":"https:\/\/www.cantokman.com\/fr\/wp-json\/wp\/v2\/comments?post=292"}],"version-history":[{"count":1,"href":"https:\/\/www.cantokman.com\/fr\/wp-json\/wp\/v2\/pages\/292\/revisions"}],"predecessor-version":[{"id":293,"href":"https:\/\/www.cantokman.com\/fr\/wp-json\/wp\/v2\/pages\/292\/revisions\/293"}],"wp:attachment":[{"href":"https:\/\/www.cantokman.com\/fr\/wp-json\/wp\/v2\/media?parent=292"}],"curies":[{"name":"wp","href":"https:\/\/api.w.org\/{rel}","templated":true}]}}