{"id":290,"date":"2022-07-18T10:43:30","date_gmt":"2022-07-18T10:43:30","guid":{"rendered":"http:\/\/www.cantokman.com\/?page_id=290"},"modified":"2022-07-18T10:43:31","modified_gmt":"2022-07-18T10:43:31","slug":"kisisel-verilerin-islenmesi-hasta-acik-riza-beyani","status":"publish","type":"page","link":"https:\/\/www.cantokman.com\/fr\/declaration-ouverte-de-consentement-du-patient-au-traitement-des-donnees-personnelles\/","title":{"rendered":"<strong>TRAITEMENT DES DONN\u00c9ES PERSONNELLES D\u00c9CLARATION DE CONSENTEMENT EXPRESS DU PATIENT<\/strong>"},"content":{"rendered":"<p>Dans le cadre de la loi n\u00b0 6698 sur la protection des donn\u00e9es personnelles (loi KVK) et du texte de clarification qui m&#039;a \u00e9t\u00e9 pr\u00e9sent\u00e9, mes donn\u00e9es personnelles et les donn\u00e9es personnelles sensibles <strong>Dentiste \u2013 Can Tokman <\/strong>(&quot;<strong>Clinique<\/strong>Je consens \u00e0 son traitement et \u00e0 sa transmission par<\/p>\n\n\n\n<ul><li>J&#039;autorise le traitement de mes donn\u00e9es personnelles dans le but de les partager sur des comptes de r\u00e9seaux sociaux, qui sont des canaux publics en ligne, dans le cadre de la r\u00e9alisation d&#039;activit\u00e9s de publicit\u00e9, de marketing et de promotion de produits et\/ou services, et de les transf\u00e9rer \u00e0 des tiers et les prestataires de services \u00e9trangers via les comptes de m\u00e9dias sociaux (Instagram, Facebook, Twitter, etc.). .<\/li><\/ul>\n\n\n\n<ul><li>Transf\u00e9rer mes donn\u00e9es personnelles sensibles aux prestataires de services nationaux des sous-traitants aux fins de cr\u00e9er et de surveiller \u00e9lectroniquement mon dossier patient, d&#039;enregistrer des informations de diagnostic et de traitement, des informations sur les op\u00e9rations th\u00e9rapeutiques et des informations sur les proc\u00e9dures m\u00e9dicales, de fournir un stockage \u00e9lectronique des donn\u00e9es, des services ou des syst\u00e8mes de sauvegarde. J&#039;approuve.<\/li><\/ul>\n\n\n\n<p><em>Dans le cadre des processus \u00e9nonc\u00e9s dans le pr\u00e9sent texte de consentement explicite, vos donn\u00e9es personnelles seront trait\u00e9es sur la base de la raison l\u00e9gale du \u00ab\u00a0consentement explicite\u00a0\u00bb r\u00e9glement\u00e9e dans l&#039;article 5\/1 et l&#039;article 6\/2 de la loi n\u00b0 6698. Vous peut toujours retirer votre consentement expr\u00e8s concernant le traitement de vos donn\u00e9es personnelles en vous adressant \u00e0 notre soci\u00e9t\u00e9.Vous disposez d&#039;un droit de r\u00e9tractation.<\/em><\/p>","protected":false},"excerpt":{"rendered":"<p>J&#039;approuve le traitement et le transfert de mes donn\u00e9es personnelles et des donn\u00e9es personnelles sensibles par le Dentiste \u2013 Can Tokman (&quot;Klinik&quot;) dans le cadre de la loi n\u00b0 6698 sur la protection des donn\u00e9es personnelles (loi KVK) et du texte de clarification qui m&#039;a \u00e9t\u00e9 pr\u00e9sent\u00e9. Traiter et partager mes donn\u00e9es personnelles sur des comptes de m\u00e9dias sociaux, qui sont des canaux publics en ligne, dans le cadre d&#039;activit\u00e9s de publicit\u00e9, de marketing et de promotion de produits et\/ou services.<\/p>","protected":false},"author":3,"featured_media":0,"parent":0,"menu_order":0,"comment_status":"closed","ping_status":"closed","template":"","meta":[],"aioseo_notices":[],"_links":{"self":[{"href":"https:\/\/www.cantokman.com\/fr\/wp-json\/wp\/v2\/pages\/290"}],"collection":[{"href":"https:\/\/www.cantokman.com\/fr\/wp-json\/wp\/v2\/pages"}],"about":[{"href":"https:\/\/www.cantokman.com\/fr\/wp-json\/wp\/v2\/types\/page"}],"author":[{"embeddable":true,"href":"https:\/\/www.cantokman.com\/fr\/wp-json\/wp\/v2\/users\/3"}],"replies":[{"embeddable":true,"href":"https:\/\/www.cantokman.com\/fr\/wp-json\/wp\/v2\/comments?post=290"}],"version-history":[{"count":1,"href":"https:\/\/www.cantokman.com\/fr\/wp-json\/wp\/v2\/pages\/290\/revisions"}],"predecessor-version":[{"id":291,"href":"https:\/\/www.cantokman.com\/fr\/wp-json\/wp\/v2\/pages\/290\/revisions\/291"}],"wp:attachment":[{"href":"https:\/\/www.cantokman.com\/fr\/wp-json\/wp\/v2\/media?parent=290"}],"curies":[{"name":"wp","href":"https:\/\/api.w.org\/{rel}","templated":true}]}}