{"id":273,"date":"2022-07-06T12:54:24","date_gmt":"2022-07-06T12:54:24","guid":{"rendered":"http:\/\/www.cantokman.com\/?page_id=273"},"modified":"2022-07-06T12:58:44","modified_gmt":"2022-07-06T12:58:44","slug":"veri-sahibi-basvuru-formu","status":"publish","type":"page","link":"https:\/\/www.cantokman.com\/fr\/formulaire-de-demande-de-detenteur-de-donnees\/","title":{"rendered":"Formulaire de demande de propri\u00e9taire de donn\u00e9es"},"content":{"rendered":"<p><em>Vous pouvez nous envoyer ce formulaire de candidature, en tant que responsable du traitement Dentiste \u2013 Can Tokman, via les canaux de communication que nous avons \u00e9num\u00e9r\u00e9s ci-dessous.<\/em><\/p>\n\n\n\n<p><strong><em>Envoi en recommand\u00e9 retourn\u00e9<\/em><\/strong><em>: Abdi \u0130pek\u00e7i Cad. Reas\u00fcrans Han 2, Nr.: 61, Etage 6, Te\u015fvikiye \u2013 Istanbul<\/em><\/p>\n\n\n\n<p><strong><em>NOTE IMPORTANTE<\/em><\/strong><em>: Les candidatures doivent \u00eatre personnelles. Conjoint, parents, enfants, etc. La demande ne peut \u00eatre faite au nom de. Si la clinique suspecte l&#039;identit\u00e9 du demandeur, elle peut demander des informations de v\u00e9rification \u00e0 la personne. Dans le cas o\u00f9 les informations concernant vos demandes que vous soumettez dans le cadre du formulaire ne sont pas correctes et \u00e0 jour, ou si une demande non autoris\u00e9e est faite, notre clinique d\u00e9cline toute responsabilit\u00e9 pour ces fausses informations ou demandes r\u00e9sultant de demandes non autoris\u00e9es. applications.<\/em><\/p>\n\n\n\n<ol type=\"1\"><li><strong>INFORMATIONS SUR LE DEMANDEUR<\/strong><\/li><\/ol>\n\n\n\n<p>Remplissez compl\u00e8tement les informations suivantes\u00a0:<\/p>\n\n\n\n<figure class=\"wp-block-table\"><table><tbody><tr><td>Nom et surnom<\/td><td>&nbsp;<\/td><\/tr><tr><td>Num\u00e9ro d&#039;identit\u00e9 turc<\/td><td>&nbsp;<\/td><\/tr><tr><td>Adresse<\/td><td>&nbsp;<\/td><\/tr><tr><td>T\u00e9l\u00e9phone mobile<\/td><td>&nbsp;<\/td><\/tr><tr><td>Adresse e-mail<\/td><td>&nbsp;<\/td><\/tr><tr><td>Votre relation avec notre clinique<\/td><td>&nbsp;&nbsp; \u20dd Visiteur<\/td><td>&nbsp;&nbsp; \u20dd Client<\/td><td>&nbsp;&nbsp;&nbsp; \u20dd Employ\u00e9<\/td><td>&nbsp;&nbsp;&nbsp; \u20ddAutre : \u2026<\/td><\/tr><tr><td>&nbsp;&nbsp; \u20ddCandidat salari\u00e9<\/td><td>&nbsp;&nbsp; \u20dd Fournisseur<\/td><td>&nbsp;&nbsp; \u20dd Employ\u00e9 client\/fournisseur<\/td><td>&nbsp;<\/td><\/tr><tr><td>Votre relation avec notre clinique a-t-elle pris fin\u00a0?<\/td><td>&nbsp;<\/td><\/tr><\/tbody><\/table><\/figure>\n\n\n\n<ul><li><strong>DEMANDES DU DEMANDEUR<\/strong><\/li><\/ul>\n\n\n\n<p>Veuillez d\u00e9tailler votre demande ci-dessous dans le cadre de la loi sur la protection des donn\u00e9es personnelles\u00a0:<\/p>\n\n\n\n<p>\u2026\u2026\u2026\u2026\u2026\u2026\u2026\u2026\u2026\u2026\u2026\u2026\u2026\u2026\u2026\u2026\u2026\u2026\u2026\u2026\u2026\u2026\u2026\u2026\u2026\u2026\u2026\u2026\u2026\u2026\u2026\u2026\u2026\u2026\u2026\u2026\u2026\u2026\u2026. \u2026\u2026\u2026\u2026\u2026\u2026\u2026\u2026\u2026\u2026\u2026\u2026\u2026\u2026\u2026 \u2026\u2026\u2026\u2026\u2026\u2026\u2026\u2026\u2026\u2026\u2026\u2026\u2026\u2026\u2026\u2026\u2026\u2026\u2026\u2026\u2026\u2026\u2026\u2026\u2026. \u2026\u2026\u2026\u2026\u2026\u2026\u2026\u2026\u2026\u2026\u2026\u2026\u2026\u2026\u2026\u2026\u2026\u2026\u2026\u2026\u2026\u2026\u2026\u2026\u2026\u2026\u2026 \u2026\u2026\u2026\u2026\u2026\u2026\u2026\u2026\u2026\u2026\u2026\u2026\u2026. \u2026\u2026\u2026\u2026\u2026\u2026\u2026\u2026\u2026\u2026\u2026\u2026\u2026\u2026\u2026\u2026\u2026\u2026\u2026\u2026\u2026\u2026\u2026\u2026\u2026\u2026\u2026\u2026\u2026\u2026\u2026\u2026\u2026\u2026\u2026\u2026 \u2026. \u2026\u2026\u2026\u2026\u2026\u2026\u2026\u2026\u2026\u2026\u2026\u2026\u2026\u2026\u2026..\u2026\u2026\u2026\u2026\u2026\u2026\u2026\u2026\u2026\u2026\u2026\u2026\u2026\u2026\u2026\u2026\u2026\u2026\u2026\u2026. \u2026\u2026\u2026\u2026\u2026\u2026\u2026\u2026\u2026\u2026\u2026\u2026\u2026 \u2026\u2026\u2026\u2026\u2026\u2026\u2026\u2026\u2026\u2026\u2026\u2026\u2026\u2026\u2026\u2026\u2026\u2026\u2026\u2026\u2026\u2026\u2026\u2026\u2026\u2026\u2026. \u2026\u2026\u2026\u2026\u2026\u2026\u2026\u2026\u2026\u2026\u2026\u2026\u2026\u2026\u2026\u2026\u2026\u2026\u2026\u2026\u2026\u2026\u2026\u2026\u2026 \u2026\u2026\u2026\u2026\u2026\u2026\u2026\u2026\u2026\u2026\u2026\u2026\u2026\u2026\u2026\u2026\u2026\u2026\u2026\u2026\u2026\u2026\u2026\u2026\u2026\u2026\u2026\u2026\u2026\u2026\u2026\u2026\u2026\u2026\u2026\u2026\u2026\u2026\u2026\u2026\u2026\u2026\u2026\u2026\u2026\u2026\u2026\u2026\u2026\u2026\u2026\u2026\u2026\u2026 .\u2026\u2026\u2026\u2026\u2026\u2026\u2026\u2026\u2026\u2026\u2026\u2026\u2026\u2026\u2026\u2026\u2026\u2026\u2026\u2026\u2026\u2026\u2026\u2026\u2026\u2026\u2026\u2026\u2026\u2026\u2026\u2026\u2026\u2026\u2026..\u2026\u2026\u2026\u2026\u2026\u2026\u2026. \u2026\u2026\u2026\u2026 \u2026\u2026\u2026\u2026\u2026\u2026\u2026\u2026\u2026\u2026\u2026\u2026\u2026\u2026\u2026\u2026\u2026\u2026\u2026\u2026\u2026\u2026\u2026\u2026\u2026\u2026\u2026\u2026\u2026\u2026\u2026\u2026\u2026. \u2026\u2026\u2026\u2026\u2026\u2026\u2026\u2026\u2026\u2026\u2026\u2026\u2026\u2026\u2026\u2026 \u2026\u2026\u2026\u2026\u2026\u2026\u2026\u2026\u2026\u2026\u2026\u2026\u2026\u2026\u2026\u2026\u2026\u2026\u2026\u2026\u2026. \u2026\u2026\u2026\u2026\u2026\u2026\u2026\u2026\u2026\u2026\u2026\u2026\u2026\u2026\u2026\u2026\u2026\u2026\u2026\u2026\u2026\u2026\u2026\u2026\u2026\u2026\u2026\u2026\u2026\u2026\u2026 \u2026\u2026\u2026\u2026\u2026\u2026\u2026\u2026\u2026. \u2026\u2026\u2026\u2026\u2026\u2026\u2026\u2026\u2026\u2026\u2026\u2026\u2026\u2026\u2026\u2026\u2026\u2026\u2026\u2026\u2026\u2026\u2026\u2026\u2026\u2026\u2026\u2026\u2026\u2026\u2026\u2026\u2026\u2026\u2026\u2026\u2026. \u2026\u2026 \u2026\u2026\u2026\u2026\u2026\u2026\u2026\u2026\u2026\u2026\u2026\u2026\u2026\u2026\u2026\u2026\u2026\u2026\u2026\u2026\u2026\u2026\u2026\u2026\u2026\u2026\u2026\u2026\u2026\u2026\u2026\u2026\u2026\u2026\u2026\u2026.<\/p>\n\n\n\n<p>Pr\u00e9cisez les documents qui forment la base de votre demande, le cas \u00e9ch\u00e9ant\u00a0:<\/p>\n\n\n\n<p><strong>Annexe 1:<\/strong>\u2026\u2026\u2026\u2026\u2026\u2026\u2026\u2026\u2026\u2026<\/p>\n\n\n\n<p><strong>Annexe-2\u00a0:<\/strong>\u2026\u2026\u2026\u2026\u2026\u2026\u2026\u2026\u2026\u2026<\/p>\n\n\n\n<p><strong>Annexe-3\u00a0:<\/strong>\u2026\u2026\u2026\u2026\u2026\u2026\u2026\u2026\u2026\u2026<\/p>\n\n\n\n<ul><li><strong>D\u00c9CLARATION DU DEMANDEUR<\/strong><\/li><\/ul>\n\n\n\n<p>Conform\u00e9ment aux demandes susmentionn\u00e9es, je vous prie de bien vouloir \u00e9valuer ma candidature \u00e0 votre clinique et de m&#039;en informer.<\/p>\n\n\n\n<p>Je d\u00e9clare et m&#039;engage \u00e0 ce que les documents et informations que je vous ai fournis dans cette candidature soient exacts, \u00e0 jour et m&#039;appartiennent. Je consens au traitement des informations et des documents que j&#039;ai fournis dans le formulaire de candidature par votre Clinique, limit\u00e9 aux fins d&#039;\u00e9valuation et de r\u00e9ponse \u00e0 ma candidature, de livraison de ma candidature et de d\u00e9termination de mon identit\u00e9 et de mon adresse.<\/p>\n\n\n\n<p><strong>Je souhaite que la candidature re\u00e7oive une r\u00e9ponse de l&#039;une des mani\u00e8res que j&#039;ai indiqu\u00e9es ci-dessous<\/strong><\/p>\n\n\n\n<figure class=\"wp-block-table\"><table><tbody><tr><td>&nbsp; \u20dd<\/td><td>Je demande que la r\u00e9ponse soit envoy\u00e9e \u00e0 l&#039;adresse que j&#039;ai indiqu\u00e9e dans le formulaire de demande.<\/td><\/tr><tr><td>&nbsp;&nbsp;&nbsp;&nbsp; \u20dd<\/td><td>Je demande que la r\u00e9ponse soit envoy\u00e9e \u00e0 mon adresse e-mail que j&#039;ai indiqu\u00e9e dans le formulaire de candidature. (<em>Nous pourrons vous r\u00e9pondre plus rapidement si vous choisissez la m\u00e9thode e-mail.<\/em>.)<\/td><\/tr><tr><td>&nbsp;&nbsp;&nbsp;&nbsp; \u20dd<\/td><td>Je veux le recevoir en main propre. (<em>En cas de r\u00e9ception par procuration, une procuration notari\u00e9e ou un document d&#039;autorisation notari\u00e9 est requis. Les proches de la personne tels que le conjoint ou le p\u00e8re ne sont jamais inform\u00e9s.<\/em>.)<\/td><\/tr><\/tbody><\/table><\/figure>\n\n\n\n<p>Nom et pr\u00e9nom du demandeur (propri\u00e9taire des donn\u00e9es personnelles)\u00a0:<\/p>\n\n\n\n<p>Date de la demande:<\/p>\n\n\n\n<p>Signature:<\/p>","protected":false},"excerpt":{"rendered":"<p>Vous pouvez nous envoyer ce formulaire de candidature, en tant que responsable du traitement Dentiste \u2013 Can Tokman, via les canaux de communication que nous avons \u00e9num\u00e9r\u00e9s ci-dessous. Exp\u00e9dition enregistr\u00e9e et retourn\u00e9e : Abdi \u0130pek\u00e7i Cad. Reas\u00fcrans Han 2, Nr.: 61, Etage 6, Te\u015fvikiye \u2013 Istanbul REMARQUE IMPORTANTE : Les candidatures doivent \u00eatre personnelles. Conjoint, parents, enfants, etc. La demande ne peut \u00eatre faite au nom de. Si la clinique soup\u00e7onne l&#039;identit\u00e9 du demandeur, [\u2026]<\/p>","protected":false},"author":3,"featured_media":0,"parent":0,"menu_order":0,"comment_status":"closed","ping_status":"closed","template":"pages\/page-full.php","meta":[],"aioseo_notices":[],"_links":{"self":[{"href":"https:\/\/www.cantokman.com\/fr\/wp-json\/wp\/v2\/pages\/273"}],"collection":[{"href":"https:\/\/www.cantokman.com\/fr\/wp-json\/wp\/v2\/pages"}],"about":[{"href":"https:\/\/www.cantokman.com\/fr\/wp-json\/wp\/v2\/types\/page"}],"author":[{"embeddable":true,"href":"https:\/\/www.cantokman.com\/fr\/wp-json\/wp\/v2\/users\/3"}],"replies":[{"embeddable":true,"href":"https:\/\/www.cantokman.com\/fr\/wp-json\/wp\/v2\/comments?post=273"}],"version-history":[{"count":2,"href":"https:\/\/www.cantokman.com\/fr\/wp-json\/wp\/v2\/pages\/273\/revisions"}],"predecessor-version":[{"id":278,"href":"https:\/\/www.cantokman.com\/fr\/wp-json\/wp\/v2\/pages\/273\/revisions\/278"}],"wp:attachment":[{"href":"https:\/\/www.cantokman.com\/fr\/wp-json\/wp\/v2\/media?parent=273"}],"curies":[{"name":"wp","href":"https:\/\/api.w.org\/{rel}","templated":true}]}}