{"id":270,"date":"2022-07-06T12:45:53","date_gmt":"2022-07-06T12:45:53","guid":{"rendered":"http:\/\/www.cantokman.com\/?page_id=270"},"modified":"2022-07-06T12:59:01","modified_gmt":"2022-07-06T12:59:01","slug":"aydinlatma-metni","status":"publish","type":"page","link":"https:\/\/www.cantokman.com\/fr\/texte-eclairage\/","title":{"rendered":"Texte d&#039;illumination"},"content":{"rendered":"<p><\/p>\n\n\n\n<p><strong>Dentiste \u2013 Can Tokman<\/strong> <strong>(&quot;Clinique&quot;)<\/strong> Nous attachons de l&#039;importance \u00e0 la s\u00e9curit\u00e9 de vos donn\u00e9es personnelles, que nous traitons en tant que responsable du traitement d\u00e9fini dans la loi n\u00b0 6698 sur la protection des donn\u00e9es personnelles (loi KVK). Par cons\u00e9quent, nous souhaitons vous informer sur le traitement de vos donn\u00e9es personnelles.<\/p>\n\n\n\n<p><strong>VOS DONN\u00c9ES PERSONNELLES TRAIT\u00c9ES<\/strong><\/p>\n\n\n\n<p>Conform\u00e9ment \u00e0 la loi KVK et aux r\u00e9glementations secondaires, vos donn\u00e9es personnelles ci-dessous seront trait\u00e9es dans le cadre des finalit\u00e9s et des raisons l\u00e9gales sp\u00e9cifi\u00e9es dans le texte de divulgation.<\/p>\n\n\n\n<ul><li>Identit\u00e9 <em>(Pr\u00e9nom \/ nom de famille)<\/em><\/li><li>Communication <em>(Adresse e-mail)<\/em><\/li><li>S\u00e9curit\u00e9 des transactions <em>(Informations sur l&#039;adresse IP, informations d&#039;entr\u00e9e et de sortie du site Web, heure \/ dur\u00e9e de connexion aux donn\u00e9es de trafic, etc.)<\/em><\/li><\/ul>\n\n\n\n<p>Toutes les autres informations que vous partagerez avec nous dans la case &quot;objet et message&quot; lors du formulaire de contact que vous remplissez seront trait\u00e9es et transf\u00e9r\u00e9es dans le cadre des finalit\u00e9s et de la raison l\u00e9gale expliqu\u00e9es dans ce Texte.<\/p>\n\n\n\n<p><strong>OBJET ET RAISONS L\u00c9GALES DU TRAITEMENT DE VOS DONN\u00c9ES PERSONNELLES<\/strong><\/p>\n\n\n\n<p><strong>Obligations l\u00e9gales:<\/strong> Vos donn\u00e9es personnelles, KVK Law m. Sur la base de la raison l\u00e9gale sp\u00e9cifi\u00e9e \u00e0 l&#039;article 5\/2 (\u00e7), elles peuvent \u00eatre trait\u00e9es, transf\u00e9r\u00e9es et stock\u00e9es pendant la p\u00e9riode stipul\u00e9e dans la l\u00e9gislation pertinente ou requise \u00e0 cette fin, si toute disposition l\u00e9gislative \u00e0 laquelle la Clinique est soumise l&#039;exige.<\/p>\n\n\n\n<p><strong>R\u00e9solution des litiges\u00a0:<\/strong> Vos donn\u00e9es personnelles, KVK Law m. Elles sont trait\u00e9es et partag\u00e9es avec les autorit\u00e9s judiciaires comp\u00e9tentes afin de prouver que les transactions sont effectu\u00e9es conform\u00e9ment \u00e0 la loi et que les obligations l\u00e9gales sont remplies, sur la base de la raison l\u00e9gale de l&#039;\u00e9tablissement, de l&#039;utilisation ou de la protection d&#039;un droit sp\u00e9cifi\u00e9 \u00e0 l&#039;article 5. \/2(e).<\/p>\n\n\n\n<p><strong>Processus contractuels\u00a0: <\/strong>Vos donn\u00e9es personnelles, KVK Law m. Elles sont trait\u00e9es aux fins d&#039;\u00e9tablissement ou d&#039;ex\u00e9cution des contrats auxquels la Clinique est partie, aux fins d&#039;ex\u00e9cution de la demande, des achats et des ventes, des travaux financiers et comptables, sur la base de la raison juridique de l&#039;\u00e9tablissement ou de l&#039;ex\u00e9cution d&#039;un contrat sp\u00e9cifi\u00e9es \u00e0 l&#039;article 5\/2, point c), et les finalit\u00e9s stipul\u00e9es dans la l\u00e9gislation pertinente ou pr\u00e9vues peuvent \u00eatre conserv\u00e9es aussi longtemps que n\u00e9cessaire.<\/p>\n\n\n\n<p><strong>Am\u00e9lioration des Services et Satisfaction Client :<\/strong> Vos donn\u00e9es personnelles, KVK Law m. Elles peuvent \u00eatre trait\u00e9es dans le but d&#039;\u00e9valuer vos r\u00e9clamations et suggestions sur la base de la raison l\u00e9gale d&#039;int\u00e9r\u00eat l\u00e9gitime r\u00e9glement\u00e9e \u00e0 l&#039;article 5\/2 (f), d&#039;assurer votre satisfaction et de prendre des mesures pour augmenter la qualit\u00e9 du service, d&#039;am\u00e9liorer les services et d&#039;assurer la satisfaction, et de mener \u00e0 bien activit\u00e9s bas\u00e9es sur des objectifs de communication.<\/p>\n\n\n\n<p><strong>TRANSFERT DE VOS DONNEES PERSONNELLES<\/strong><\/p>\n\n\n\n<p>Vos donn\u00e9es personnelles collect\u00e9es peuvent \u00eatre transf\u00e9r\u00e9es dans le cadre des conditions de traitement des donn\u00e9es personnelles r\u00e9gies par les articles 8 et 9 de la loi KVK.<\/p>\n\n\n\n<ul><li>Elles peuvent \u00eatre partag\u00e9es avec des institutions et organisations publiques autoris\u00e9es qui demandent des informations dans le cadre de l&#039;ex\u00e9cution de nos obligations l\u00e9gales sur la base de la raison l\u00e9gale de &quot;l&#039;ex\u00e9cution des obligations l\u00e9gales du responsable du traitement&quot; r\u00e9glement\u00e9e \u00e0 l&#039;article 5\/2 (\u00e7) du KVK Droit.<\/li><li>Il peut \u00eatre transf\u00e9r\u00e9 \u00e0 des cabinets d&#039;avocats et \u00e0 d&#039;autres consultants aux fins de fournir des preuves dans d&#039;\u00e9ventuels litiges fond\u00e9s sur la raison juridique, &quot;l&#039;\u00e9tablissement, l&#039;exercice ou la protection d&#039;un droit&quot; r\u00e9glement\u00e9 \u00e0 l&#039;article 5\/2 (e) de la loi KVK, \u00e0 obtenir des conseils juridiques et un soutien technique, et v\u00e9rifier si les parties respectent leurs obligations. .<\/li><li>Elles peuvent \u00eatre transf\u00e9r\u00e9es \u00e0 des prestataires de services nationaux afin d&#039;effectuer des processus de stockage et d&#039;archivage, de stockage de donn\u00e9es \u00e9lectroniques ou physiques, des services ou des syst\u00e8mes de sauvegarde dans le cadre de &quot;l&#039;int\u00e9r\u00eat l\u00e9gitime&quot; r\u00e9glement\u00e9 par l&#039;article 5\/2 (f) de la loi KVK.<\/li><\/ul>\n\n\n\n<p><strong>TRAITEMENT ET TRANSFERT D&#039;AUTRES INFORMATIONS PARTAG\u00c9ES DANS LA CASE \u00ab OBJET ET MESSAGE \u00bb<\/strong><\/p>\n\n\n\n<p>Dans le cadre des explications de ce texte ; sur l&#039;ensemble des donn\u00e9es que vous partagez avec nous dans la case \u00ab objet et message \u00bb du formulaire de contact que vous remplissez ; Conform\u00e9ment aux articles 5 et 6 de la loi KVK, vous serez r\u00e9put\u00e9 avoir consenti \u00e0 son traitement et \u00e0 son transfert dans le cadre des finalit\u00e9s contenues dans ce texte.<\/p>\n\n\n\n<p><strong>VOS DONN\u00c9ES PERSONNELLES PRIV\u00c9ES<\/strong><\/p>\n\n\n\n<p>Notre clinique recueille vos donn\u00e9es personnelles de nature particuli\u00e8re (race, origine ethnique, opinion politique, conviction philosophique, religion, secte ou autres convictions, tenue vestimentaire, appartenance \u00e0 une association, \u00e0 une fondation ou \u00e0 un syndicat, sant\u00e9, vie sexuelle, condamnation p\u00e9nale et mesures de s\u00e9curit\u00e9) lors du remplissage le formulaire de contact. ) n&#039;est pas \u00e0 demander. Merci de ne pas partager ces informations dans le formulaire de contact.<\/p>\n\n\n\n<p>Cependant, si vous partagez ces informations dans le formulaire de contact ; Conform\u00e9ment \u00e0 l&#039;article 6 de la loi KVK, vous serez r\u00e9put\u00e9 avoir consenti au traitement dans le cadre des finalit\u00e9s contenues dans ce texte.<\/p>\n\n\n\n<p><strong>MODE DE COLLECTE DE VOS DONNEES PERSONNELLES<\/strong><\/p>\n\n\n\n<p>Notre clinique peut collecter vos donn\u00e9es personnelles par voie \u00e9lectronique via le formulaire de contact du site internet dans le cadre des services qu&#039;elle vous propose et des finalit\u00e9s de traitement des donn\u00e9es \u00e9nonc\u00e9es ci-dessus.<\/p>\n\n\n\n<p><strong>STOCKAGE DE VOS DONNEES PERSONNELLES<\/strong><\/p>\n\n\n\n<p>Vos donn\u00e9es personnelles, sur la base de l&#039;une des conditions de traitement des donn\u00e9es sp\u00e9cifi\u00e9es dans les articles 5 et 6 de la loi KVK et conform\u00e9ment aux principes g\u00e9n\u00e9raux sp\u00e9cifi\u00e9s dans l&#039;article 4 de la loi KVK, en particulier pour la p\u00e9riode stipul\u00e9e dans la l\u00e9gislation pertinente ou requise \u00e0 cet effet, conform\u00e9ment \u00e0 la loi KVK. Il est stock\u00e9 et d\u00e9truit pendant la p\u00e9riode de destruction, en tenant compte des p\u00e9riodes sp\u00e9cifi\u00e9es dans la politique de stockage et d&#039;\u00e9limination r\u00e9glement\u00e9e conform\u00e9ment \u00e0 l&#039;article 7 de la loi.<\/p>\n\n\n\n<p><strong>VOS DROITS EN TANT QUE PERSONNE CONCERN\u00c9E<\/strong><\/p>\n\n\n\n<p>En postulant \u00e0 la Clinique en tant que propri\u00e9taire des donn\u00e9es ;<\/p>\n\n\n\n<ul><li>Savoir si vos donn\u00e9es personnelles sont trait\u00e9es,<\/li><li>Si vos donn\u00e9es personnelles ont \u00e9t\u00e9 trait\u00e9es, demander des informations \u00e0 ce sujet,<\/li><li>Pour conna\u00eetre la finalit\u00e9 du traitement de vos donn\u00e9es personnelles et savoir si elles sont utilis\u00e9es conform\u00e9ment \u00e0 la finalit\u00e9,<\/li><li>Conna\u00eetre les tiers auxquels vos donn\u00e9es personnelles sont transf\u00e9r\u00e9es, dans le pays ou \u00e0 l&#039;\u00e9tranger,<\/li><li>Demander la correction de vos donn\u00e9es personnelles en cas de traitement incomplet ou incorrect et demander la notification des transactions effectu\u00e9es dans ce cadre aux tiers auxquels vos donn\u00e9es personnelles ont \u00e9t\u00e9 transf\u00e9r\u00e9es,<\/li><li>Demander la suppression ou la destruction de vos donn\u00e9es personnelles dans le cas o\u00f9 les raisons n\u00e9cessitant leur traitement disparaissent, m\u00eame si elles ont \u00e9t\u00e9 trait\u00e9es conform\u00e9ment \u00e0 la loi n\u00b0<\/li><li>S&#039;opposer \u00e0 l&#039;\u00e9mergence d&#039;un r\u00e9sultat contre vous en analysant vos donn\u00e9es trait\u00e9es exclusivement par le biais de syst\u00e8mes automatis\u00e9s,<\/li><li>Vous avez le droit d&#039;exiger l&#039;indemnisation des dommages si vous subissez des dommages dus au traitement ill\u00e9gal de vos donn\u00e9es personnelles.<\/li><\/ul>\n\n\n\n<p>Vos demandes concernant vos droits \u00e9num\u00e9r\u00e9s ci-dessus <a href=\"http:\/\/www.resmigazete.gov.tr\/eskiler\/2018\/03\/20180310-6.htm\"><strong>Communiqu\u00e9 sur les proc\u00e9dures et principes d&#039;application au responsable du traitement<\/strong><\/a><strong>&#039;<\/strong>Si vous soumettez votre demande \u00e0 la Clinique conform\u00e9ment aux modalit\u00e9s de candidature pr\u00e9vues \u00e0 l&#039;article, la Clinique conclura gratuitement votre demande dans les meilleurs d\u00e9lais et au plus tard dans les 30 (trente) jours, selon sa nature. Toutefois, si le processus n\u00e9cessite un co\u00fbt suppl\u00e9mentaire, la Clinique peut facturer les frais dans le tarif d\u00e9termin\u00e9 par le Conseil de protection des donn\u00e9es personnelles.<\/p>\n\n\n\n<p>Nos coordonn\u00e9es :<\/p>\n\n\n\n<p><strong>Dentiste \u2013 Can Tokman<\/strong><\/p>\n\n\n\n<p><strong>Adresse:<\/strong> Abdi Ipek\u00e7i Cad. Reas\u00fcrans Han 2, Nr.: 61, Etage 6, Te\u015fvikiye \u2013 Istanbul<\/p>\n\n\n\n<p><strong>T\u00e9l\u00e9phone:<\/strong> +90 212 234 9234<\/p>\n\n\n\n<p><strong>Adresse e-mail:<\/strong> info@cantokman.com<\/p>","protected":false},"excerpt":{"rendered":"<p>En tant que Dentiste \u2013 Can Tokman (\u00ab Klinik \u00bb), nous attachons de l&#039;importance \u00e0 la s\u00e9curit\u00e9 de vos donn\u00e9es personnelles, que nous traitons en tant que responsable du traitement d\u00e9fini dans la loi n\u00b0 6698 sur la protection des donn\u00e9es personnelles (loi KVK). Par cons\u00e9quent, nous souhaitons vous informer sur le traitement de vos donn\u00e9es personnelles. VOS DONN\u00c9ES PERSONNELLES TRAIT\u00c9ES sont \u00e9num\u00e9r\u00e9es ci-dessous dans le cadre des finalit\u00e9s et des raisons juridiques \u00e9nonc\u00e9es dans le texte de clarification conform\u00e9ment \u00e0 la loi KVK et aux r\u00e9glementations secondaires.<\/p>","protected":false},"author":3,"featured_media":0,"parent":0,"menu_order":0,"comment_status":"closed","ping_status":"closed","template":"pages\/page-full.php","meta":[],"aioseo_notices":[],"_links":{"self":[{"href":"https:\/\/www.cantokman.com\/fr\/wp-json\/wp\/v2\/pages\/270"}],"collection":[{"href":"https:\/\/www.cantokman.com\/fr\/wp-json\/wp\/v2\/pages"}],"about":[{"href":"https:\/\/www.cantokman.com\/fr\/wp-json\/wp\/v2\/types\/page"}],"author":[{"embeddable":true,"href":"https:\/\/www.cantokman.com\/fr\/wp-json\/wp\/v2\/users\/3"}],"replies":[{"embeddable":true,"href":"https:\/\/www.cantokman.com\/fr\/wp-json\/wp\/v2\/comments?post=270"}],"version-history":[{"count":2,"href":"https:\/\/www.cantokman.com\/fr\/wp-json\/wp\/v2\/pages\/270\/revisions"}],"predecessor-version":[{"id":279,"href":"https:\/\/www.cantokman.com\/fr\/wp-json\/wp\/v2\/pages\/270\/revisions\/279"}],"wp:attachment":[{"href":"https:\/\/www.cantokman.com\/fr\/wp-json\/wp\/v2\/media?parent=270"}],"curies":[{"name":"wp","href":"https:\/\/api.w.org\/{rel}","templated":true}]}}