{"id":237,"date":"2022-07-06T10:52:59","date_gmt":"2022-07-06T10:52:59","guid":{"rendered":"http:\/\/www.cantokman.com\/?page_id=237"},"modified":"2022-07-06T10:57:35","modified_gmt":"2022-07-06T10:57:35","slug":"cerez-politikasi","status":"publish","type":"page","link":"https:\/\/www.cantokman.com\/fr\/cookie-policy\/","title":{"rendered":"Politique relative aux cookies"},"content":{"rendered":"<p><em>Date de mise \u00e0 jour\u00a0: 04.07.2022<\/em><\/p>\n\n\n\n<p><strong>Dentiste \u2013 Can Tokman <\/strong>(\u00e0 partir de maintenant &quot;<strong>cantokman.com<\/strong>\u201d), comme de nombreux sites Web, utilise des cookies pour permettre aux visiteurs de mieux d\u00e9couvrir le site Web.<\/p>\n\n\n\n<p>Cette politique en mati\u00e8re de cookies informe les visiteurs du site Web sur la d\u00e9finition du cookie, les types de cookies, <strong>cantokman.com<\/strong> Il a \u00e9t\u00e9 pr\u00e9par\u00e9 pour vous informer sur les cookies utilis\u00e9s par et sur la mani\u00e8re dont les pr\u00e9f\u00e9rences en mati\u00e8re de cookies peuvent \u00eatre g\u00e9r\u00e9es. Si l&#039;avertissement d&#039;utilisation des cookies sur le site Web est d\u00e9sactiv\u00e9 ou si le site Web continue d&#039;\u00eatre utilis\u00e9, les cookies sont r\u00e9put\u00e9s approuv\u00e9s.<\/p>\n\n\n\n<p>Si vous n&#039;approuvez pas l&#039;utilisation de cookies, nous vous demandons de ne pas continuer avec le site Web ou de modifier vos pr\u00e9f\u00e9rences en mati\u00e8re de cookies dans votre navigateur. Nous vous rappelons que certaines fonctionnalit\u00e9s du site Web peuvent perdre leur fonctionnalit\u00e9 si les cookies ne sont pas autoris\u00e9s.<\/p>\n\n\n\n<p><strong>QU&#039;EST-CE QU&#039;UN COOKIE (\u00ab COOKIE \u00bb)\u00a0?<\/strong><\/p>\n\n\n\n<p>Les cookies sont de petits fichiers texte qui sont stock\u00e9s sur votre ordinateur ou votre appareil mobile lorsque vous visitez un site Web. Ces fichiers contiennent votre adresse IP, vos informations de connexion, les pages auxquelles vous acc\u00e9dez, etc. les donn\u00e9es sont stock\u00e9es. Les cookies ne contiennent pas de donn\u00e9es telles que le pr\u00e9nom et le nom ou l&#039;adresse. Gr\u00e2ce aux cookies, vos pr\u00e9f\u00e9rences de site Web peuvent \u00eatre m\u00e9moris\u00e9es, votre session peut \u00eatre maintenue ouverte ou le contenu qui vous int\u00e9resse peut vous \u00eatre pr\u00e9sent\u00e9.<\/p>\n\n\n\n<p>Pour des informations d\u00e9taill\u00e9es sur les cookies <a href=\"http:\/\/www.aboutcookies.org\">www.aboutcookies.org<\/a> et <a href=\"http:\/\/www.allaboutcookies.org\">www.allaboutcookies.org<\/a> Vous pouvez visiter leurs adresses.<\/p>\n\n\n\n<p><strong>TYPES DE BISCUITS<\/strong><\/p>\n\n\n\n<p>Les cookies sont divis\u00e9s en diff\u00e9rents types selon des crit\u00e8res tels que leur dur\u00e9e de stockage sur les appareils mobiles et par qui ils sont plac\u00e9s. La distinction fondamentale dans le cadre de ces crit\u00e8res est la suivante :<\/p>\n\n\n\n<ul><li><strong>Cookies de session\/cookies persistants\u00a0: <\/strong>Cookies de session<strong>, <\/strong>Ce sont des cookies temporaires et sont supprim\u00e9s de l&#039;appareil apr\u00e8s la fermeture du navigateur. La fonction principale de ces cookies est de garantir le bon fonctionnement du site Web. Les cookies persistants, en revanche, restent sur l&#039;appareil jusqu&#039;\u00e0 ce qu&#039;ils soient supprim\u00e9s par le visiteur ou expirent apr\u00e8s la fermeture du navigateur. Les cookies persistants permettent aux sites de se souvenir de ce que vous pr\u00e9f\u00e9rez lorsque vous revenez. Par exemple, si vous choisissez de lire en allemand la premi\u00e8re fois que vous visitez le site, il appara\u00eetra automatiquement en allemand la prochaine fois que vous reviendrez sur le site. Ne pas toujours avoir \u00e0 choisir une langue de pr\u00e9f\u00e9rence la rend plus pratique, efficace et conviviale pour vous.<\/li><li><strong>Cookies propri\u00e9taires\/tiers\u00a0: <\/strong>Les cookies de premi\u00e8re partie sont des cookies plac\u00e9s sur l&#039;appareil par l&#039;op\u00e9rateur du site Web visit\u00e9. Les cookies tiers sont des cookies plac\u00e9s sur l&#039;appareil et contr\u00f4l\u00e9s par des personnes autres que l&#039;op\u00e9rateur du site Web visit\u00e9.<\/li><\/ul>\n\n\n\n<p><strong>QUELS COOKIES UTILISONS-NOUS ?<\/strong><\/p>\n\n\n\n<p><strong>cantokman.com<\/strong> utilise diff\u00e9rents types de cookies.<\/p>\n\n\n\n<p><strong>Cookies obligatoires\u00a0:<\/strong> Il s&#039;agit de cookies techniques qui permettent au site Web de fonctionner correctement et vous permettent d&#039;utiliser ses fonctionnalit\u00e9s. Ils sont dans la cat\u00e9gorie des cookies de session. Si ces cookies sont bloqu\u00e9s, cela entra\u00eenera l&#039;impossibilit\u00e9 d&#039;utiliser les fonctionnalit\u00e9s du site Web. Le consentement de nos visiteurs n&#039;est pas requis pour l&#039;utilisation des cookies obligatoires.<\/p>\n\n\n\n<p><strong>Cookies d&#039;analyse :<\/strong> <strong>cantokman.com<\/strong> utilise des cookies analytiques pour am\u00e9liorer votre exp\u00e9rience sur le site Web. Les cookies analytiques nous permettent de comprendre comment nos visiteurs utilisent le site Web (par exemple, les pages qu&#039;ils visitent, la dur\u00e9e de la visite, etc.). Ainsi, <strong>cantokman.com<\/strong> peut am\u00e9liorer le contenu qu&#039;il propose ou modifier la conception du site Web. Google Analytics, l&#039;un des outils d&#039;analyse Web, est utilis\u00e9 \u00e0 des fins d&#039;analyse. Informations d\u00e9taill\u00e9es sur la surveillance Web <a href=\"https:\/\/policies.google.com\/privacy?hl=tr\" target=\"_blank\" rel=\"noreferrer noopener\" title=\"\">En cliquant sur la politique de confidentialit\u00e9 de Google <\/a>tu peux trouver. <a href=\"https:\/\/policies.google.com\/privacy?hl=tr\" target=\"_blank\" rel=\"noreferrer noopener\" title=\"Cliquez pour rester hors du champ d&#039;application de Google Analytics\">Cliquez pour rester hors du champ d&#039;application de Google Analytics<\/a><a>.<\/a>\u00a0<\/p>\n\n\n\n<p><strong>Cookies de fonctionnalit\u00e9 :<\/strong> Lorsque vous visitez \u00e0 nouveau le site Web, vos pr\u00e9f\u00e9rences linguistiques, votre s\u00e9lection de r\u00e9gion, etc. permet de s&#039;en souvenir.<\/p>\n\n\n\n<p><strong>Plugins de r\u00e9seaux sociaux : cantokman.com <\/strong>Divers plugins de m\u00e9dias sociaux sont int\u00e9gr\u00e9s au site Web et \u00e0 l&#039;application mobile. Lorsque vous cliquez sur l&#039;un des boutons de m\u00e9dias sociaux int\u00e9gr\u00e9s, certaines de vos informations sont partag\u00e9es avec les fournisseurs de m\u00e9dias sociaux. Si vous \u00eates simultan\u00e9ment connect\u00e9 au compte de m\u00e9dias sociaux ou si des cookies de m\u00e9dias sociaux sont enregistr\u00e9s dans votre navigateur, le fournisseur de m\u00e9dias sociaux peut reconna\u00eetre votre visite sur notre site Web ou notre application mobile et afficher ces activit\u00e9s sur votre profil de m\u00e9dias sociaux.<\/p>\n\n\n\n<p>M\u00eame si vous n&#039;avez pas de compte sur un r\u00e9seau social (par exemple Facebook), que vous vous connectez au fournisseur du plugin ou que vous cliquez sur le plugin, il est possible que les fournisseurs de m\u00e9dias sociaux enregistrent des informations telles que l&#039;URL ou l&#039;adresse IP de un site Web visit\u00e9.<\/p>\n\n\n\n<p>vos r\u00e9seaux sociaux <strong>cantokman.com<\/strong> Pour emp\u00eacher le site Web d&#039;associer votre visite \u00e0 vos comptes d&#039;utilisateurs, vous devez vous d\u00e9connecter de votre compte d&#039;utilisateur avant de visiter notre site Web.<\/p>\n\n\n\n<p><strong>cantokman.com <\/strong>Nous vous recommandons de lire la politique de confidentialit\u00e9 de la plate-forme de m\u00e9dias sociaux concern\u00e9e pour plus d&#039;informations sur les plug-ins de m\u00e9dias sociaux int\u00e9gr\u00e9s dans le site Web et l&#039;application mobile.<\/p>\n\n\n\n<p>Facebook: <a>https:\/\/tr-tr.facebook.com\/privacy\/explanation<\/a><\/p>\n\n\n\n<p>Twitter: <a href=\"https:\/\/twitter.com\/en\/privacy#update\" target=\"_blank\" rel=\"noreferrer noopener\">https:\/\/twitter.com\/en\/privacy#update<\/a><\/p>\n\n\n\n<p>Google YouTube: <a href=\"https:\/\/policies.google.com\/privacy?hl=tr&amp;gl=ZZ\" target=\"_blank\" rel=\"noreferrer noopener\">https:\/\/policies.google.com\/privacy?hl=tr&amp;gl=ZZ<\/a><\/p>\n\n\n\n<p>Pinterest\u00a0: <a href=\"https:\/\/policy.pinterest.com\/tr\/privacy-policy\" target=\"_blank\" rel=\"noreferrer noopener\">https:\/\/policy.pinterest.com\/tr\/privacy-policy<\/a><\/p>\n\n\n\n<p>Instagram : <a href=\"https:\/\/help.instagram.com\/155833707900388\" target=\"_blank\" rel=\"noreferrer noopener\">https:\/\/help.instagram.com\/155833707900388<\/a><\/p>\n\n\n\n<p>Linkedin\u00a0: <a href=\"https:\/\/www.linkedin.com\/legal\/privacy-policy?_l=tr_TR\" target=\"_blank\" rel=\"noreferrer noopener\">https:\/\/www.linkedin.com\/legal\/privacy-policy?_l=tr_TR&nbsp;<\/a><\/p>\n\n\n\n<p><strong>Vous trouverez ci-dessous des informations d\u00e9taill\u00e9es sur les types de cookies utilis\u00e9s sur notre site Web et sur la mani\u00e8re dont ces cookies sont utilis\u00e9s.<\/strong><\/p>\n\n\n\n<figure class=\"wp-block-table is-style-stripes\"><table><tbody><tr><td>_G\u00e9orgie<\/td><td>cantokman.com &nbsp;<\/td><td>Le cookie _ga install\u00e9 par Google Analytics calcule les donn\u00e9es des visiteurs, des sessions et des campagnes, et suit \u00e9galement l&#039;utilisation du site pour le rapport d&#039;analyse du site. Le cookie stocke les informations de mani\u00e8re anonyme et attribue un num\u00e9ro g\u00e9n\u00e9r\u00e9 de mani\u00e8re al\u00e9atoire pour identifier les visiteurs uniques.<\/td><td>2 ann\u00e9es<\/td><td>Analytique<\/td><\/tr><tr><td>_gid<\/td><td>cantokman.com &nbsp;<\/td><td>Le cookie _gid install\u00e9 par Google Analytics stocke des informations sur la fa\u00e7on dont les visiteurs utilisent un site Web, tout en g\u00e9n\u00e9rant \u00e9galement un rapport d&#039;analyse sur les performances du site Web. Certaines des donn\u00e9es collect\u00e9es incluent le nombre de visiteurs, leur origine et les pages qu&#039;ils visitent de mani\u00e8re anonyme.<\/td><td>Un jour<\/td><td>Analytique<\/td><\/tr><tr><td>_gat_gtag_UA_42091092_1<\/td><td>cantokman.com &nbsp;<\/td><td>Il est d\u00e9fini par Google pour distinguer les utilisateurs.<\/td><td>1 minute<\/td><td>Analytique<\/td><\/tr><tr><td>PHPSESSID<\/td><td>cantokman.com<\/td><td>Ce cookie est sp\u00e9cifique aux applications PHP. Le cookie est utilis\u00e9 pour stocker et identifier l&#039;identifiant de session unique d&#039;un utilisateur afin de g\u00e9rer la session de l&#039;utilisateur sur le site Web. Le cookie est un cookie de session et est supprim\u00e9 lorsque toutes les fen\u00eatres du navigateur sont ferm\u00e9es.<\/td><td>Session<\/td><td>Obligatoire<\/td><\/tr><tr><td>_flingue<\/td><td>.cantokman.com<\/td><td>Ces cookies sont d\u00e9finis par Google Universal Analytics pour limiter la collecte de donn\u00e9es sur les sites \u00e0 fort trafic afin de r\u00e9duire le taux de demande.<\/td><td>1 minute<\/td><td>Performance<\/td><\/tr><\/tbody><\/table><\/figure>\n\n\n\n<p><strong>COMMENT POUVEZ-VOUS MODIFIER VOS PR\u00c9F\u00c9RENCES EN MATI\u00c8RE DE COOKIES\u00a0?<\/strong><\/p>\n\n\n\n<p>Il est possible de personnaliser ou de bloquer compl\u00e8tement les cookies en modifiant les param\u00e8tres du navigateur que vous utilisez. Vous pouvez param\u00e9trer votre navigateur pour qu&#039;il refuse tous les cookies ou qu&#039;il vous indique quand un cookie est envoy\u00e9 sur votre ordinateur. Cependant, cela peut emp\u00eacher nos sites ou services de fonctionner correctement. Vous pouvez \u00e9galement param\u00e9trer votre navigateur pour qu&#039;il supprime les cookies \u00e0 chaque fin de navigation. Vous pouvez trouver des informations d\u00e9taill\u00e9es sur les \u00e9tapes \u00e0 suivre pour les diff\u00e9rents navigateurs \u00e0 partir des liens ci-dessous :<\/p>\n\n\n\n<figure class=\"wp-block-table is-style-stripes\"><table><tbody><tr><td><strong>Nom du navigateur<\/strong><\/td><td><strong>lien<\/strong><\/td><\/tr><tr><td>Google Chrome<\/td><td><a href=\"https:\/\/support.google.com\/chrome\/answer\/95647?co=GENIE.Platform%3DDesktop&amp;hl=tr\">https:\/\/support.google.com\/chrome\/answer\/95647?co=GENIE.Platform%3DDesktop&amp;hl=tr<\/a><\/td><\/tr><tr><td>Internet Explorer<\/td><td><a href=\"https:\/\/support.microsoft.com\/tr-tr\/help\/17442\/windows-internet-explorer-delete-manage-cookies\">https:\/\/support.microsoft.com\/tr-tr\/help\/17442\/windows-internet-explorer-delete-manage-cookies<\/a><\/td><\/tr><tr><td>MozillaFirefox<\/td><td><a href=\"https:\/\/support.mozilla.org\/tr\/kb\/cerezleri-silme-web-sitelerinin-bilgilerini-kaldirma\">https:\/\/support.mozilla.org\/tr\/kb\/cerezleri-silme-web-sitelerinin-bilgilerini-kaldirma<\/a><\/td><\/tr><tr><td>Yandex<\/td><td><a href=\"https:\/\/yandex.com.tr\/support\/browser-classic\/personal-data-protection\/cookies.xml\">https:\/\/yandex.com.tr\/support\/browser-classic\/personal-data-protection\/cookies.xml<\/a><\/td><\/tr><tr><td>Safari<\/td><td><a href=\"https:\/\/support.apple.com\/kb\/PH21411?locale=tr_TR\">https:\/\/support.apple.com\/kb\/PH21411?locale=tr_TR<\/a><\/td><\/tr><\/tbody><\/table><\/figure>\n\n\n\n<p>Pour g\u00e9rer les pr\u00e9f\u00e9rences en mati\u00e8re de cookies dans d&#039;autres navigateurs, vous pouvez consulter la page d&#039;aide ou de support du navigateur concern\u00e9.<\/p>\n\n\n\n<p><strong>VOS DROITS SUR VOS DONNEES PERSONNELLES<\/strong><\/p>\n\n\n\n<p>En tant que propri\u00e9taire des donn\u00e9es <strong>Peut Tokman<\/strong>en postulant \u00e0;<\/p>\n\n\n\n<ul><li>Savoir si vos donn\u00e9es personnelles sont trait\u00e9es,<\/li><li>Si vos donn\u00e9es personnelles ont \u00e9t\u00e9 trait\u00e9es, demander des informations \u00e0 ce sujet,<\/li><li>Pour conna\u00eetre la finalit\u00e9 du traitement de vos donn\u00e9es personnelles et savoir si elles sont utilis\u00e9es conform\u00e9ment \u00e0 la finalit\u00e9,<\/li><li>Conna\u00eetre les tiers auxquels vos donn\u00e9es personnelles sont transf\u00e9r\u00e9es, dans le pays ou \u00e0 l&#039;\u00e9tranger,<\/li><li>Demander la correction de vos donn\u00e9es personnelles en cas de traitement incomplet ou incorrect et demander la notification des transactions effectu\u00e9es dans ce cadre aux tiers auxquels vos donn\u00e9es personnelles ont \u00e9t\u00e9 transf\u00e9r\u00e9es,<\/li><li>Demander la suppression ou la destruction de vos donn\u00e9es personnelles dans le cas o\u00f9 les raisons n\u00e9cessitant leur traitement disparaissent, m\u00eame si elles ont \u00e9t\u00e9 trait\u00e9es conform\u00e9ment \u00e0 la loi n\u00b0<\/li><li>S&#039;opposer \u00e0 l&#039;\u00e9mergence d&#039;un r\u00e9sultat contre vous en analysant vos donn\u00e9es trait\u00e9es exclusivement par le biais de syst\u00e8mes automatis\u00e9s,<\/li><li>Vous avez le droit d&#039;exiger l&#039;indemnisation des dommages si vous subissez des dommages dus au traitement ill\u00e9gal de vos donn\u00e9es personnelles.<\/li><\/ul>\n\n\n\n<p>Vous pouvez soumettre vos demandes concernant vos droits \u00e9num\u00e9r\u00e9s ci-dessus \u00e0 ceux publi\u00e9s au Journal officiel. <a href=\"http:\/\/www.resmigazete.gov.tr\/eskiler\/2018\/03\/20180310-6.htm\" target=\"_blank\" rel=\"noreferrer noopener\">Communiqu\u00e9 sur les proc\u00e9dures et principes d&#039;application au responsable du traitement<\/a>Si vous le transmettez \u00e0 Can Tokman conform\u00e9ment aux proc\u00e9dures de demande stipul\u00e9es dans <strong>Peut Tokman <\/strong>conclura sans frais votre demande dans les meilleurs d\u00e9lais et au plus tard dans les 30 (trente) jours, selon sa nature. Toutefois, si la transaction n\u00e9cessite un co\u00fbt suppl\u00e9mentaire, <strong>Peut Tokman <\/strong>Il peut percevoir la redevance dans le tarif d\u00e9termin\u00e9 par la Commission de Protection des Donn\u00e9es Personnelles.<\/p>\n\n\n\n<p>Afin d&#039;utiliser vos droits mentionn\u00e9s ci-dessus, votre demande comprenant les informations n\u00e9cessaires identifiant votre identit\u00e9 et vos explications concernant votre droit que vous demandez d&#039;exercer parmi les droits sp\u00e9cifi\u00e9s \u00e0 l&#039;article 11 de la loi KVK\u00a0; Vous pouvez remplir le formulaire de demande sur notre site Web et envoyer une copie sign\u00e9e \u00e0 notre adresse, l&#039;envoyer en personne ou l&#039;envoyer \u00e0 notre adresse par l&#039;interm\u00e9diaire d&#039;un notaire public.<\/p>\n\n\n\n<p>Les coordonn\u00e9es de notre clinique sont les suivantes :<\/p>\n\n\n\n<p><strong>Dentiste \u2013 Can Tokman<\/strong><\/p>\n\n\n\n<p><strong>Adresse : Abdi \u0130pek\u00e7i Cad. Reas\u00fcrans Han 2, Nr.: 61, Etage 6, Te\u015fvikiye \u2013 Istanbul<\/strong><\/p>\n\n\n\n<p><strong>T\u00e9l\u00e9phone: <\/strong>+90 212 234 9234<\/p>\n\n\n\n<p><strong>Adresse e-mail: <\/strong><a href=\"mailto:info@cantokman.com\" target=\"_blank\" rel=\"noreferrer noopener\"><strong>info@cantokman.com<\/strong><\/a><\/p>\n\n\n\n<hr class=\"wp-block-separator\"\/>\n\n\n\n<p><a id=\"_msocom_1\"><\/a><\/p>","protected":false},"excerpt":{"rendered":"<p>Date de mise \u00e0 jour : 04.07.2022 Dentiste \u2013 Can Tokman (ci-apr\u00e8s \u00ab cantokman.com \u00bb), comme de nombreux autres sites Web, utilise des cookies pour permettre aux visiteurs de mieux profiter du site Web. Cette politique en mati\u00e8re de cookies a \u00e9t\u00e9 pr\u00e9par\u00e9e pour informer les visiteurs du site Web de la d\u00e9finition des cookies, des types de cookies, des cookies utilis\u00e9s par cantokman.com et de la mani\u00e8re dont les pr\u00e9f\u00e9rences en mati\u00e8re de cookies peuvent \u00eatre g\u00e9r\u00e9es. L\u2019utilisation de cookies sur le site [\u2026]<\/p>","protected":false},"author":3,"featured_media":0,"parent":0,"menu_order":0,"comment_status":"closed","ping_status":"closed","template":"pages\/page-full.php","meta":[],"aioseo_notices":[],"_links":{"self":[{"href":"https:\/\/www.cantokman.com\/fr\/wp-json\/wp\/v2\/pages\/237"}],"collection":[{"href":"https:\/\/www.cantokman.com\/fr\/wp-json\/wp\/v2\/pages"}],"about":[{"href":"https:\/\/www.cantokman.com\/fr\/wp-json\/wp\/v2\/types\/page"}],"author":[{"embeddable":true,"href":"https:\/\/www.cantokman.com\/fr\/wp-json\/wp\/v2\/users\/3"}],"replies":[{"embeddable":true,"href":"https:\/\/www.cantokman.com\/fr\/wp-json\/wp\/v2\/comments?post=237"}],"version-history":[{"count":5,"href":"https:\/\/www.cantokman.com\/fr\/wp-json\/wp\/v2\/pages\/237\/revisions"}],"predecessor-version":[{"id":244,"href":"https:\/\/www.cantokman.com\/fr\/wp-json\/wp\/v2\/pages\/237\/revisions\/244"}],"wp:attachment":[{"href":"https:\/\/www.cantokman.com\/fr\/wp-json\/wp\/v2\/media?parent=237"}],"curies":[{"name":"wp","href":"https:\/\/api.w.org\/{rel}","templated":true}]}}