{"id":12,"date":"2015-02-09T12:17:41","date_gmt":"2015-02-09T12:17:41","guid":{"rendered":"http:\/\/www.cantokman.com\/?page_id=12"},"modified":"2015-08-14T00:53:14","modified_gmt":"2015-08-14T00:53:14","slug":"ozgecmis","status":"publish","type":"page","link":"https:\/\/www.cantokman.com\/fr\/cv\/","title":{"rendered":"CV"},"content":{"rendered":"<p style=\"line-height: 18.0pt;\"><a href=\"http:\/\/www.cantokman.com\/wp-content\/uploads\/2015\/02\/di\u015f-hekimi-can-tokman.png\"><img decoding=\"async\" loading=\"lazy\" class=\"alignnone size-medium wp-image-14\" src=\"http:\/\/www.cantokman.com\/wp-content\/uploads\/2015\/02\/di\u015f-hekimi-can-tokman-253x300.png\" alt=\"le dentiste peut s&#039;articuler\" width=\"253\" height=\"300\" srcset=\"https:\/\/www.cantokman.com\/wp-content\/uploads\/2015\/02\/di\u015f-hekimi-can-tokman-253x300.png 253w, https:\/\/www.cantokman.com\/wp-content\/uploads\/2015\/02\/di\u015f-hekimi-can-tokman.png 475w\" sizes=\"(max-width: 253px) 100vw, 253px\" \/><\/a><\/p>\n<p style=\"line-height: 18.0pt;\"><span style=\"font-family: 'Georgia','serif'; color: #333333;\">N\u00e9 \u00e0 Ankara en 1967, Can Tokman a termin\u00e9 ses \u00e9tudes secondaires au TED Ankara College en 1984 et est entr\u00e9 \u00e0 la Facult\u00e9 de m\u00e9decine dentaire Hacettepe, qui \u00e9tait son premier choix, et en 1990. <strong>dentiste<\/strong> dipl\u00f4m\u00e9 comme<\/span><\/p>\n<p style=\"line-height: 18.0pt;\"><span style=\"font-family: 'Georgia','serif'; color: #333333;\">Entre 1991 et 1997, il a travaill\u00e9 avec le Prof.Dr.Cengiz Tokman \u00e0 Ankara. <strong>traitements proth\u00e9tiques esth\u00e9tiques<\/strong> et a agi en tant qu&#039;organisateur de la s\u00e9rie de conf\u00e9rences intitul\u00e9e &quot;100 questions sur les couronnes et ponts en porcelaine&quot; dans diverses r\u00e9gions de Turquie. Encore une fois, Pr. Il a travaill\u00e9 \u00e0 la cr\u00e9ation du Centre d&#039;information dentaire, que Cengiz Tokman a donn\u00e9 vie, et a partag\u00e9 ses exp\u00e9riences en enseignant aux dentistes et aux proth\u00e9sistes dentaires des cours sur les techniques de construction de couronnes et de bridges en porcelaine.<\/span><\/p>\n<p style=\"line-height: 18.0pt;\"><span style=\"font-family: 'Georgia','serif'; color: #333333;\">Il a suivi divers cours professionnels \u00e0 l&#039;\u00e9tranger et en Turquie, principalement en Angleterre, en Allemagne et en Gr\u00e8ce. Il a particip\u00e9 en tant que pan\u00e9liste et conf\u00e9rencier \u00e0 divers congr\u00e8s de dentisterie en Turquie sur divers sujets, en particulier les cancers de la bouche et les couronnes et bridges en porcelaine. Il a \u00e9tudi\u00e9 les fonctions et l&#039;esth\u00e9tique des d\u00e9ficiences dentaires totales ou partielles et la couleur de la porcelaine.<\/span><\/p>\n<p style=\"line-height: 18.0pt;\"><span style=\"font-family: 'Georgia','serif'; color: #333333;\">Can Tokman, qui parle tr\u00e8s bien l&#039;anglais et l&#039;allemand, notamment dans les traitements proth\u00e9tiques sur implants et <strong>dentisterie esth\u00e9tique<\/strong> focalis\u00e9 sur les probl\u00e8mes.<\/span><\/p>\n<p style=\"line-height: 18.0pt;\"><span style=\"font-family: 'Georgia','serif'; color: #333333;\">Entre 1997 et 2007, apr\u00e8s avoir travaill\u00e9 intensivement dans le domaine des soins dentaires proth\u00e9tiques et de l&#039;implantologie au Centre priv\u00e9 de sant\u00e9 bucco-dentaire Dentanet \u00e0 Ankara, il s&#039;est install\u00e9 \u00e0 Istanbul.<\/span><\/p>\n<p style=\"line-height: 18.0pt;\"><span style=\"font-family: 'Georgia','serif'; color: #333333;\">Il continue toujours d&#039;accepter des patients avec des m\u00e9decins sp\u00e9cialistes dans sa clinique, qui propose \u00e9galement des services de chirurgie esth\u00e9tique et plastique et d&#039;orthodontie.<\/span><\/p>\n<p style=\"line-height: 18.0pt;\"><span style=\"font-family: 'Georgia','serif'; color: #333333;\">Vous pouvez remplir le formulaire ci-dessous pour les questions que vous souhaitez poser.<\/span><\/p>\n<div role=\"form\" class=\"wpcf7\" id=\"wpcf7-f4-o1\" lang=\"tr-TR\" dir=\"ltr\">\n<div class=\"screen-reader-response\"><p role=\"status\" aria-live=\"polite\" aria-atomic=\"true\"><\/p> <ul><\/ul><\/div>\n<form action=\"\/fr\/wp-json\/wp\/v2\/pages\/12#wpcf7-f4-o1\" method=\"post\" class=\"wpcf7-form init\" novalidate=\"novalidate\" data-status=\"init\" data-trp-original-action=\"\/fr\/wp-json\/wp\/v2\/pages\/12#wpcf7-f4-o1\">\n<div style=\"display: none;\">\n<input type=\"hidden\" name=\"_wpcf7\" value=\"4\" \/>\n<input type=\"hidden\" name=\"_wpcf7_version\" value=\"5.6\" \/>\n<input type=\"hidden\" name=\"_wpcf7_locale\" value=\"tr_TR\" \/>\n<input type=\"hidden\" name=\"_wpcf7_unit_tag\" value=\"wpcf7-f4-o1\" \/>\n<input type=\"hidden\" name=\"_wpcf7_container_post\" value=\"0\" \/>\n<input type=\"hidden\" name=\"_wpcf7_posted_data_hash\" value=\"\" \/>\n<\/div>\n<p>Votre Nom (requis)<br \/>\n    <span class=\"wpcf7-form-control-wrap\" data-name=\"your-name\"><input type=\"text\" name=\"your-name\" value=\"\" size=\"40\" class=\"wpcf7-form-control wpcf7-text wpcf7-validates-as-required\" aria-required=\"true\" aria-invalid=\"false\" \/><\/span> <\/p>\n<p>Votre Email (requis)<br \/>\n    <span class=\"wpcf7-form-control-wrap\" data-name=\"your-email\"><input type=\"email\" name=\"your-email\" value=\"\" size=\"40\" class=\"wpcf7-form-control wpcf7-text wpcf7-email wpcf7-validates-as-required wpcf7-validates-as-email\" aria-required=\"true\" aria-invalid=\"false\" \/><\/span> <\/p>\n<p>Mati\u00e8re<br \/>\n    <span class=\"wpcf7-form-control-wrap\" data-name=\"your-subject\"><input type=\"text\" name=\"your-subject\" value=\"\" size=\"40\" class=\"wpcf7-form-control wpcf7-text\" aria-invalid=\"false\" \/><\/span> <\/p>\n<p>votre message<br \/>\n    <span class=\"wpcf7-form-control-wrap\" data-name=\"your-message\"><textarea name=\"your-message\" cols=\"40\" rows=\"10\" class=\"wpcf7-form-control wpcf7-textarea\" aria-invalid=\"false\"><\/textarea><\/span> <\/p>\n<p><input type=\"submit\" value=\"Envoyer\" class=\"wpcf7-form-control has-spinner wpcf7-submit\" \/><\/p>\n<p>Informations d\u00e9taill\u00e9es sur le traitement de vos donn\u00e9es personnelles <a href=\"https:\/\/www.cantokman.com\/fr\/texte-eclairage\/\";>Vers le texte d&#039;\u00e9clairage<\/a> acc\u00e8s en cliquant.<\/p>\n<div class=\"wpcf7-response-output\" aria-hidden=\"true\"><\/div><input type=\"hidden\" name=\"trp-form-language\" value=\"fr\"\/><\/form><\/div>","protected":false},"excerpt":{"rendered":"<p>N\u00e9 en 1967 \u00e0 Ankara, Can Tokman est entr\u00e9 \u00e0 la Facult\u00e9 de m\u00e9decine dentaire Hacettepe, qui \u00e9tait son premier choix, apr\u00e8s avoir termin\u00e9 ses \u00e9tudes secondaires au TED Ankara College en 1984 et obtenu son dipl\u00f4me de dentiste en 1990. Entre 1991 et 1997, il a travaill\u00e9 avec le Prof.Dr.Cengiz Tokman sur les traitements proth\u00e9tiques esth\u00e9tiques \u00e0 Ankara et a particip\u00e9 \u00e0 une s\u00e9rie de conf\u00e9rences intitul\u00e9es &quot;100 questions sur les couronnes et ponts en porcelaine&quot; dans diverses r\u00e9gions de Turquie.<\/p>","protected":false},"author":2,"featured_media":0,"parent":0,"menu_order":0,"comment_status":"open","ping_status":"open","template":"","meta":[],"aioseo_notices":[],"_links":{"self":[{"href":"https:\/\/www.cantokman.com\/fr\/wp-json\/wp\/v2\/pages\/12"}],"collection":[{"href":"https:\/\/www.cantokman.com\/fr\/wp-json\/wp\/v2\/pages"}],"about":[{"href":"https:\/\/www.cantokman.com\/fr\/wp-json\/wp\/v2\/types\/page"}],"author":[{"embeddable":true,"href":"https:\/\/www.cantokman.com\/fr\/wp-json\/wp\/v2\/users\/2"}],"replies":[{"embeddable":true,"href":"https:\/\/www.cantokman.com\/fr\/wp-json\/wp\/v2\/comments?post=12"}],"version-history":[{"count":0,"href":"https:\/\/www.cantokman.com\/fr\/wp-json\/wp\/v2\/pages\/12\/revisions"}],"wp:attachment":[{"href":"https:\/\/www.cantokman.com\/fr\/wp-json\/wp\/v2\/media?parent=12"}],"curies":[{"name":"wp","href":"https:\/\/api.w.org\/{rel}","templated":true}]}}