{"id":109,"date":"2015-02-09T17:45:54","date_gmt":"2015-02-09T17:45:54","guid":{"rendered":"http:\/\/www.cantokman.com\/?page_id=109"},"modified":"2021-04-03T01:05:03","modified_gmt":"2021-04-03T01:05:03","slug":"randevu-bilgileri","status":"publish","type":"page","link":"https:\/\/www.cantokman.com\/fr\/rendez-vous\/","title":{"rendered":"Informations sur le rendez-vous"},"content":{"rendered":"<p><a href=\"http:\/\/www.cantokman.com\/wp-content\/uploads\/2015\/02\/di\u015f-hekimi-can-tokman.png\"><img decoding=\"async\" loading=\"lazy\" class=\"wp-image-14 alignleft\" src=\"http:\/\/www.cantokman.com\/wp-content\/uploads\/2015\/02\/di\u015f-hekimi-can-tokman.png\" alt=\"\" width=\"293\" height=\"348\" srcset=\"https:\/\/www.cantokman.com\/wp-content\/uploads\/2015\/02\/di\u015f-hekimi-can-tokman.png 475w, https:\/\/www.cantokman.com\/wp-content\/uploads\/2015\/02\/di\u015f-hekimi-can-tokman-253x300.png 253w\" sizes=\"(max-width: 293px) 100vw, 293px\" \/><\/a><\/p>\n<p>Dans les conditions actuelles, le temps de chacun est tr\u00e8s pr\u00e9cieux dans la vie des grandes villes. C&#039;est pourquoi nous travaillons sur rendez-vous.<\/p>\n<p>Nous attendons de vous que vous respectiez le plus possible le rendez-vous qui vous a \u00e9t\u00e9 donn\u00e9. Dans ce cas, nous ne perdrons pas le temps de nos patients qui viendront apr\u00e8s vous. Habituellement, un processus de rendez-vous prend jusqu&#039;\u00e0 50 minutes. Apr\u00e8s vous \u00eatre lev\u00e9 du canap\u00e9, la pi\u00e8ce est nettoy\u00e9e et d\u00e9sinfect\u00e9e. Cela prend environ 10 minutes. Cependant, dans certains cas, le processus, qui est pr\u00e9vu pour 50 minutes, peut se terminer 5 \u00e0 10 minutes avant ou apr\u00e8s. Dans ce cas, vous pouvez tenir compte du fait que nous pouvons m\u00eame vous emmener en traitement \u00e0 l&#039;avance.<\/p>\n<p>Dans de tr\u00e8s rares cas, le processus peut \u00eatre invers\u00e9 et le temps de rendez-vous peut prendre plus de temps que pr\u00e9vu. Dans de tels cas, notre ami patient consultant vous appellera et vous informera afin que votre programme ne soit pas interrompu.<br \/>\nSi vous souhaitez \u00eatre rappel\u00e9 que vous avez des rendez-vous dans la journ\u00e9e, veuillez nous en informer.<\/p>\n<p>Il y a des parkings priv\u00e9s dans les rues Abdi \u0130pek\u00e7i et Te\u015fvikiye. Si vous le souhaitez, notre chauffeur peut prendre votre voiture devant le b\u00e2timent de la R\u00e9assurance et la conduire au parking et vous la remettre devant le b\u00e2timent \u00e0 la fin de votre soin. Afin de b\u00e9n\u00e9ficier de ce service, vous devez aviser le pr\u00e9pos\u00e9 lors de la prise de rendez-vous.<\/p>\n<p><strong>Nos prix et informations de paiement<\/strong><\/p>\n<p>Nos prix de traitement que nous appliquons; La qualit\u00e9 des mat\u00e9riaux que nous utilisons est d\u00e9termin\u00e9e par la mise \u00e0 disposition d&#039;un environnement confortable et hygi\u00e9nique, et surtout, par les connaissances et l&#039;exp\u00e9rience de nos m\u00e9decins.<\/p>\n<p>Habituellement, m\u00eame si vous avez une urgence, un plan de traitement appropri\u00e9 est \u00e9tabli apr\u00e8s un examen minutieux de l&#039;ensemble de votre bouche, de vos dents et de vos gencives lors de votre premier rendez-vous. Si vous le souhaitez, le montant estimatif des d\u00e9penses que vous effectuerez conform\u00e9ment au plan de traitement qui vous est propos\u00e9 vous sera pr\u00e9sent\u00e9 par notre patient consultant pour votre information.<\/p>\n<p>Il est pr\u00e9f\u00e9rable que les traitements compl\u00e9t\u00e9s en une seule s\u00e9ance, tels que l&#039;extraction dentaire, l&#039;obturation, le d\u00e9tartrage ou le traitement de canal, soient pay\u00e9s le m\u00eame jour.<\/p>\n<p>Les \u00ab\u00a0traitements bucco-dentaires totaux\u00a0\u00bb, en revanche, n\u00e9cessitent g\u00e9n\u00e9ralement un processus plus long et un budget \u00e9lev\u00e9. Dans ces cas, une planification tr\u00e8s minutieuse et d\u00e9taill\u00e9e est effectu\u00e9e. Dans ces cas, les conditions du plan de traitement de chaque patient sont uniques. Pour cette raison, nous vous recommandons de discuter des frais et du &quot;plan de paiement&quot; correspondant avec notre coordinateur financier. S&#039;entendre sur le plan de paiement avant de commencer le traitement sera b\u00e9n\u00e9fique pour notre relation \u00e0 long terme et fiable.<\/p>\n<p>Dans notre clinique dentaire, des &quot;frais d&#039;examen&quot; sont appliqu\u00e9s conform\u00e9ment aux principes.<\/p>","protected":false},"excerpt":{"rendered":"<p>Dans les conditions actuelles, le temps de chacun est tr\u00e8s pr\u00e9cieux dans la vie des grandes villes. C&#039;est pourquoi nous travaillons sur rendez-vous. Nous attendons de vous que vous vous en teniez \u00e0 votre rendez-vous le plus fid\u00e8lement possible. Dans ce cas, nous ne perdrons pas le temps de nos patients qui viendront apr\u00e8s vous. Habituellement, un processus de rendez-vous prend jusqu&#039;\u00e0 50 minutes. Apr\u00e8s vous \u00eatre lev\u00e9 du canap\u00e9, la pi\u00e8ce est nettoy\u00e9e et d\u00e9sinfect\u00e9e. Cela prend environ 10 minutes. Cependant, certains [\u2026]<\/p>","protected":false},"author":2,"featured_media":0,"parent":0,"menu_order":0,"comment_status":"open","ping_status":"open","template":"","meta":[],"aioseo_notices":[],"_links":{"self":[{"href":"https:\/\/www.cantokman.com\/fr\/wp-json\/wp\/v2\/pages\/109"}],"collection":[{"href":"https:\/\/www.cantokman.com\/fr\/wp-json\/wp\/v2\/pages"}],"about":[{"href":"https:\/\/www.cantokman.com\/fr\/wp-json\/wp\/v2\/types\/page"}],"author":[{"embeddable":true,"href":"https:\/\/www.cantokman.com\/fr\/wp-json\/wp\/v2\/users\/2"}],"replies":[{"embeddable":true,"href":"https:\/\/www.cantokman.com\/fr\/wp-json\/wp\/v2\/comments?post=109"}],"version-history":[{"count":1,"href":"https:\/\/www.cantokman.com\/fr\/wp-json\/wp\/v2\/pages\/109\/revisions"}],"predecessor-version":[{"id":188,"href":"https:\/\/www.cantokman.com\/fr\/wp-json\/wp\/v2\/pages\/109\/revisions\/188"}],"wp:attachment":[{"href":"https:\/\/www.cantokman.com\/fr\/wp-json\/wp\/v2\/media?parent=109"}],"curies":[{"name":"wp","href":"https:\/\/api.w.org\/{rel}","templated":true}]}}