{"id":292,"date":"2022-07-18T10:45:18","date_gmt":"2022-07-18T10:45:18","guid":{"rendered":"http:\/\/www.cantokman.com\/?page_id=292"},"modified":"2022-07-18T10:45:20","modified_gmt":"2022-07-18T10:45:20","slug":"kisisel-verilerin-islenmesi-aydinlatma-metni","status":"publish","type":"page","link":"https:\/\/www.cantokman.com\/de\/personenbezogene-datenverarbeitung-beleuchtungstext\/","title":{"rendered":"VERARBEITUNG PERSONENBEZOGENER DATEN LICHTTEXTE"},"content":{"rendered":"<p><strong>IDENTIT\u00c4T DES DATENSPRECHERS<\/strong><\/p>\n\n\n\n<p>Gesetz Nr. 6698 zum Schutz personenbezogener Daten (\u201e<strong>KVK-Gesetz<\/strong>\u201c) mit dem Titel \u201eDatenverantwortlicher\u201c <strong>Zahnarzt \u2013 Can Tokman<\/strong> (\u201e<strong>Klinik<\/strong>\u201c), k\u00f6nnen Ihre personenbezogenen Daten im nachfolgend beschriebenen Umfang verarbeitet werden.<\/p>\n\n\n\n<p><strong>IHRE VERARBEITETEN PERSONENBEZOGENEN DATEN<\/strong><\/p>\n\n\n\n<p>In \u00dcbereinstimmung mit dem KVK-Gesetz und den sekund\u00e4ren Vorschriften werden Ihre nachstehenden personenbezogenen Daten im Rahmen der im Offenlegungstext angegebenen Zwecke und rechtlichen Gr\u00fcnde verarbeitet.&nbsp;<\/p>\n\n\n\n<ul><li><em>Identit\u00e4t (Name Nachname, TCKN, Geburtsdatum)<\/em><\/li><li><em>Kontakt (Adresse, Telefonnummer, E-Mail)<\/em><\/li><li><em>Kundentransaktion (Rechnungsinformationen, Behandlungsgeb\u00fchr)<\/em><\/li><li><em>Finanzen (Beleginformationen, IBAN, Bankverbindung)<\/em><\/li><li><em>Audio- und Audioaufnahmen (Social Media Foto und Video)<\/em><\/li><li><em>Gesundheitsinformationen (Blutgruppeninformationen, Allergieinformationen, Anamneseinformationen, Informationen zu kontinuierlich verwendeten Arzneimitteln, Informationen zu fr\u00fcheren Krankheiten, Informationen zu Behandlungsrisiken, Informationen zu Behandlungen, Informationen zu fr\u00fcheren Behandlungen, Informationen zu COVID-19)<\/em><\/li><\/ul>\n\n\n\n<p><strong>ZWECK UND RECHTSGRUNDLAGE DER VERARBEITUNG IHRER PERSONENBEZOGENEN DATEN<\/strong><\/p>\n\n\n\n<ul><li><strong>m des KVK-Gesetzes. \u201eAusdr\u00fcckliche Zustimmung\u201c, geregelt in der Bestimmung von 5\/1 <\/strong>Aus rechtlichen Gr\u00fcnden k\u00f6nnen Ihre personenbezogenen Daten in der Kategorie Bild- und Tonaufzeichnungen verarbeitet werden, um die Behandlungsprodukte und\/oder Dienstleistungen auf Social-Media-Konten zu teilen, die \u00f6ffentliche Online-Kan\u00e4le sind, im Rahmen von Werbung, Marketing und Werbeaktivit\u00e4ten.<\/li><\/ul>\n\n\n\n<ul><li><strong>\u201ein den Gesetzen ausdr\u00fccklich festgelegt\u201c, geregelt in Artikel 5\/2 (a) des KVK-Gesetzes <\/strong>aus rechtlichen Gr\u00fcnden; Ihre personenbezogenen Daten, Erf\u00fcllung der Verpflichtungen, die sich aus den Rechtsvorschriften ergeben, denen unsere Klinik unterliegt, insbesondere dem Grundgesetz f\u00fcr Gesundheitsdienste, der Verordnung \u00fcber private Gesundheitseinrichtungen, die Dienstleistungen im Bereich der Mund- und Zahngesundheit erbringen, den Rechtsvorschriften des Gesundheitsministeriums, dem t\u00fcrkischen Kodex von Pflichten, das Steuerverfahrensgesetz, Rechtserkl\u00e4rung und werden zum Zwecke der Bescheiderstellung verarbeitet.<\/li><\/ul>\n\n\n\n<ul><li><strong>\u201eBegr\u00fcndung oder Erf\u00fcllung des Vertrages\u201c, geregelt in Artikel 5\/2 (c) des KVK-Gesetzes <\/strong>aus rechtlichen Gr\u00fcnden; Die Verarbeitung Ihrer personenbezogenen Daten erfolgt zum Zweck der Terminvereinbarung, der Begr\u00fcndung des Vertragsverh\u00e4ltnisses, dessen Vertragspartei Sie sind, der Erstellung von Angeboten f\u00fcr Ihre Behandlungsw\u00fcnsche sowie der anschlie\u00dfenden Durchf\u00fchrung des Zahlungs- und Inkassowesens, der Vertragserf\u00fcllung, Erf\u00fcllung und Aufrechterhaltung Erf\u00fcllung der Verpflichtungen, Bereitstellung der erforderlichen Kommunikation im Rahmen von Vertragsbeziehungen, Entwicklung und Umsetzung von Gesch\u00e4ftsstrategien.<\/li><\/ul>\n\n\n\n<ul><li><strong>Artikel 5\/2 (\u00e7) des KVK-Gesetzes<\/strong><strong> \u201eDie F\u00e4higkeit des f\u00fcr die Datenverarbeitung Verantwortlichen, seine rechtliche Verpflichtung zu erf\u00fcllen\u201c <\/strong>Ihre personenbezogenen Daten aus rechtlichen Gr\u00fcnden; Ausstellung von rechtlichen Erkl\u00e4rungen und Mitteilungen, \u00dcbermittlung von Mitteilungen an autorisierte \u00f6ffentliche Institutionen und Organisationen, insbesondere an das Gesundheitsministerium, im Rahmen der Durchf\u00fchrung von Patientenregistrierungs-, Behandlungs- und Diagnoseverfahren, die von der Klinik durchgef\u00fchrt werden, Einhaltung der Aufbewahrungsfristen, die in den Rechtsvorschriften festgelegt sind Unsere Klinik unterliegt und erf\u00fcllt andere Verpflichtungen, die in den einschl\u00e4gigen Gesetzen, Gerichten und Gerichten festgelegt sind. Sie werden zum Zweck der Erf\u00fcllung von Informationsanfragen \u00f6ffentlicher Institutionen und Organisationen und gesetzlicher Verpflichtungen verarbeitet.<\/li><\/ul>\n\n\n\n<ul><li><strong>\u201eBegr\u00fcndung, Nutzung oder Schutz eines Rechts\u201c, geregelt in Artikel 5\/2 (e) des KVK-Gesetzes <\/strong>aus rechtlichen Gr\u00fcnden; Ihre personenbezogenen Daten werden zu Zwecken der Beweisf\u00fchrung in m\u00f6glichen Streitigkeiten, der Einholung von Rechtsberatung und technischer Unterst\u00fctzung verarbeitet.<\/li><\/ul>\n\n\n\n<ul><li><strong>Artikel 5\/2 (f) des KVK-Gesetzes<\/strong><strong> &quot;Datencontroller&quot;<\/strong><strong> berechtigtes Interesse&quot; <\/strong>aus rechtlichen Gr\u00fcnden; Ihre personenbezogenen Daten k\u00f6nnen zum Zwecke der Durchf\u00fchrung von Servicequalit\u00e4ts-Standardprozessen, der Durchf\u00fchrung von betrieblichen T\u00e4tigkeiten in der Klinik, der Durchf\u00fchrung von internen Audits, Untersuchungst\u00e4tigkeiten, der Gew\u00e4hrleistung der kommerziellen Sicherheit, der Datensicherung und der sicheren Speicherung verarbeitet werden.<\/li><\/ul>\n\n\n\n<ul><li><strong>Verarbeitung von Gesundheitsdaten, die in Artikel 6\/3 des KVK-Gesetzes geregelt sind <\/strong>aus rechtlichen Gr\u00fcnden; Festlegung des von Ihnen gew\u00fcnschten Termins im Rahmen Ihrer Gesundheitsinformationen, Schutz der \u00f6ffentlichen Gesundheit, Pr\u00e4ventivmedizin, medizinische Diagnose, Behandlungs- und Pflegedienste, Planung und Verwaltung von Gesundheitsdiensten und Finanzierung, Durchf\u00fchrung von Diagnose- und Behandlungsprozessen von Krankheiten, Vorbereitung von Behandlungen Pl\u00e4ne, Durchf\u00fchrung von Operationen f\u00fcr Ihre Behandlungen, Es kann ohne Ihre ausdr\u00fcckliche Zustimmung von Personen verarbeitet werden, die zur Vertraulichkeit verpflichtet sind, um es Ihnen zu pr\u00e4sentieren.<\/li><\/ul>\n\n\n\n<p><strong>METHODE ZUR ERHEBUNG PERSONENBEZOGENER DATEN<\/strong><\/p>\n\n\n\n<p>Ihre personenbezogenen Daten werden von unserer Klinik \u00fcber verschiedene Kan\u00e4le, physisch oder elektronisch, von Ihnen pers\u00f6nlich oder von Ihnen bekannt gegebenen Dritten erhoben, um sie an unsere Klinik zu \u00fcbermitteln.<\/p>\n\n\n\n<p><strong>\u00dcBERTRAGUNG IHRER PERSONENBEZOGENEN DATEN<\/strong><\/p>\n\n\n\n<p>Ihre gesammelten personenbezogenen Daten k\u00f6nnen im Rahmen der in Artikel 8 und 9 des KVK-Gesetzes geregelten Bedingungen zur Verarbeitung personenbezogener Daten \u00fcbermittelt werden.<\/p>\n\n\n\n<ul><li><strong>\u201ein den Gesetzen ausdr\u00fccklich festgelegt\u201c, geregelt in Artikel 5\/2 (a) des KVK-Gesetzes <\/strong>aus rechtlichen Gr\u00fcnden; Ihre personenbezogenen Daten, Erf\u00fcllung der Verpflichtungen, die sich aus den Rechtsvorschriften ergeben, denen unsere Klinik unterliegt, insbesondere dem Grundgesetz f\u00fcr Gesundheitsdienste, der Verordnung \u00fcber private Gesundheitseinrichtungen, die Dienstleistungen im Bereich der Mund- und Zahngesundheit erbringen, den Rechtsvorschriften des Gesundheitsministeriums, dem t\u00fcrkischen Kodex von Pflichten und das Steuerverfahrensgesetz, rechtliche Erkl\u00e4rung und Zum Zweck der Ausstellung der Bescheide kann es an den Finanzberater, das Gesundheitsministerium, die Finanzverwaltung und andere autorisierte \u00f6ffentliche Institutionen und Organisationen \u00fcbertragen werden.<\/li><\/ul>\n\n\n\n<ul><li><strong>Die in Artikel 5\/2 (c) des KVK-Gesetzes geregelte \u201eBegr\u00fcndung und Erf\u00fcllung des Vertrages\u201c unterliegt dem gesetzlichen Grund. <\/strong>Auf dieser Grundlage k\u00f6nnen Ihre personenbezogenen Daten im Zahlungs- und Inkassoverkehr an beauftragte Kreditinstitute \u00fcbermittelt werden.<\/li><\/ul>\n\n\n\n<ul><li><strong>K<\/strong><strong>Artikel 5\/2 (\u00e7) des VK-Gesetzes<\/strong><strong> organisiert &quot;<\/strong><strong>Die Datenverarbeitung ist zur Erf\u00fcllung ihrer gesetzlichen Verpflichtung zwingend erforderlich\u201c<\/strong><strong> zur Datenverarbeitungspflicht <\/strong>bezogen auf; Ihre personenbezogenen Daten k\u00f6nnen an berechtigte \u00f6ffentliche Einrichtungen und Organisationen, insbesondere das Gesundheitsministerium, \u00fcbermittelt werden, um rechtliche Erkl\u00e4rungen und Mitteilungen abzugeben, Mitteilungen im Rahmen der Durchf\u00fchrung von Patientenregistrierungen, Behandlungs- und Diagnoseverfahren und zur Erf\u00fcllung gesetzlicher Verpflichtungen zu machen und Anfragen von Gerichten und \u00f6ffentlichen Institutionen und Organisationen, die Informationen anfordern.<\/li><\/ul>\n\n\n\n<ul><li><strong>Artikel 5\/2 (e) des KVK-Gesetzes<\/strong><strong> organisiert &quot;<\/strong><strong>zur Begr\u00fcndung, Aus\u00fcbung oder zum Schutz eines Rechts\u201c<\/strong><strong> <\/strong>basierend auf der Datenverarbeitungsbedingung; Ihre personenbezogenen Daten werden an Anwaltskanzleien und andere Berater \u00fcbermittelt, um Beweismittel in m\u00f6glichen Streitigkeiten zu sein, um Rechtsberatung und technische Unterst\u00fctzung zu erhalten.<\/li><li><strong>Das in Artikel 5\/2(f) des KVK-Gesetz geregelte \u201eberechtigte Interesse\u201c.<\/strong> basierend auf der Datenverarbeitungsbedingung; Ihre personenbezogenen Daten k\u00f6nnen zum Zwecke der Durchf\u00fchrung von Kommunikationsaktivit\u00e4ten, der Durchf\u00fchrung von Speicher- und Archivierungsprozessen, der Bereitstellung von E-Mail-Diensten f\u00fcr Unternehmen, der Bereitstellung elektronischer oder physischer Datenspeicherung, Sicherungsdiensten oder -systemen an inl\u00e4ndische Dienstleister \u00fcbermittelt werden.<\/li><\/ul>\n\n\n\n<ul><li><strong>Verarbeitung von Gesundheitsdaten, die in Artikel 6\/3 des KVK-Gesetzes geregelt sind <\/strong>aus rechtlichen Gr\u00fcnden; Ihre besonderen personenbezogenen Daten werden vertraulich behandelt zum Schutz der \u00f6ffentlichen Gesundheit, zur Durchf\u00fchrung von Pr\u00e4ventivmedizin, medizinischen Diagnosen, Behandlungs- und Pflegediensten, zur Durchf\u00fchrung von Diagnose- und Behandlungsprozessen von Krankheiten im Rahmen der Planung und Verwaltung von Gesundheitsdiensten und -finanzierungen, zur Durchf\u00fchrung von Operationen f\u00fcr Ihre Behandlungen, die Behandlungsplanung und die Erbringung unserer Dienstleistungen f\u00fcr Sie. Sie k\u00f6nnen an zur Aufbewahrung verpflichtete Personen, an autorisierte \u00f6ffentliche Einrichtungen und Organisationen \u00fcbermittelt werden.<\/li><\/ul>\n\n\n\n<ul><li><strong>Basierend auf dem Rechtsgrund der \u201eausdr\u00fccklichen Zustimmung\u201c, der in Artikel 6\/2 des KVK-Gesetzes geregelt ist;<\/strong> Ihre personenbezogenen Daten besonderer Art k\u00f6nnen zu Zwecken der elektronischen Erstellung und \u00dcberwachung Ihrer Patientenakte, Diagnose- und Behandlungsinformationen, Heiloperationsinformationen und Erfassung medizinischer Verfahrensinformationen, elektronischer Datenspeicherung, Datensicherung an inl\u00e4ndische Dienstleister in der Position der Datenverarbeitung \u00fcbermittelt werden Dienste oder Systeme. . Diese Dienstleister sind nicht berechtigt, Ihre personenbezogenen Daten f\u00fcr andere Zwecke zu speichern oder zu verwenden, und sind stets verpflichtet, Ihre personenbezogenen Daten sicher und vertraulich zu behandeln.<\/li><\/ul>\n\n\n\n<ul><li><strong>8\/1 des KVK-Gesetzes. \u201eAusdr\u00fcckliche Einwilligung\u201c im Artikel geregelt <\/strong>Aufgrund der Datenverarbeitungsbedingungen k\u00f6nnen Ihre personenbezogenen Daten im Rahmen von Werbe-, Marketing- und Verkaufsf\u00f6rderungsaktivit\u00e4ten f\u00fcr Produkte und\/oder Dienstleistungen \u00fcber Social-Media-Konten (Instagram, Facebook, Twitter usw.) an Dritte \u00fcbertragen werden.<\/li><\/ul>\n\n\n\n<ul><li><strong>9\/1 des KVK-Gesetzes. \u201eAusdr\u00fcckliche Einwilligung\u201c im Artikel geregelt<\/strong> Auf der Grundlage der Datenverarbeitungsbedingungen k\u00f6nnen Ihre personenbezogenen Daten zum Zwecke von Werbe-, Marketing- und Verkaufsf\u00f6rderungsaktivit\u00e4ten f\u00fcr Produkte und\/oder Dienstleistungen \u00fcber Social-Media-Konten (Instagram, Facebook, Twitter usw.) an im Ausland ans\u00e4ssige Dienstleister \u00fcbertragen werden.<\/li><\/ul>\n\n\n\n<ul><li><strong>9\/1 des KVK-Gesetzes. Basierend auf der Datenverarbeitungsbedingung \u201eausdr\u00fcckliche Zustimmung\u201c gem\u00e4\u00df Artikel<\/strong>; Ihre personenbezogenen Daten k\u00f6nnen ins Ausland \u00fcbermittelt werden. Ihre personenbezogenen Daten, die Sie teilen, um mit unserer Klinik \u00fcber WhatsApp zu kommunizieren und personenbezogene Daten zu teilen, um Kommunikationsaktivit\u00e4ten durchzuf\u00fchren.<strong> Ausland (Whatsapp USA LLC) <\/strong>\u00fcbertragbar. Wir m\u00f6chten betonen, dass davon ausgegangen wird, dass Sie wissen, dass Ihre personenbezogenen Daten ins Ausland \u00fcbermittelt werden, wenn Sie unsere Klinik mit der Anwendung Whatsapp kontaktieren, deren Server im Ausland stehen. Ihre personenbezogenen Daten werden nicht in der Anwendung gespeichert, \u00fcber die Sie mit unserer Klinik kommunizieren. Weitere Informationen finden Sie in der Datenschutzerkl\u00e4rung von WhatsApp-Anwendungen.<\/li><\/ul>\n\n\n\n<p><a><\/a><strong>SPEICHERUNG IHRER PERSONENBEZOGENEN DATEN<\/strong><\/p>\n\n\n\n<p>Ihre personenbezogenen Daten, basierend auf einer der in Artikel 5 und 6 des KVK-Gesetzes festgelegten Datenverarbeitungsbedingungen und in \u00dcbereinstimmung mit den im 4. Artikel des KVK-Gesetzes festgelegten allgemeinen Grunds\u00e4tzen, insbesondere f\u00fcr den in den einschl\u00e4gigen Rechtsvorschriften festgelegten oder erforderlichen Zeitraum zu diesem Zweck gem\u00e4\u00df dem KVK-Gesetz gespeichert und innerhalb der Vernichtungsfrist vernichtet werden, wobei die Fristen zu ber\u00fccksichtigen sind, die in der gem\u00e4\u00df Artikel 7 des Gesetzes geregelten Aufbewahrungs- und Entsorgungsrichtlinie festgelegt sind.<\/p>\n\n\n\n<p><strong>IHRE RECHTE AUF IHRE PERSONENBEZOGENEN DATEN<\/strong><\/p>\n\n\n\n<p>Als Inhaber personenbezogener Daten:<\/p>\n\n\n\n<ul><li>Erfahren, ob Ihre personenbezogenen Daten verarbeitet werden,<\/li><li>wenn Ihre personenbezogenen Daten verarbeitet wurden, Auskunft dar\u00fcber verlangen,<\/li><li>den Zweck der Verarbeitung Ihrer personenbezogenen Daten zu erfahren und ob sie zweckentsprechend verwendet werden,<\/li><li>Kenntnis der Dritten, an die Ihre personenbezogenen Daten im In- oder Ausland \u00fcbermittelt werden,<\/li><li>Aufforderung zur Berichtigung Ihrer personenbezogenen Daten im Falle einer unvollst\u00e4ndigen oder fehlerhaften Verarbeitung und Aufforderung zur Benachrichtigung der in diesem Rahmen get\u00e4tigten Transaktionen an Dritte, an die Ihre personenbezogenen Daten \u00fcbermittelt wurden,<\/li><li>Antrag auf L\u00f6schung oder Vernichtung Ihrer personenbezogenen Daten f\u00fcr den Fall, dass die Gr\u00fcnde f\u00fcr ihre Verarbeitung entfallen, obwohl sie gem\u00e4\u00df den Bestimmungen des Gesetzes Nr. 6698 und anderen einschl\u00e4gigen Gesetzen verarbeitet wurden, und Antrag auf Benachrichtigung \u00fcber die Transaktion in diesem Rahmen an Dritte weitergegeben, an die Ihre personenbezogenen Daten \u00fcbermittelt wurden,<\/li><li>Widerspruch gegen die Entstehung eines Ergebnisses gegen Sie durch Analyse der verarbeiteten Daten ausschlie\u00dflich durch automatisierte Systeme,<\/li><li>Sie haben das Recht, im Falle eines Schadens aufgrund einer unrechtm\u00e4\u00dfigen Verarbeitung personenbezogener Daten Schadensersatz zu verlangen.<\/li><\/ul>\n\n\n\n<p><strong>BEWERBUNG BEI DATENSPEZIALIST<\/strong><\/p>\n\n\n\n<p>Als Eigent\u00fcmer personenbezogener Daten k\u00f6nnen Sie Ihre Anfragen zu Ihren Rechten schriftlich oder gem\u00e4\u00df Absatz 1 von Artikel 13 des KVK-Gesetzes einreichen. <a href=\"https:\/\/www.resmigazete.gov.tr\/eskiler\/2018\/03\/20180310-6.htm\">Kommuniqu\u00e9 zu Bewerbungsverfahren und Grunds\u00e4tzen f\u00fcr den Datenverantwortlichen<\/a>(https:\/\/www.resmigazete.gov.tr\/eskiler\/2018\/03\/20180310-6.htm) Unsere Klinik wird die Anfrage je nach Art so schnell wie m\u00f6glich und sp\u00e4testens innerhalb von drei\u00dfig Tagen kostenlos abschlie\u00dfen der Anfrage. . Wenn der Vorgang jedoch zus\u00e4tzliche Kosten erfordert, wird die Geb\u00fchr in dem von der Datenschutzbeh\u00f6rde festgelegten Tarif von der Klinik erhoben.<\/p>\n\n\n\n<p>Um Ihre oben genannten Rechte zu nutzen, Ihre Anfrage einschlie\u00dflich der notwendigen Informationen zur Identifizierung Ihrer Identit\u00e4t und Ihrer Erl\u00e4uterungen zu Ihrem Recht, das Sie von den in Artikel 11 des KVK-Gesetzes festgelegten Rechten aus\u00fcben m\u00f6chten; Sie k\u00f6nnen das Antragsformular auf unserer Website ausf\u00fcllen und unterschrieben an unsere Adresse senden, pers\u00f6nlich abgeben oder \u00fcber einen Notar an unsere Adresse weiterleiten.<\/p>\n\n\n\n<p>Die Kontaktdaten unserer Klinik lauten wie folgt:<strong><\/strong><\/p>\n\n\n\n<p><strong>Zahnarzt \u2013 Can Tokman<\/strong><\/p>\n\n\n\n<p><strong>Adresse:<\/strong> Abdi \u0130pek\u00e7i Cad. Reas\u00fcrans Han 2, Nr.: 61, Etage 6, Te\u015fvikiye \u2013 Istanbul<\/p>\n\n\n\n<p><strong>Telefon:<\/strong> +90 212 234 9234<\/p>\n\n\n\n<p><a><\/a><strong>E-Mail-Addresse:<\/strong> info@cantokman.com<\/p>","protected":false},"excerpt":{"rendered":"<p>IDENTIT\u00c4T DES DATENVERANTWORTLICHEN Gem\u00e4\u00df dem Gesetz zum Schutz personenbezogener Daten Nr. 6698 (\u201eKVK-Gesetz\u201c) k\u00f6nnen Ihre personenbezogenen Daten vom Zahnarzt \u2013 Can Tokman (\u201eKlinik\u201c) verarbeitet werden, der den Titel \u201eDatenverantwortlicher\u201c tr\u00e4gt. im nachfolgend erl\u00e4uterten Rahmen. IHRE VERARBEITETEN PERSONENBEZOGENEN DATEN Ihre nachstehenden personenbezogenen Daten werden im Rahmen der im Informationstext genannten Zwecke und Rechtsgr\u00fcnde gem\u00e4\u00df dem Gesetz zum Schutz personenbezogener Daten und sekund\u00e4ren Vorschriften verarbeitet. ID (Name [\u2026]<\/p>","protected":false},"author":3,"featured_media":0,"parent":0,"menu_order":0,"comment_status":"closed","ping_status":"closed","template":"","meta":[],"aioseo_notices":[],"_links":{"self":[{"href":"https:\/\/www.cantokman.com\/de\/wp-json\/wp\/v2\/pages\/292"}],"collection":[{"href":"https:\/\/www.cantokman.com\/de\/wp-json\/wp\/v2\/pages"}],"about":[{"href":"https:\/\/www.cantokman.com\/de\/wp-json\/wp\/v2\/types\/page"}],"author":[{"embeddable":true,"href":"https:\/\/www.cantokman.com\/de\/wp-json\/wp\/v2\/users\/3"}],"replies":[{"embeddable":true,"href":"https:\/\/www.cantokman.com\/de\/wp-json\/wp\/v2\/comments?post=292"}],"version-history":[{"count":1,"href":"https:\/\/www.cantokman.com\/de\/wp-json\/wp\/v2\/pages\/292\/revisions"}],"predecessor-version":[{"id":293,"href":"https:\/\/www.cantokman.com\/de\/wp-json\/wp\/v2\/pages\/292\/revisions\/293"}],"wp:attachment":[{"href":"https:\/\/www.cantokman.com\/de\/wp-json\/wp\/v2\/media?parent=292"}],"curies":[{"name":"wp","href":"https:\/\/api.w.org\/{rel}","templated":true}]}}