{"id":290,"date":"2022-07-18T10:43:30","date_gmt":"2022-07-18T10:43:30","guid":{"rendered":"http:\/\/www.cantokman.com\/?page_id=290"},"modified":"2022-07-18T10:43:31","modified_gmt":"2022-07-18T10:43:31","slug":"kisisel-verilerin-islenmesi-hasta-acik-riza-beyani","status":"publish","type":"page","link":"https:\/\/www.cantokman.com\/de\/personliche-datenverarbeitung-offene-einwilligungserklarung-des-patienten\/","title":{"rendered":"<strong>VERARBEITUNG PERSONENBEZOGENER DATEN AUSDR\u00dcCKLICHE EINWILLIGUNGSERKL\u00c4RUNG DES PATIENTEN<\/strong>"},"content":{"rendered":"<p>Im Rahmen des Datenschutzgesetzes Nr. 6698 (KVK-Gesetz) und des Klarstellungstextes, der mir vorgelegt wurde, meine personenbezogenen Daten und sensiblen personenbezogenen Daten <strong>Zahnarzt \u2013 Can Tokman <\/strong>(\u201e<strong>Klinik<\/strong>Ich stimme der Verarbeitung und \u00dcbermittlung durch zu<\/p>\n\n\n\n<ul><li>Ich stimme der Verarbeitung meiner personenbezogenen Daten zum Zweck des Teilens auf Social-Media-Konten, die \u00f6ffentliche Online-Kan\u00e4le sind, im Rahmen der Durchf\u00fchrung von Werbe-, Marketing- und Verkaufsf\u00f6rderungsma\u00dfnahmen f\u00fcr Produkte und \/ oder Dienstleistungen und deren \u00dcbertragung an Dritte zu ausl\u00e4ndische Dienstleister \u00fcber Social-Media-Konten (Instagram, Facebook, Twitter etc.).<\/li><\/ul>\n\n\n\n<ul><li>\u00dcbermittlung meiner sensiblen personenbezogenen Daten an die inl\u00e4ndischen Dienstleister der Datenverarbeiter zum Zwecke der elektronischen Erstellung und \u00dcberwachung meiner Patientenakte, Aufzeichnung von Diagnose- und Behandlungsinformationen, Informationen zu therapeutischen Operationen und Informationen zu medizinischen Verfahren, Bereitstellung elektronischer Datenspeicherung, Sicherungsdienste oder -systeme. Ich bin damit einverstanden.<\/li><\/ul>\n\n\n\n<p><em>Im Rahmen der in diesem Text der ausdr\u00fccklichen Zustimmung genannten Prozesse werden Ihre personenbezogenen Daten auf der Grundlage der in Artikel 5\/1 und Artikel 6\/2 des Gesetzes Nr. 6698 geregelten Rechtsgrundlage f\u00fcr die \u201eausdr\u00fcckliche Zustimmung\u201c verarbeitet. Sie Ihre ausdr\u00fcckliche Einwilligung zur Verarbeitung Ihrer personenbezogenen Daten k\u00f6nnen Sie jederzeit durch eine Bewerbung gegen\u00fcber unserem Unternehmen widerrufen.<\/em><\/p>","protected":false},"excerpt":{"rendered":"<p>Ich stimme der Verarbeitung und \u00dcbermittlung meiner personenbezogenen Daten und sensiblen personenbezogenen Daten durch den Zahnarzt \u2013 Can Tokman (\u201eKlinik\u201c) im Rahmen des Datenschutzgesetzes Nr. 6698 (KVK-Gesetz) und des mir vorgelegten Klarstellungstextes zu. Verarbeitung und Weitergabe meiner personenbezogenen Daten in Social-Media-Konten, die \u00f6ffentliche Online-Kan\u00e4le sind, im Rahmen von Werbe-, Marketing- und Verkaufsf\u00f6rderungsma\u00dfnahmen f\u00fcr Produkte und\/oder Dienstleistungen.<\/p>","protected":false},"author":3,"featured_media":0,"parent":0,"menu_order":0,"comment_status":"closed","ping_status":"closed","template":"","meta":[],"aioseo_notices":[],"_links":{"self":[{"href":"https:\/\/www.cantokman.com\/de\/wp-json\/wp\/v2\/pages\/290"}],"collection":[{"href":"https:\/\/www.cantokman.com\/de\/wp-json\/wp\/v2\/pages"}],"about":[{"href":"https:\/\/www.cantokman.com\/de\/wp-json\/wp\/v2\/types\/page"}],"author":[{"embeddable":true,"href":"https:\/\/www.cantokman.com\/de\/wp-json\/wp\/v2\/users\/3"}],"replies":[{"embeddable":true,"href":"https:\/\/www.cantokman.com\/de\/wp-json\/wp\/v2\/comments?post=290"}],"version-history":[{"count":1,"href":"https:\/\/www.cantokman.com\/de\/wp-json\/wp\/v2\/pages\/290\/revisions"}],"predecessor-version":[{"id":291,"href":"https:\/\/www.cantokman.com\/de\/wp-json\/wp\/v2\/pages\/290\/revisions\/291"}],"wp:attachment":[{"href":"https:\/\/www.cantokman.com\/de\/wp-json\/wp\/v2\/media?parent=290"}],"curies":[{"name":"wp","href":"https:\/\/api.w.org\/{rel}","templated":true}]}}