{"id":287,"date":"2022-07-18T10:38:51","date_gmt":"2022-07-18T10:38:51","guid":{"rendered":"http:\/\/www.cantokman.com\/?page_id=287"},"modified":"2022-07-18T10:38:52","modified_gmt":"2022-07-18T10:38:52","slug":"kisisel-verilerin-korunmasi-ziyaretci-aydinlatma-metni","status":"publish","type":"page","link":"https:\/\/www.cantokman.com\/de\/personenbezogener-datenschutz-besucherinformationstext\/","title":{"rendered":"SCHUTZ PERS\u00d6NLICHER DATEN BESUCHERINFORMATIONSTEXT"},"content":{"rendered":"<p><strong>Datencontroller<\/strong><\/p>\n\n\n\n<p>Gesetz zum Schutz personenbezogener Daten Nr. 6698 (\u201e<strong>Gesetz Nr. 6698<\/strong>\u201e), Ihre personenbezogenen Daten; als Datenverantwortlicher <strong>Zahnarzt \u2013 Can Tokman<\/strong> (\u201e<strong>Klinik<\/strong>\u201e) werden im nachfolgend erl\u00e4uterten Umfang verarbeitet.<\/p>\n\n\n\n<p><strong>Zweck und rechtlicher Grund f\u00fcr die Verarbeitung personenbezogener Daten<\/strong><\/p>\n\n\n\n<p>Ihre personenbezogenen Daten, die in den Kategorien Bild- und Tonaufzeichnungen sowie physische Raumsicherheit durch Aufzeichnung der Videoaufzeichnung erfasst werden, dienen der Gew\u00e4hrleistung der Sicherheit Ihres Besuchs in diesem Geb\u00e4ude und der Gew\u00e4hrleistung der rechtlichen und kommerziellen Sicherheit unserer Klinik und der Personen, die dies tun Gesch\u00e4ftsbeziehungen mit unserer Klinik; Art. des Gesetzes Nr. 6698. Die Verarbeitung erfolgt auf der Grundlage des berechtigten Interesses des Verantwortlichen gem\u00e4\u00df Artikel 5 Absatz 2 Buchstabe f.<\/p>\n\n\n\n<p><strong>An wen und zu welchem Zweck k\u00f6nnen die verarbeiteten personenbezogenen Daten \u00fcbermittelt werden?<\/strong><\/p>\n\n\n\n<p>Eine Weitergabe Ihrer erhobenen personenbezogenen Daten an Dritte oder Institutionen erfolgt grunds\u00e4tzlich nicht. Allerdings k\u00f6nnen wir Ihre personenbezogenen Daten an die anfragenden \u00f6ffentlichen Institutionen und Organisationen weitergeben, um Anfragen von gesetzlich autorisierten \u00f6ffentlichen Institutionen und Organisationen nachzukommen, und auf der Grundlage des rechtlichen Grundes, die in Artikel 5\/2(\u00e7) des Gesetzes geregelten gesetzlichen Verpflichtungen zu erf\u00fcllen Gesetz.<\/p>\n\n\n\n<p><strong>Methode zur Erhebung personenbezogener Daten<\/strong><\/p>\n\n\n\n<p>Die Erfassung erfolgt physisch durch \u00dcberwachungskameras oder durch Sicherheitspersonal am Eingang unserer Klinik.<\/p>\n\n\n\n<p><strong>Ihre Rechte in Bezug auf Ihre personenbezogenen Daten<\/strong><\/p>\n\n\n\n<p>Indem Sie sich bei unserer Klinik als Dateneigent\u00fcmer bewerben;<\/p>\n\n\n\n<ul><li>Erfahren, ob Ihre personenbezogenen Daten verarbeitet werden,<\/li><li>wenn Ihre personenbezogenen Daten verarbeitet wurden, Auskunft dar\u00fcber verlangen,<\/li><li>den Zweck der Verarbeitung Ihrer personenbezogenen Daten zu erfahren und ob sie zweckentsprechend verwendet werden,<\/li><li>Kenntnis der Dritten, an die Ihre personenbezogenen Daten im In- oder Ausland \u00fcbermittelt werden,<\/li><li>Aufforderung zur Berichtigung Ihrer personenbezogenen Daten im Falle einer unvollst\u00e4ndigen oder fehlerhaften Verarbeitung und Aufforderung zur Benachrichtigung der in diesem Rahmen get\u00e4tigten Transaktionen an Dritte, an die Ihre personenbezogenen Daten \u00fcbermittelt wurden,<\/li><li>Wir fordern die L\u00f6schung oder Vernichtung Ihrer personenbezogenen Daten, wenn die Gr\u00fcnde f\u00fcr die Verarbeitung nicht mehr bestehen, auch wenn die Verarbeitung im Einklang mit dem Gesetz und anderen einschl\u00e4gigen Rechtsvorschriften erfolgt ist, und wir verlangen, dass die in diesem Zusammenhang durchgef\u00fchrten Transaktionen Dritten mitgeteilt werden Parteien, an die Ihre personenbezogenen Daten \u00fcbermittelt wurden,<\/li><li>Widersprechen Sie der Entstehung eines nachteiligen Ergebnisses, indem Sie Ihre verarbeiteten Daten ausschlie\u00dflich durch automatische Systeme analysieren.<\/li><li>Wenn Ihre personenbezogenen Daten durch eine rechtswidrige Verarbeitung besch\u00e4digt werden, haben Sie das Recht, Ersatz des Schadens zu verlangen.<\/li><\/ul>\n\n\n\n<p>Wenn Sie Ihre Anfragen zu den oben aufgef\u00fchrten Rechten schriftlich oder gem\u00e4\u00df den anderen im Kommuniqu\u00e9 zu den Verfahren und Grunds\u00e4tzen der Bewerbung an den Datenverantwortlichen festgelegten Antragsverfahren an unsere Klinik richten, werden wir Ihre Anfrage umgehend kostenlos abschlie\u00dfen m\u00f6glich und je nach Art sp\u00e4testens innerhalb von 30 (drei\u00dfig) Tagen. Wenn f\u00fcr die Transaktion jedoch zus\u00e4tzliche Kosten anfallen, kann eine Geb\u00fchr zu dem vom Personal Data Protection Board festgelegten Tarif erhoben werden.<\/p>\n\n\n\n<p>Unsere Kontaktinformationen<\/p>\n\n\n\n<p>Die Kontaktdaten unserer Klinik lauten wie folgt:<strong><\/strong><\/p>\n\n\n\n<p><strong>Zahnarzt \u2013 Can Tokman<\/strong><\/p>\n\n\n\n<p><strong>Adresse:<\/strong> Abdi \u0130pek\u00e7i Cad. Reas\u00fcrans Han 2, Nr.: 61, Etage 6, Te\u015fvikiye \u2013 Istanbul<\/p>\n\n\n\n<p><strong>Telefon:<\/strong> +90 212 234 9234<\/p>\n\n\n\n<p><a><\/a><strong>E-Mail-Addresse:<\/strong> info@cantokman.com<\/p>","protected":false},"excerpt":{"rendered":"<p>Datenverantwortlicher: In \u00dcbereinstimmung mit dem Gesetz zum Schutz personenbezogener Daten Nr. 6698 (\u201eGesetz Nr. 6698\u201c) sind Ihre personenbezogenen Daten; Die Verarbeitung erfolgt durch Dentist \u2013 Can Tokman (\u201eKlinik\u201c) als Datenverantwortlicher im nachstehend erl\u00e4uterten Umfang. Zweck und rechtlicher Grund f\u00fcr die Verarbeitung personenbezogener Daten: Ihre personenbezogenen Daten werden in den Kategorien Bild- und Tonaufzeichnungen sowie physische Raumsicherheit durch Aufzeichnung der Videoaufzeichnung erfasst, [\u2026]<\/p>","protected":false},"author":3,"featured_media":0,"parent":0,"menu_order":0,"comment_status":"closed","ping_status":"closed","template":"","meta":[],"aioseo_notices":[],"_links":{"self":[{"href":"https:\/\/www.cantokman.com\/de\/wp-json\/wp\/v2\/pages\/287"}],"collection":[{"href":"https:\/\/www.cantokman.com\/de\/wp-json\/wp\/v2\/pages"}],"about":[{"href":"https:\/\/www.cantokman.com\/de\/wp-json\/wp\/v2\/types\/page"}],"author":[{"embeddable":true,"href":"https:\/\/www.cantokman.com\/de\/wp-json\/wp\/v2\/users\/3"}],"replies":[{"embeddable":true,"href":"https:\/\/www.cantokman.com\/de\/wp-json\/wp\/v2\/comments?post=287"}],"version-history":[{"count":1,"href":"https:\/\/www.cantokman.com\/de\/wp-json\/wp\/v2\/pages\/287\/revisions"}],"predecessor-version":[{"id":288,"href":"https:\/\/www.cantokman.com\/de\/wp-json\/wp\/v2\/pages\/287\/revisions\/288"}],"wp:attachment":[{"href":"https:\/\/www.cantokman.com\/de\/wp-json\/wp\/v2\/media?parent=287"}],"curies":[{"name":"wp","href":"https:\/\/api.w.org\/{rel}","templated":true}]}}