{"id":273,"date":"2022-07-06T12:54:24","date_gmt":"2022-07-06T12:54:24","guid":{"rendered":"http:\/\/www.cantokman.com\/?page_id=273"},"modified":"2022-07-06T12:58:44","modified_gmt":"2022-07-06T12:58:44","slug":"veri-sahibi-basvuru-formu","status":"publish","type":"page","link":"https:\/\/www.cantokman.com\/de\/dateninhaber-antragsformular\/","title":{"rendered":"Antragsformular f\u00fcr Dateneigent\u00fcmer"},"content":{"rendered":"<p><em>Sie k\u00f6nnen dieses Antragsformular \u00fcber die unten aufgef\u00fchrten Kommunikationswege an uns als den f\u00fcr die Datenverarbeitung Verantwortlichen Zahnarzt \u2013 Can Tokman senden.<\/em><\/p>\n\n\n\n<p><strong><em>R\u00fccksendung per Einschreiben<\/em><\/strong><em>: Abdi \u0130pek\u00e7i Cad. Reas\u00fcrans Han 2, Nr.: 61, Etage 6, Te\u015fvikiye \u2013 Istanbul<\/em><\/p>\n\n\n\n<p><strong><em>WICHTIGER HINWEIS<\/em><\/strong><em>: Bewerbungen m\u00fcssen pers\u00f6nlich sein. Ehepartner, Verwandte, Kinder etc. Der Antrag kann nicht im Namen von gestellt werden. Wenn die Klinik die Identit\u00e4t des Antragstellers vermutet, kann sie von der Person Verifizierungsinformationen anfordern. F\u00fcr den Fall, dass die von Ihnen im Rahmen des Formulars \u00fcbermittelten Informationen zu Ihren Anfragen nicht korrekt und aktuell sind oder ein unbefugter Antrag gestellt wird, \u00fcbernimmt unsere Klinik keine Haftung f\u00fcr solche falschen Informationen oder Anfragen, die aus unbefugten Gr\u00fcnden stammen Anwendungen.<\/em><\/p>\n\n\n\n<ol type=\"1\"><li><strong>INFORMATIONEN \u00dcBER DEN ANTRAGSTELLER<\/strong><\/li><\/ol>\n\n\n\n<p>F\u00fcllen Sie die folgenden Informationen vollst\u00e4ndig aus:<\/p>\n\n\n\n<figure class=\"wp-block-table\"><table><tbody><tr><td>Name und Nachname<\/td><td>&nbsp;<\/td><\/tr><tr><td>T\u00fcrkische Identit\u00e4tsnummer<\/td><td>&nbsp;<\/td><\/tr><tr><td>Adresse<\/td><td>&nbsp;<\/td><\/tr><tr><td>Handy<\/td><td>&nbsp;<\/td><\/tr><tr><td>E-Mail-Addresse<\/td><td>&nbsp;<\/td><\/tr><tr><td>Ihre Beziehung zu unserer Klinik<\/td><td>&nbsp;&nbsp; \u20dd Besucher<\/td><td>&nbsp;&nbsp; \u20dd Kunde<\/td><td>&nbsp;&nbsp;&nbsp; \u20dd Mitarbeiter<\/td><td>&nbsp;&nbsp;&nbsp; \u20ddSonstiges: \u2026<\/td><\/tr><tr><td>&nbsp;&nbsp; \u20ddMitarbeiterkandidat<\/td><td>&nbsp;&nbsp; \u20dd Lieferant<\/td><td>&nbsp;&nbsp; \u20ddMitarbeiter des Kunden\/Lieferanten<\/td><td>&nbsp;<\/td><\/tr><tr><td>Ist Ihre Beziehung zu unserer Klinik beendet?<\/td><td>&nbsp;<\/td><\/tr><\/tbody><\/table><\/figure>\n\n\n\n<ul><li><strong>ANTR\u00c4GE DES ANTRAGSTELLERS<\/strong><\/li><\/ul>\n\n\n\n<p>Bitte spezifizieren Sie Ihre Anfrage im Rahmen des Datenschutzgesetzes unten im Detail:<\/p>\n\n\n\n<p>\u2026\u2026\u2026\u2026\u2026\u2026\u2026\u2026\u2026\u2026\u2026\u2026\u2026\u2026\u2026\u2026\u2026\u2026\u2026\u2026\u2026\u2026\u2026\u2026\u2026\u2026\u2026\u2026\u2026\u2026\u2026\u2026\u2026\u2026\u2026\u2026\u2026\u2026\u2026\u2026\u2026\u2026\u2026\u2026\u2026\u2026\u2026\u2026\u2026\u2026\u2026\u2026\u2026\u2026\u2026\u2026\u2026\u2026\u2026\u2026\u2026 \u2026\u2026\u2026\u2026\u2026\u2026\u2026\u2026\u2026\u2026\u2026\u2026\u2026\u2026\u2026\u2026\u2026\u2026\u2026\u2026\u2026\u2026\u2026\u2026\u2026\u2026\u2026\u2026\u2026\u2026\u2026\u2026\u2026\u2026\u2026\u2026\u2026\u2026\u2026\u2026\u2026\u2026\u2026\u2026\u2026\u2026\u2026\u2026\u2026 \u2026\u2026\u2026\u2026\u2026\u2026\u2026\u2026\u2026\u2026\u2026\u2026\u2026\u2026\u2026\u2026\u2026\u2026\u2026\u2026\u2026\u2026\u2026\u2026\u2026\u2026\u2026\u2026\u2026\u2026\u2026\u2026\u2026\u2026\u2026\u2026\u2026\u2026\u2026\u2026\u2026\u2026\u2026\u2026\u2026\u2026\u2026\u2026\u2026\u2026\u2026\u2026\u2026\u2026\u2026\u2026\u2026\u2026\u2026\u2026\u2026\u2026 \u2026\u2026\u2026\u2026\u2026\u2026\u2026\u2026\u2026\u2026\u2026\u2026\u2026\u2026\u2026\u2026\u2026\u2026\u2026\u2026\u2026\u2026\u2026\u2026\u2026\u2026\u2026\u2026\u2026\u2026\u2026\u2026\u2026\u2026\u2026\u2026\u2026\u2026\u2026\u2026\u2026\u2026\u2026\u2026\u2026\u2026\u2026\u2026\u2026\u2026\u2026\u2026\u2026\u2026\u2026\u2026\u2026\u2026\u2026\u2026\u2026\u2026 \u2026\u2026\u2026\u2026\u2026\u2026\u2026\u2026\u2026\u2026\u2026\u2026\u2026\u2026\u2026\u2026\u2026\u2026\u2026\u2026\u2026\u2026\u2026\u2026\u2026\u2026\u2026\u2026\u2026\u2026\u2026\u2026\u2026\u2026\u2026\u2026\u2026\u2026\u2026\u2026\u2026\u2026\u2026\u2026\u2026\u2026\u2026\u2026\u2026 \u2026\u2026\u2026\u2026\u2026\u2026\u2026\u2026\u2026\u2026\u2026\u2026\u2026\u2026\u2026\u2026\u2026\u2026\u2026\u2026\u2026\u2026\u2026\u2026\u2026\u2026\u2026\u2026\u2026\u2026\u2026\u2026\u2026\u2026\u2026\u2026\u2026\u2026\u2026\u2026\u2026\u2026\u2026\u2026\u2026\u2026\u2026\u2026\u2026\u2026\u2026\u2026\u2026\u2026\u2026\u2026\u2026\u2026\u2026\u2026\u2026 \u2026\u2026\u2026\u2026\u2026\u2026\u2026\u2026\u2026\u2026\u2026\u2026\u2026\u2026\u2026\u2026\u2026\u2026\u2026\u2026\u2026\u2026\u2026\u2026\u2026\u2026\u2026\u2026\u2026\u2026\u2026\u2026\u2026\u2026\u2026\u2026\u2026\u2026\u2026\u2026\u2026\u2026\u2026\u2026\u2026\u2026\u2026\u2026\u2026\u2026\u2026\u2026\u2026\u2026 \u2026\u2026\u2026\u2026\u2026\u2026\u2026\u2026\u2026\u2026\u2026\u2026\u2026\u2026\u2026\u2026\u2026\u2026\u2026\u2026\u2026\u2026\u2026\u2026\u2026\u2026\u2026\u2026\u2026\u2026\u2026\u2026\u2026\u2026\u2026\u2026\u2026\u2026\u2026\u2026\u2026\u2026\u2026\u2026\u2026\u2026\u2026\u2026\u2026 \u2026\u2026\u2026\u2026\u2026\u2026\u2026\u2026\u2026\u2026\u2026\u2026\u2026\u2026\u2026\u2026\u2026\u2026\u2026\u2026\u2026\u2026\u2026\u2026\u2026\u2026\u2026\u2026\u2026\u2026\u2026\u2026\u2026\u2026\u2026\u2026\u2026\u2026\u2026\u2026\u2026\u2026\u2026\u2026\u2026\u2026\u2026\u2026\u2026\u2026\u2026\u2026\u2026\u2026\u2026 \u2026\u2026\u2026\u2026\u2026\u2026\u2026\u2026\u2026. \u2026\u2026\u2026\u2026\u2026\u2026\u2026\u2026\u2026\u2026\u2026\u2026\u2026\u2026\u2026\u2026\u2026\u2026\u2026\u2026\u2026\u2026\u2026\u2026\u2026\u2026\u2026\u2026\u2026\u2026\u2026\u2026\u2026\u2026\u2026\u2026\u2026\u2026. \u2026\u2026 \u2026\u2026\u2026\u2026\u2026\u2026\u2026\u2026\u2026\u2026\u2026\u2026\u2026\u2026\u2026\u2026\u2026\u2026\u2026\u2026\u2026\u2026\u2026\u2026\u2026\u2026\u2026\u2026\u2026\u2026\u2026\u2026\u2026\u2026\u2026\u2026.<\/p>\n\n\n\n<p>Geben Sie gegebenenfalls die Unterlagen an, die Ihrer Bewerbung zugrunde liegen:<\/p>\n\n\n\n<p><strong>Anhang 1:<\/strong>\u2026\u2026\u2026\u2026\u2026\u2026\u2026\u2026\u2026\u2026<\/p>\n\n\n\n<p><strong>Anhang-2:<\/strong>\u2026\u2026\u2026\u2026\u2026\u2026\u2026\u2026\u2026\u2026<\/p>\n\n\n\n<p><strong>Anhang-3:<\/strong>\u2026\u2026\u2026\u2026\u2026\u2026\u2026\u2026\u2026\u2026<\/p>\n\n\n\n<ul><li><strong>ERKL\u00c4RUNG DES ANTRAGSTELLERS<\/strong><\/li><\/ul>\n\n\n\n<p>Im Einklang mit den oben genannten Bitten bitte ich Sie, meine Bewerbung an Ihre Klinik zu pr\u00fcfen und mich zu informieren.<\/p>\n\n\n\n<p>Ich erkl\u00e4re und versichere, dass die Dokumente und Informationen, die ich Ihnen in diesem Antrag zur Verf\u00fcgung gestellt habe, richtig und aktuell sind und mir geh\u00f6ren. Ich willige ein, dass die von mir im Bewerbungsformular gemachten Angaben und Unterlagen ausschlie\u00dflich zum Zweck der Auswertung und Beantwortung meiner Bewerbung, der Zustellung meiner Bewerbung sowie der Feststellung meiner Identit\u00e4t und Adresse durch Ihre Klinik verarbeitet werden.<\/p>\n\n\n\n<p><strong>Ich m\u00f6chte, dass die Bewerbung auf einem der von mir unten markierten Wege beantwortet wird<\/strong><\/p>\n\n\n\n<figure class=\"wp-block-table\"><table><tbody><tr><td>&nbsp; \u20dd<\/td><td>Ich bitte um Zusendung der Antwort an die von mir im Antragsformular angegebene Adresse.<\/td><\/tr><tr><td>&nbsp;&nbsp;&nbsp;&nbsp; \u20dd<\/td><td>Ich bitte um Zusendung der Antwort an meine E-Mail-Adresse, die ich im Antragsformular angegeben habe. (<em>Wir k\u00f6nnen Ihnen schneller antworten, wenn Sie die E-Mail-Methode w\u00e4hlen.<\/em>.)<\/td><\/tr><tr><td>&nbsp;&nbsp;&nbsp;&nbsp; \u20dd<\/td><td>Ich m\u00f6chte es per Hand erhalten. (<em>Bei Empfang durch Bevollm\u00e4chtigte ist eine notariell beglaubigte Vollmacht oder ein notariell beglaubigtes Vollmachtsdokument erforderlich. Angeh\u00f6rige der Person wie Ehepartner oder Vater werden nie informiert.<\/em>.)<\/td><\/tr><\/tbody><\/table><\/figure>\n\n\n\n<p>Vor- und Nachname des Antragstellers (Eigent\u00fcmer der personenbezogenen Daten):<\/p>\n\n\n\n<p>Antragsdatum:<\/p>\n\n\n\n<p>Unterschrift:<\/p>","protected":false},"excerpt":{"rendered":"<p>Sie k\u00f6nnen dieses Antragsformular \u00fcber die unten aufgef\u00fchrten Kommunikationswege an uns als den f\u00fcr die Datenverarbeitung Verantwortlichen Zahnarzt \u2013 Can Tokman senden. Versand per Einschreiben und R\u00fccksendung: Abdi \u0130pek\u00e7i Cad. Reas\u00fcrans Han 2, Nr.: 61, Etage 6, Te\u015fvikiye \u2013 Istanbul WICHTIGER HINWEIS: Bewerbungen m\u00fcssen pers\u00f6nlich erfolgen. Ehepartner, Verwandte, Kinder etc. Der Antrag kann nicht im Namen von gestellt werden. Wenn die Klinik die Identit\u00e4t des Antragstellers vermutet, [\u2026]<\/p>","protected":false},"author":3,"featured_media":0,"parent":0,"menu_order":0,"comment_status":"closed","ping_status":"closed","template":"pages\/page-full.php","meta":[],"aioseo_notices":[],"_links":{"self":[{"href":"https:\/\/www.cantokman.com\/de\/wp-json\/wp\/v2\/pages\/273"}],"collection":[{"href":"https:\/\/www.cantokman.com\/de\/wp-json\/wp\/v2\/pages"}],"about":[{"href":"https:\/\/www.cantokman.com\/de\/wp-json\/wp\/v2\/types\/page"}],"author":[{"embeddable":true,"href":"https:\/\/www.cantokman.com\/de\/wp-json\/wp\/v2\/users\/3"}],"replies":[{"embeddable":true,"href":"https:\/\/www.cantokman.com\/de\/wp-json\/wp\/v2\/comments?post=273"}],"version-history":[{"count":2,"href":"https:\/\/www.cantokman.com\/de\/wp-json\/wp\/v2\/pages\/273\/revisions"}],"predecessor-version":[{"id":278,"href":"https:\/\/www.cantokman.com\/de\/wp-json\/wp\/v2\/pages\/273\/revisions\/278"}],"wp:attachment":[{"href":"https:\/\/www.cantokman.com\/de\/wp-json\/wp\/v2\/media?parent=273"}],"curies":[{"name":"wp","href":"https:\/\/api.w.org\/{rel}","templated":true}]}}