{"id":270,"date":"2022-07-06T12:45:53","date_gmt":"2022-07-06T12:45:53","guid":{"rendered":"http:\/\/www.cantokman.com\/?page_id=270"},"modified":"2022-07-06T12:59:01","modified_gmt":"2022-07-06T12:59:01","slug":"aydinlatma-metni","status":"publish","type":"page","link":"https:\/\/www.cantokman.com\/de\/beleuchtungstext\/","title":{"rendered":"Beleuchtungstext"},"content":{"rendered":"<p><\/p>\n\n\n\n<p><strong>Zahnarzt \u2013 Can Tokman<\/strong> <strong>(&quot;Klinik&quot;)<\/strong> Wir legen Wert auf die Sicherheit Ihrer personenbezogenen Daten, die wir als Datenverantwortlicher verarbeiten, der im Gesetz Nr. 6698 zum Schutz personenbezogener Daten (KVK-Gesetz) definiert ist. Daher m\u00f6chten wir Sie \u00fcber die Verarbeitung Ihrer personenbezogenen Daten informieren.<\/p>\n\n\n\n<p><strong>IHRE VERARBEITETEN PERSONENBEZOGENEN DATEN<\/strong><\/p>\n\n\n\n<p>In \u00dcbereinstimmung mit dem KVK-Gesetz und den sekund\u00e4ren Vorschriften werden Ihre nachstehenden personenbezogenen Daten im Rahmen der im Offenlegungstext angegebenen Zwecke und rechtlichen Gr\u00fcnde verarbeitet.<\/p>\n\n\n\n<ul><li>Identit\u00e4t <em>(Vorname Nachname)<\/em><\/li><li>Kommunikation <em>(E-Mail-Addresse)<\/em><\/li><li>Transaktionssicherheit <em>(IP-Adressinformationen, Website-Ein- und Ausstiegsinformationen, Verbindungszeit\/Dauer der Verkehrsdaten usw.)<\/em><\/li><\/ul>\n\n\n\n<p>Alle anderen Informationen, die Sie uns im Feld \u201eBetreff und Nachricht\u201c w\u00e4hrend des von Ihnen ausgef\u00fcllten Kontaktformulars mitteilen, werden im Rahmen der in diesem Text erl\u00e4uterten Zwecke und Rechtsgrundlagen verarbeitet und \u00fcbermittelt.<\/p>\n\n\n\n<p><strong>ZWECK UND RECHTSGRUNDLAGEN F\u00dcR DIE VERARBEITUNG IHRER PERSONENBEZOGENEN DATEN<\/strong><\/p>\n\n\n\n<p><strong>Gesetzliche Verpflichtungen:<\/strong> Ihre personenbezogenen Daten, KVK Law m. Basierend auf dem in Artikel 5\/2 (\u00e7) genannten Rechtsgrund k\u00f6nnen sie verarbeitet, \u00fcbertragen und f\u00fcr den in den einschl\u00e4gigen Rechtsvorschriften festgelegten oder f\u00fcr den Zweck erforderlichen Zeitraum gespeichert werden, wenn dies durch eine Rechtsvorschrift, der die Klinik unterliegt, erforderlich ist.<\/p>\n\n\n\n<p><strong>Beilegung von Streitigkeiten:<\/strong> Ihre personenbezogenen Daten, KVK Law m. Sie werden verarbeitet und an die zust\u00e4ndigen Justizbeh\u00f6rden weitergegeben, um nachzuweisen, dass die Transaktionen in \u00dcbereinstimmung mit dem Gesetz durchgef\u00fchrt und die gesetzlichen Verpflichtungen erf\u00fcllt werden, basierend auf dem rechtlichen Grund f\u00fcr die Begr\u00fcndung, Nutzung oder den Schutz eines in Artikel 5 genannten Rechts \/2(e).<\/p>\n\n\n\n<p><strong>Vertragsprozesse: <\/strong>Ihre personenbezogenen Daten, KVK Law m. Sie werden zum Zwecke des Abschlusses oder der Erf\u00fcllung von Vertr\u00e4gen, an denen die Klinik beteiligt ist, zur Ausf\u00fchrung von Nachfragen, Eink\u00e4ufen und Verk\u00e4ufen, Finanz- und Buchhaltungsarbeiten, basierend auf dem Rechtsgrund f\u00fcr den Abschluss oder die Erf\u00fcllung eines Vertrages, verarbeitet gem\u00e4\u00df Artikel 5\/2(c) und den in den einschl\u00e4gigen Rechtsvorschriften festgelegten oder beabsichtigten Zwecken so lange wie n\u00f6tig gespeichert werden.<\/p>\n\n\n\n<p><strong>Verbesserung der Dienstleistungen und Kundenzufriedenheit:<\/strong> Ihre personenbezogenen Daten, KVK Law m. Sie k\u00f6nnen verarbeitet werden, um Ihre Beschwerden und Vorschl\u00e4ge auf der Grundlage des in Artikel 5\/2(f) geregelten berechtigten Interesses zu bewerten, Ihre Zufriedenheit sicherzustellen und Ma\u00dfnahmen zur Steigerung der Servicequalit\u00e4t, zur Verbesserung der Dienstleistungen und zur Gew\u00e4hrleistung der Zufriedenheit zu ergreifen und zu tragen Aktivit\u00e4ten basierend auf Kommunikationszwecken durchzuf\u00fchren.<\/p>\n\n\n\n<p><strong>\u00dcBERTRAGUNG IHRER PERSONENBEZOGENEN DATEN<\/strong><\/p>\n\n\n\n<p>Ihre gesammelten personenbezogenen Daten k\u00f6nnen im Rahmen der in Artikel 8 und 9 des KVK-Gesetzes geregelten Bedingungen zur Verarbeitung personenbezogener Daten \u00fcbermittelt werden.<\/p>\n\n\n\n<ul><li>Sie k\u00f6nnen an autorisierte \u00f6ffentliche Einrichtungen und Organisationen weitergegeben werden, die im Rahmen der Erf\u00fcllung unserer gesetzlichen Verpflichtungen Informationen anfordern, basierend auf dem Rechtsgrund der \u201eErf\u00fcllung der gesetzlichen Verpflichtungen des Datenverantwortlichen\u201c, der in Artikel 5\/2 (\u00e7) des KVK geregelt ist Gesetz.<\/li><li>Sie kann an Anwaltskanzleien und andere Berater zum Zwecke der Beweisf\u00fchrung in m\u00f6glichen Streitigkeiten auf der Grundlage des Rechtsgrundes \u201eBegr\u00fcndung, Aus\u00fcbung oder Schutz eines Rechts\u201c, geregelt in Artikel 5\/2 (e) des KVK-Gesetzes, \u00fcbertragen werden Rechtsberatung und technische Unterst\u00fctzung einholen und pr\u00fcfen, ob die Parteien ihren Verpflichtungen nachkommen.<\/li><li>Es kann an inl\u00e4ndische Dienstleister \u00fcbertragen werden, um Speicher- und Archivierungsprozesse, elektronische oder physische Datenspeicherung, Backup-Dienste oder Systeme im Rahmen des in Artikel 5\/2(f) des KVK-Gesetzes geregelten \u201eberechtigten Interesses\u201c durchzuf\u00fchren.<\/li><\/ul>\n\n\n\n<p><strong>VERARBEITUNG UND \u00dcBERTRAGUNG SONSTIGER INFORMATIONEN, DIE IM FELD \u201eBETREFF UND NACHRICHT\u201c GETEILT WERDEN<\/strong><\/p>\n\n\n\n<p>Im Rahmen der Erl\u00e4uterungen in diesem Text; \u00fcber alle Daten, die Sie uns im Feld \u201eBetreff und Nachricht\u201c des von Ihnen ausgef\u00fcllten Kontaktformulars mitteilen; Gem\u00e4\u00df Artikel 5 und 6 des KVK-Gesetzes wird davon ausgegangen, dass Sie der Verarbeitung und \u00dcbertragung im Rahmen der in diesem Text genannten Zwecke zugestimmt haben.<\/p>\n\n\n\n<p><strong>IHRE PRIVATEN PERSONENBEZOGENEN DATEN<\/strong><\/p>\n\n\n\n<p>Unsere Klinik erhebt beim Ausf\u00fcllen Ihre personenbezogenen Daten besonderer Art (Rasse, ethnische Zugeh\u00f6rigkeit, politische Meinung, weltanschauliche \u00dcberzeugung, Religion, Sekte oder andere \u00dcberzeugungen, Kleidung, Vereins-, Stiftungs- oder Gewerkschaftszugeh\u00f6rigkeit, Gesundheit, Sexualleben, strafrechtliche Verurteilung und Sicherheitsma\u00dfnahmen). das Kontaktformular. ) ist nicht zu verlangen. Bitte geben Sie diese Informationen nicht im Kontaktformular weiter.<\/p>\n\n\n\n<p>Wenn Sie diese Informationen jedoch im Kontaktformular teilen; Gem\u00e4\u00df Artikel 6 des KVK-Gesetzes wird davon ausgegangen, dass Sie der Verarbeitung im Rahmen der in diesem Text genannten Zwecke zugestimmt haben.<\/p>\n\n\n\n<p><strong>METHODE ZUR ERHEBUNG IHRER PERSONENBEZOGENEN DATEN<\/strong><\/p>\n\n\n\n<p>Unsere Klinik kann Ihre personenbezogenen Daten im Rahmen der f\u00fcr Sie erbrachten Dienstleistungen und der oben genannten Zwecke der Datenverarbeitung \u00fcber das Kontaktformular auf der Website elektronisch erheben.<\/p>\n\n\n\n<p><strong>SPEICHERUNG IHRER PERSONENBEZOGENEN DATEN<\/strong><\/p>\n\n\n\n<p>Ihre personenbezogenen Daten, basierend auf einer der in Artikel 5 und 6 des KVK-Gesetzes festgelegten Datenverarbeitungsbedingungen und in \u00dcbereinstimmung mit den im 4. Artikel des KVK-Gesetzes festgelegten allgemeinen Grunds\u00e4tzen, insbesondere f\u00fcr den in den einschl\u00e4gigen Rechtsvorschriften festgelegten oder erforderlichen Zeitraum zu diesem Zweck gem\u00e4\u00df dem KVK-Gesetz gespeichert und innerhalb der Vernichtungsfrist vernichtet werden, wobei die Fristen zu ber\u00fccksichtigen sind, die in der gem\u00e4\u00df Artikel 7 des Gesetzes geregelten Aufbewahrungs- und Entsorgungsrichtlinie festgelegt sind.<\/p>\n\n\n\n<p><strong>IHRE RECHTE ALS BETROFFENE PERSON<\/strong><\/p>\n\n\n\n<p>Indem Sie sich als Dateneigent\u00fcmer bei der Klinik bewerben;<\/p>\n\n\n\n<ul><li>Erfahren, ob Ihre personenbezogenen Daten verarbeitet werden,<\/li><li>wenn Ihre personenbezogenen Daten verarbeitet wurden, Auskunft dar\u00fcber verlangen,<\/li><li>den Zweck der Verarbeitung Ihrer personenbezogenen Daten zu erfahren und ob sie zweckentsprechend verwendet werden,<\/li><li>Kenntnis der Dritten, an die Ihre personenbezogenen Daten im In- oder Ausland \u00fcbermittelt werden,<\/li><li>Aufforderung zur Berichtigung Ihrer personenbezogenen Daten im Falle einer unvollst\u00e4ndigen oder fehlerhaften Verarbeitung und Aufforderung zur Benachrichtigung der in diesem Rahmen get\u00e4tigten Transaktionen an Dritte, an die Ihre personenbezogenen Daten \u00fcbermittelt wurden,<\/li><li>Antrag auf L\u00f6schung oder Vernichtung Ihrer personenbezogenen Daten f\u00fcr den Fall, dass die Gr\u00fcnde f\u00fcr die Verarbeitung entfallen, obwohl sie gem\u00e4\u00df dem Gesetz Nr.<\/li><li>Widerspruch gegen die Entstehung eines Ergebnisses gegen Sie, indem Ihre verarbeiteten Daten ausschlie\u00dflich durch automatisierte Systeme analysiert werden,<\/li><li>Sie haben das Recht, Schadensersatz zu verlangen, falls Ihnen aufgrund einer unrechtm\u00e4\u00dfigen Verarbeitung Ihrer personenbezogenen Daten ein Schaden entsteht.<\/li><\/ul>\n\n\n\n<p>Ihre Anfragen bez\u00fcglich Ihrer oben aufgef\u00fchrten Rechte <a href=\"http:\/\/www.resmigazete.gov.tr\/eskiler\/2018\/03\/20180310-6.htm\"><strong>Kommuniqu\u00e9 zu Bewerbungsverfahren und Grunds\u00e4tzen f\u00fcr den Datenverantwortlichen<\/strong><\/a><strong>&#039;<\/strong>Wenn Sie Ihre Anfrage gem\u00e4\u00df den im Artikel beschriebenen Antragsverfahren an die Klinik richten, wird die Klinik Ihre Anfrage je nach Art so schnell wie m\u00f6glich und sp\u00e4testens innerhalb von 30 (drei\u00dfig) Tagen kostenlos bearbeiten. Wenn der Prozess jedoch zus\u00e4tzliche Kosten erfordert, kann die Klinik die Geb\u00fchr in dem vom Datenschutzausschuss festgelegten Tarif erheben.<\/p>\n\n\n\n<p>Unsere Kontaktdaten:<\/p>\n\n\n\n<p><strong>Zahnarzt \u2013 Can Tokman<\/strong><\/p>\n\n\n\n<p><strong>Adresse:<\/strong> Abdi \u0130pek\u00e7i Cad. Reas\u00fcrans Han 2, Nr.: 61, Etage 6, Te\u015fvikiye \u2013 Istanbul<\/p>\n\n\n\n<p><strong>Telefon:<\/strong> +90 212 234 9234<\/p>\n\n\n\n<p><strong>E-Mail-Addresse:<\/strong> info@cantokman.com<\/p>","protected":false},"excerpt":{"rendered":"<p>Als Zahnarzt \u2013 Can Tokman (\u201eKlinik\u201c) legen wir Wert auf die Sicherheit Ihrer personenbezogenen Daten, die wir als Datenverantwortlicher gem\u00e4\u00df dem Gesetz Nr. 6698 zum Schutz personenbezogener Daten (KVK-Gesetz) verarbeiten. Daher m\u00f6chten wir Sie \u00fcber die Verarbeitung Ihrer personenbezogenen Daten informieren. Nachfolgend werden IHRE VERARBEITETEN PERSONENBEZOGENEN DATEN im Rahmen der im Klarstellungstext genannten Zwecke und Rechtsgr\u00fcnde gem\u00e4\u00df KVK-Gesetz und Nebenvorschriften aufgef\u00fchrt.<\/p>","protected":false},"author":3,"featured_media":0,"parent":0,"menu_order":0,"comment_status":"closed","ping_status":"closed","template":"pages\/page-full.php","meta":[],"aioseo_notices":[],"_links":{"self":[{"href":"https:\/\/www.cantokman.com\/de\/wp-json\/wp\/v2\/pages\/270"}],"collection":[{"href":"https:\/\/www.cantokman.com\/de\/wp-json\/wp\/v2\/pages"}],"about":[{"href":"https:\/\/www.cantokman.com\/de\/wp-json\/wp\/v2\/types\/page"}],"author":[{"embeddable":true,"href":"https:\/\/www.cantokman.com\/de\/wp-json\/wp\/v2\/users\/3"}],"replies":[{"embeddable":true,"href":"https:\/\/www.cantokman.com\/de\/wp-json\/wp\/v2\/comments?post=270"}],"version-history":[{"count":2,"href":"https:\/\/www.cantokman.com\/de\/wp-json\/wp\/v2\/pages\/270\/revisions"}],"predecessor-version":[{"id":279,"href":"https:\/\/www.cantokman.com\/de\/wp-json\/wp\/v2\/pages\/270\/revisions\/279"}],"wp:attachment":[{"href":"https:\/\/www.cantokman.com\/de\/wp-json\/wp\/v2\/media?parent=270"}],"curies":[{"name":"wp","href":"https:\/\/api.w.org\/{rel}","templated":true}]}}