{"id":237,"date":"2022-07-06T10:52:59","date_gmt":"2022-07-06T10:52:59","guid":{"rendered":"http:\/\/www.cantokman.com\/?page_id=237"},"modified":"2022-07-06T10:57:35","modified_gmt":"2022-07-06T10:57:35","slug":"cerez-politikasi","status":"publish","type":"page","link":"https:\/\/www.cantokman.com\/de\/cookie-richtlinie\/","title":{"rendered":"Cookie-Richtlinie"},"content":{"rendered":"<p><em>Aktualisierungsdatum: 04.07.2022<\/em><\/p>\n\n\n\n<p><strong>Zahnarzt \u2013 Can Tokman <\/strong>(von jetzt an &quot;<strong>cantokman.com<\/strong>\u201c), verwendet wie viele Websites Cookies, damit Besucher die Website besser erleben k\u00f6nnen.<\/p>\n\n\n\n<p>Diese Cookie-Richtlinie informiert Website-Besucher \u00fcber die Definition des Cookies, Arten von Cookies, <strong>cantokman.com<\/strong> Es wurde erstellt, um Sie \u00fcber die von verwendeten Cookies zu informieren und dar\u00fcber, wie Cookie-Einstellungen verwaltet werden k\u00f6nnen. Wenn die Cookie-Nutzungswarnung auf der Website ausgeschaltet oder die Website weiter genutzt wird, gelten Cookies als genehmigt.<\/p>\n\n\n\n<p>Wenn Sie der Verwendung von Cookies nicht zustimmen, bitten wir Sie, mit der Website nicht fortzufahren oder Ihre Cookie-Einstellungen in Ihrem Browser zu \u00e4ndern. Wir m\u00f6chten Sie daran erinnern, dass einige Funktionen der Website ihre Funktionalit\u00e4t verlieren k\u00f6nnen, wenn Cookies nicht zugelassen werden.<\/p>\n\n\n\n<p><strong>WAS IST COOKIE (\u201eCOOKIE\u201c)?<\/strong><\/p>\n\n\n\n<p>Cookies sind kleine Textdateien, die auf Ihrem Computer oder Mobilger\u00e4t gespeichert werden, wenn Sie eine Website besuchen. Diese Dateien enthalten Ihre IP-Adresse, Anmeldeinformationen, aufgerufene Seiten usw. Daten gespeichert werden. Cookies enthalten keine Daten wie Vor- und Nachname oder Adresse. Dank Cookies k\u00f6nnen Ihre Website-Einstellungen gespeichert, Ihre Sitzung offen gehalten oder Ihnen die Inhalte angezeigt werden, die Sie interessieren.<\/p>\n\n\n\n<p>Ausf\u00fchrliche Informationen zu Cookies <a href=\"http:\/\/www.aboutcookies.org\">www.aboutcookies.org<\/a> und <a href=\"http:\/\/www.allaboutcookies.org\">www.allaboutcookies.org<\/a> Sie k\u00f6nnen ihre Adressen besuchen.<\/p>\n\n\n\n<p><strong>ARTEN VON COOKIES<\/strong><\/p>\n\n\n\n<p>Cookies werden nach Kriterien wie ihrer Speicherdauer auf Mobilger\u00e4ten und von wem sie platziert werden, in verschiedene Arten eingeteilt. Die grunds\u00e4tzliche Unterscheidung im Rahmen dieser Kriterien ist wie folgt:<\/p>\n\n\n\n<ul><li><strong>Sitzungscookies\/dauerhafte Cookies: <\/strong>Sitzungscookies<strong>, <\/strong>Sie sind tempor\u00e4re Cookies und werden nach dem Schlie\u00dfen des Browsers vom Endger\u00e4t gel\u00f6scht. Die Hauptfunktion dieser Cookies besteht darin, sicherzustellen, dass die Website ordnungsgem\u00e4\u00df funktioniert. Persistente Cookies hingegen verbleiben auf dem Ger\u00e4t, bis sie vom Besucher gel\u00f6scht werden oder nach dem Schlie\u00dfen des Browsers ablaufen. Persistente Cookies erm\u00f6glichen es Websites, sich daran zu erinnern, was Sie bevorzugen, wenn Sie zur\u00fcckkommen. Wenn Sie sich beispielsweise beim ersten Besuch der Website daf\u00fcr entscheiden, auf Deutsch zu lesen, wird sie beim n\u00e4chsten Besuch der Website automatisch auf Deutsch angezeigt. Dadurch, dass Sie nicht immer eine bevorzugte Sprache ausw\u00e4hlen m\u00fcssen, ist es f\u00fcr Sie bequemer, effizienter und benutzerfreundlicher.<\/li><li><strong>Erstanbieter-\/Drittanbieter-Cookies: <\/strong>Erstanbieter-Cookies sind Cookies, die vom Betreiber der besuchten Website auf dem Ger\u00e4t platziert werden. Cookies von Drittanbietern sind Cookies, die auf dem Ger\u00e4t platziert und von anderen Personen als dem Betreiber der besuchten Website kontrolliert werden.<\/li><\/ul>\n\n\n\n<p><strong>WELCHE COOKIES VERWENDEN WIR?<\/strong><\/p>\n\n\n\n<p><strong>cantokman.com<\/strong> verwendet verschiedene Arten von Cookies.<\/p>\n\n\n\n<p><strong>Obligatorische Cookies:<\/strong> Dies sind technische Cookies, die das ordnungsgem\u00e4\u00dfe Funktionieren der Website und die Nutzung ihrer Funktionen erm\u00f6glichen. Sie geh\u00f6ren zur Kategorie der Session-Cookies. Wenn diese Cookies blockiert werden, f\u00fchrt dies dazu, dass die Funktionen der Website nicht genutzt werden k\u00f6nnen. Die Zustimmung unserer Besucher ist f\u00fcr die Verwendung von obligatorischen Cookies nicht erforderlich.<\/p>\n\n\n\n<p><strong>Analyse-Cookies:<\/strong> <strong>cantokman.com<\/strong> verwendet analytische Cookies, um Ihre Website-Erfahrung zu verbessern. Analytische Cookies erm\u00f6glichen es uns zu verstehen, wie unsere Besucher die Website nutzen (z. B. welche Seiten sie besuchen, Dauer des Besuchs usw.). Daher, <strong>cantokman.com<\/strong> k\u00f6nnen die angebotenen Inhalte verbessern oder das Website-Design \u00e4ndern. Zu Analysezwecken wird Google Analytics, eines der Webanalyse-Tools, eingesetzt. Ausf\u00fchrliche Informationen zum Web-Monitoring <a href=\"https:\/\/policies.google.com\/privacy?hl=tr\" target=\"_blank\" rel=\"noreferrer noopener\" title=\"\">Klicken Sie auf Google Datenschutzrichtlinie <\/a>Sie k\u00f6nnen finden. <a href=\"https:\/\/policies.google.com\/privacy?hl=tr\" target=\"_blank\" rel=\"noreferrer noopener\" title=\"Klicken Sie hier, um sich aus dem Geltungsbereich von Google Analytics herauszuhalten\">Klicken Sie hier, um sich aus dem Geltungsbereich von Google Analytics herauszuhalten<\/a><a>.<\/a>\u00a0<\/p>\n\n\n\n<p><strong>Funktionalit\u00e4ts-Cookies:<\/strong> Wenn Sie die Website erneut besuchen, werden Ihre Spracheinstellungen, die Regionsauswahl usw. erm\u00f6glicht es, sich daran zu erinnern.<\/p>\n\n\n\n<p><strong>Social-Media-Plugins: cantokman.com <\/strong>Auf der Website und in der mobilen Anwendung sind verschiedene Social-Media-Plugins integriert. Wenn auf eine der integrierten Social-Media-Schaltfl\u00e4chen geklickt wird, werden einige Ihrer Informationen mit Social-Media-Anbietern geteilt. Wenn Sie gleichzeitig bei dem Social-Media-Konto angemeldet sind oder Social-Media-Cookies in Ihrem Browser gespeichert sind, kann der Social-Media-Anbieter Ihren Besuch auf unserer Website oder mobilen Anwendung erkennen und diese Aktivit\u00e4ten in Ihrem Social-Media-Profil anzeigen.<\/p>\n\n\n\n<p>Auch wenn Sie kein Konto bei einem sozialen Netzwerk (z. B. Facebook) besitzen, sich bei dem Anbieter des Plug-ins anmelden oder das Plug-in anklicken, ist es m\u00f6glich, dass die Social-Media-Anbieter Informationen wie URL oder IP-Adresse speichern eine besuchte Website.<\/p>\n\n\n\n<p>Ihre sozialen Netzwerke <strong>cantokman.com<\/strong> Um zu verhindern, dass die Website Ihren Besuch Ihren Benutzerkonten zuordnet, m\u00fcssen Sie sich vor dem Besuch unserer Website von Ihrem Benutzerkonto abmelden.<\/p>\n\n\n\n<p><strong>cantokman.com <\/strong>Wir empfehlen Ihnen, die Datenschutzerkl\u00e4rung der jeweiligen Social-Media-Plattform zu lesen, um weitere Informationen zu den in die Website und die mobile Anwendung integrierten Social-Media-Plug-ins zu erhalten.<\/p>\n\n\n\n<p>Facebook: <a>https:\/\/tr-tr.facebook.com\/privacy\/explanation<\/a><\/p>\n\n\n\n<p>Twitter: <a href=\"https:\/\/twitter.com\/en\/privacy#update\" target=\"_blank\" rel=\"noreferrer noopener\">https:\/\/twitter.com\/en\/privacy#update<\/a><\/p>\n\n\n\n<p>Google YouTube: <a href=\"https:\/\/policies.google.com\/privacy?hl=tr&amp;gl=ZZ\" target=\"_blank\" rel=\"noreferrer noopener\">https:\/\/policies.google.com\/privacy?hl=tr&amp;gl=ZZ<\/a><\/p>\n\n\n\n<p>Pinterest: <a href=\"https:\/\/policy.pinterest.com\/tr\/privacy-policy\" target=\"_blank\" rel=\"noreferrer noopener\">https:\/\/policy.pinterest.com\/tr\/privacy-policy<\/a><\/p>\n\n\n\n<p>Instagram: <a href=\"https:\/\/help.instagram.com\/155833707900388\" target=\"_blank\" rel=\"noreferrer noopener\">https:\/\/help.instagram.com\/155833707900388<\/a><\/p>\n\n\n\n<p>Linkedin: <a href=\"https:\/\/www.linkedin.com\/legal\/privacy-policy?_l=tr_TR\" target=\"_blank\" rel=\"noreferrer noopener\">https:\/\/www.linkedin.com\/legal\/privacy-policy?_l=tr_TR&nbsp;<\/a><\/p>\n\n\n\n<p><strong>Nachfolgend finden Sie detaillierte Informationen \u00fcber die Arten von Cookies, die auf unserer Website verwendet werden, und wie diese Cookies verwendet werden.<\/strong><\/p>\n\n\n\n<figure class=\"wp-block-table is-style-stripes\"><table><tbody><tr><td>_ga<\/td><td>cantokman.com &nbsp;<\/td><td>Das von Google Analytics installierte _ga-Cookie berechnet Besucher-, Sitzungs- und Kampagnendaten und verfolgt auch die Websitenutzung f\u00fcr den Analysebericht der Website. Das Cookie speichert Informationen anonym und weist eine zuf\u00e4llig generierte Nummer zu, um eindeutige Besucher zu identifizieren.<\/td><td>2 Jahre<\/td><td>Analytisch<\/td><\/tr><tr><td>_gid<\/td><td>cantokman.com &nbsp;<\/td><td>Das von Google Analytics installierte _gid-Cookie speichert Informationen dar\u00fcber, wie Besucher eine Website nutzen, und generiert gleichzeitig einen Analysebericht \u00fcber die Leistung der Website. Einige der gesammelten Daten umfassen die Anzahl der Besucher, ihre Herkunft und die Seiten, die sie anonym besuchen.<\/td><td>1 Tag<\/td><td>Analytisch<\/td><\/tr><tr><td>_gat_gtag_UA_42091092_1<\/td><td>cantokman.com &nbsp;<\/td><td>Es wird von Google gesetzt, um Benutzer zu unterscheiden.<\/td><td>1 Minute<\/td><td>Analytisch<\/td><\/tr><tr><td>PHPSESSID<\/td><td>cantokman.com<\/td><td>Dieses Cookie ist spezifisch f\u00fcr PHP-Anwendungen. Das Cookie wird verwendet, um die eindeutige Sitzungs-ID eines Benutzers zu speichern und zu identifizieren, um die Benutzersitzung auf der Website zu verwalten. Das Cookie ist ein Session-Cookie und wird gel\u00f6scht, wenn alle Browserfenster geschlossen werden.<\/td><td>Sitzung<\/td><td>Obligatorisch<\/td><\/tr><tr><td>_gat<\/td><td>.cantokman.com<\/td><td>Diese Cookies werden von Google Universal Analytics gesetzt, um die Anforderungsrate zu senken und die Datenerfassung auf stark frequentierten Websites zu begrenzen.<\/td><td>1 Minute<\/td><td>Leistung<\/td><\/tr><\/tbody><\/table><\/figure>\n\n\n\n<p><strong>WIE K\u00d6NNEN SIE IHRE COOKIE-PR\u00c4FERENZEN \u00c4NDERN?<\/strong><\/p>\n\n\n\n<p>Es ist m\u00f6glich, Cookies zu personalisieren oder vollst\u00e4ndig zu blockieren, indem Sie die Einstellungen des von Ihnen verwendeten Browsers \u00e4ndern. Sie k\u00f6nnen Ihren Browser so einstellen, dass er alle Cookies ablehnt oder anzeigt, wenn ein Cookie an Ihren Computer gesendet wird. Dies kann jedoch dazu f\u00fchren, dass unsere Websites oder Dienste nicht ordnungsgem\u00e4\u00df funktionieren. Sie k\u00f6nnen Ihren Browser auch so einstellen, dass er Cookies jedes Mal l\u00f6scht, wenn Sie mit dem Surfen fertig sind. Detaillierte Informationen zu den zu befolgenden Schritten f\u00fcr verschiedene Browser finden Sie unter den folgenden Links:<\/p>\n\n\n\n<figure class=\"wp-block-table is-style-stripes\"><table><tbody><tr><td><strong>Browsername<\/strong><\/td><td><strong>Verkn\u00fcpfung<\/strong><\/td><\/tr><tr><td>Google Chrome<\/td><td><a href=\"https:\/\/support.google.com\/chrome\/answer\/95647?co=GENIE.Platform%3DDesktop&amp;hl=tr\">https:\/\/support.google.com\/chrome\/answer\/95647?co=GENIE.Platform%3DDesktop&amp;hl=tr<\/a><\/td><\/tr><tr><td>Internet Explorer<\/td><td><a href=\"https:\/\/support.microsoft.com\/tr-tr\/help\/17442\/windows-internet-explorer-delete-manage-cookies\">https:\/\/support.microsoft.com\/tr-tr\/help\/17442\/windows-internet-explorer-delete-manage-cookies<\/a><\/td><\/tr><tr><td>Mozilla-Firefox<\/td><td><a href=\"https:\/\/support.mozilla.org\/tr\/kb\/cerezleri-silme-web-sitelerinin-bilgilerini-kaldirma\">https:\/\/support.mozilla.org\/tr\/kb\/cerezleri-silme-web-sitelerinin-bilgilerini-kaldirma<\/a><\/td><\/tr><tr><td>Jandex<\/td><td><a href=\"https:\/\/yandex.com.tr\/support\/browser-classic\/personal-data-protection\/cookies.xml\">https:\/\/yandex.com.tr\/support\/browser-classic\/personal-data-protection\/cookies.xml<\/a><\/td><\/tr><tr><td>Safari<\/td><td><a href=\"https:\/\/support.apple.com\/kb\/PH21411?locale=tr_TR\">https:\/\/support.apple.com\/kb\/PH21411?locale=tr_TR<\/a><\/td><\/tr><\/tbody><\/table><\/figure>\n\n\n\n<p>Um Cookie-Einstellungen in anderen Browsern zu verwalten, k\u00f6nnen Sie die Hilfe- oder Support-Seite des entsprechenden Browsers einsehen.<\/p>\n\n\n\n<p><strong>IHRE RECHTE IN BEZUG AUF IHRE PERSONENBEZOGENEN DATEN<\/strong><\/p>\n\n\n\n<p>Als Dateneigent\u00fcmer <strong>Kann Tokman<\/strong>durch Bewerbung bei;<\/p>\n\n\n\n<ul><li>Erfahren, ob Ihre personenbezogenen Daten verarbeitet werden,<\/li><li>wenn Ihre personenbezogenen Daten verarbeitet wurden, Auskunft dar\u00fcber verlangen,<\/li><li>den Zweck der Verarbeitung Ihrer personenbezogenen Daten zu erfahren und ob sie zweckentsprechend verwendet werden,<\/li><li>Kenntnis der Dritten, an die Ihre personenbezogenen Daten im In- oder Ausland \u00fcbermittelt werden,<\/li><li>Aufforderung zur Berichtigung Ihrer personenbezogenen Daten im Falle einer unvollst\u00e4ndigen oder fehlerhaften Verarbeitung und Aufforderung zur Benachrichtigung der in diesem Rahmen get\u00e4tigten Transaktionen an Dritte, an die Ihre personenbezogenen Daten \u00fcbermittelt wurden,<\/li><li>Antrag auf L\u00f6schung oder Vernichtung Ihrer personenbezogenen Daten f\u00fcr den Fall, dass die Gr\u00fcnde f\u00fcr die Verarbeitung entfallen, obwohl sie gem\u00e4\u00df dem Gesetz Nr.<\/li><li>Widerspruch gegen die Entstehung eines Ergebnisses gegen Sie, indem Ihre verarbeiteten Daten ausschlie\u00dflich durch automatisierte Systeme analysiert werden,<\/li><li>Sie haben das Recht, Schadensersatz zu verlangen, falls Ihnen aufgrund einer unrechtm\u00e4\u00dfigen Verarbeitung Ihrer personenbezogenen Daten ein Schaden entsteht.<\/li><\/ul>\n\n\n\n<p>Sie k\u00f6nnen Ihre Antr\u00e4ge bez\u00fcglich Ihrer oben aufgef\u00fchrten Rechte an die im Amtsblatt ver\u00f6ffentlichten stellen. <a href=\"http:\/\/www.resmigazete.gov.tr\/eskiler\/2018\/03\/20180310-6.htm\" target=\"_blank\" rel=\"noreferrer noopener\">Kommuniqu\u00e9 zu Bewerbungsverfahren und Grunds\u00e4tzen f\u00fcr den Datenverantwortlichen<\/a>Falls Sie es gem\u00e4\u00df den in <strong>Kann Tokman <\/strong>wird Ihre Anfrage je nach Art so schnell wie m\u00f6glich und sp\u00e4testens innerhalb von 30 (drei\u00dfig) Tagen kostenlos bearbeiten. Wenn die Transaktion jedoch zus\u00e4tzliche Kosten erfordert, <strong>Kann Tokman <\/strong>Es kann die Geb\u00fchr in dem vom Datenschutzausschuss festgelegten Tarif erhalten.<\/p>\n\n\n\n<p>Um Ihre oben genannten Rechte zu nutzen, Ihre Anfrage einschlie\u00dflich der notwendigen Informationen zur Identifizierung Ihrer Identit\u00e4t und Ihrer Erl\u00e4uterungen zu Ihrem Recht, das Sie von den in Artikel 11 des KVK-Gesetzes festgelegten Rechten aus\u00fcben m\u00f6chten; Sie k\u00f6nnen das Antragsformular auf unserer Website ausf\u00fcllen und unterschrieben an unsere Adresse senden, pers\u00f6nlich abgeben oder \u00fcber einen Notar an unsere Adresse senden.<\/p>\n\n\n\n<p>Die Kontaktdaten unserer Klinik lauten wie folgt:<\/p>\n\n\n\n<p><strong>Zahnarzt \u2013 Can Tokman<\/strong><\/p>\n\n\n\n<p><strong>Adresse: Abdi \u0130pek\u00e7i Cad. Reas\u00fcrans Han 2, Nr.: 61, Etage 6, Te\u015fvikiye \u2013 Istanbul<\/strong><\/p>\n\n\n\n<p><strong>Telefon: <\/strong>+90 212 234 9234<\/p>\n\n\n\n<p><strong>E-Mail-Addresse: <\/strong><a href=\"mailto:info@cantokman.com\" target=\"_blank\" rel=\"noreferrer noopener\"><strong>info@cantokman.com<\/strong><\/a><\/p>\n\n\n\n<hr class=\"wp-block-separator\"\/>\n\n\n\n<p><a id=\"_msocom_1\"><\/a><\/p>","protected":false},"excerpt":{"rendered":"<p>Aktualisierungsdatum: 04.07.2022 Zahnarzt \u2013 Can Tokman (im Folgenden \u201ecantokman.com\u201c) verwendet wie viele Websites Cookies, damit Besucher die Website besser erleben k\u00f6nnen. Diese Cookie-Richtlinie wurde erstellt, um Website-Besucher \u00fcber die Definition von Cookies, Arten von Cookies, von cantokman.com verwendete Cookies und dar\u00fcber zu informieren, wie Cookie-Einstellungen verwaltet werden k\u00f6nnen. Die Verwendung von Cookies auf der Website [\u2026]<\/p>","protected":false},"author":3,"featured_media":0,"parent":0,"menu_order":0,"comment_status":"closed","ping_status":"closed","template":"pages\/page-full.php","meta":[],"aioseo_notices":[],"_links":{"self":[{"href":"https:\/\/www.cantokman.com\/de\/wp-json\/wp\/v2\/pages\/237"}],"collection":[{"href":"https:\/\/www.cantokman.com\/de\/wp-json\/wp\/v2\/pages"}],"about":[{"href":"https:\/\/www.cantokman.com\/de\/wp-json\/wp\/v2\/types\/page"}],"author":[{"embeddable":true,"href":"https:\/\/www.cantokman.com\/de\/wp-json\/wp\/v2\/users\/3"}],"replies":[{"embeddable":true,"href":"https:\/\/www.cantokman.com\/de\/wp-json\/wp\/v2\/comments?post=237"}],"version-history":[{"count":5,"href":"https:\/\/www.cantokman.com\/de\/wp-json\/wp\/v2\/pages\/237\/revisions"}],"predecessor-version":[{"id":244,"href":"https:\/\/www.cantokman.com\/de\/wp-json\/wp\/v2\/pages\/237\/revisions\/244"}],"wp:attachment":[{"href":"https:\/\/www.cantokman.com\/de\/wp-json\/wp\/v2\/media?parent=237"}],"curies":[{"name":"wp","href":"https:\/\/api.w.org\/{rel}","templated":true}]}}