{"id":12,"date":"2015-02-09T12:17:41","date_gmt":"2015-02-09T12:17:41","guid":{"rendered":"http:\/\/www.cantokman.com\/?page_id=12"},"modified":"2015-08-14T00:53:14","modified_gmt":"2015-08-14T00:53:14","slug":"ozgecmis","status":"publish","type":"page","link":"https:\/\/www.cantokman.com\/de\/fortsetzen\/","title":{"rendered":"Fortsetzen"},"content":{"rendered":"<p style=\"line-height: 18.0pt;\"><a href=\"http:\/\/www.cantokman.com\/wp-content\/uploads\/2015\/02\/di\u015f-hekimi-can-tokman.png\"><img decoding=\"async\" loading=\"lazy\" class=\"alignnone size-medium wp-image-14\" src=\"http:\/\/www.cantokman.com\/wp-content\/uploads\/2015\/02\/di\u015f-hekimi-can-tokman-253x300.png\" alt=\"Zahnarzt kann Kn\u00f6chel\" width=\"253\" height=\"300\" srcset=\"https:\/\/www.cantokman.com\/wp-content\/uploads\/2015\/02\/di\u015f-hekimi-can-tokman-253x300.png 253w, https:\/\/www.cantokman.com\/wp-content\/uploads\/2015\/02\/di\u015f-hekimi-can-tokman.png 475w\" sizes=\"(max-width: 253px) 100vw, 253px\" \/><\/a><\/p>\n<p style=\"line-height: 18.0pt;\"><span style=\"font-family: 'Georgia','serif'; color: #333333;\">Can Tokman wurde 1967 in Ankara geboren, schloss 1984 seine Highschool-Ausbildung am TED Ankara College ab und trat 1990 in die Hacettepe-Fakult\u00e4t f\u00fcr Zahnmedizin ein, die seine erste Wahl war. <strong>Zahnarzt<\/strong> Abschluss als<\/span><\/p>\n<p style=\"line-height: 18.0pt;\"><span style=\"font-family: 'Georgia','serif'; color: #333333;\">Zwischen 1991-1997 arbeitete er bei Prof. Dr. Cengiz Tokman in Ankara. <strong>\u00e4sthetische prothetische Behandlungen<\/strong> und fungierte als Organisator der Konferenzreihe \u201e100 Fragen zu Porzellankronen und -br\u00fccken\u201c in verschiedenen Teilen der T\u00fcrkei. Nochmal Prof. Er arbeitete an der Einrichtung des Dental Information Center, das Cengiz Tokman ins Leben rief, und teilte seine Erfahrungen, indem er sowohl Zahn\u00e4rzte als auch Zahntechniker in Kursen \u00fcber die Konstruktionstechniken von Porzellankronen und -br\u00fccken unterrichtete.<\/span><\/p>\n<p style=\"line-height: 18.0pt;\"><span style=\"font-family: 'Georgia','serif'; color: #333333;\">Er besuchte verschiedene Berufsausbildungen im Ausland und in der T\u00fcrkei, haupts\u00e4chlich in England, Deutschland und Griechenland. Er nahm als Diskussionsteilnehmer und Redner an verschiedenen Zahnmedizinkongressen in der T\u00fcrkei zu verschiedenen Themen teil, insbesondere zu Mundkrebs und Porzellankronen und -br\u00fccken. Er hat Studien zu Funktionen und \u00c4sthetik bei totalen oder partiellen Zahndefiziten und Farbe in Porzellan durchgef\u00fchrt.<\/span><\/p>\n<p style=\"line-height: 18.0pt;\"><span style=\"font-family: 'Georgia','serif'; color: #333333;\">Kann Tokman, der sehr gut Englisch und Deutsch spricht, insbesondere bei prothetischen Behandlungen auf Implantaten u <strong>\u00c4sthetische Zahnheilkunde<\/strong> konzentrierte sich auf Probleme.<\/span><\/p>\n<p style=\"line-height: 18.0pt;\"><span style=\"font-family: 'Georgia','serif'; color: #333333;\">Zwischen 1997 und 2007 lie\u00df er sich nach intensiver T\u00e4tigkeit auf dem Gebiet der prothetischen Zahnbehandlung und Implantologie im Dentanet Private Oral and Dental Health Center in Ankara in Istanbul nieder.<\/span><\/p>\n<p style=\"line-height: 18.0pt;\"><span style=\"font-family: 'Georgia','serif'; color: #333333;\">Er nimmt weiterhin Patienten mit Fach\u00e4rzten in seiner Klinik auf, die auch \u00e4sthetisch-plastische Chirurgie und kieferorthop\u00e4dische Leistungen anbietet.<\/span><\/p>\n<p style=\"line-height: 18.0pt;\"><span style=\"font-family: 'Georgia','serif'; color: #333333;\">Sie k\u00f6nnen das folgende Formular f\u00fcr die Fragen ausf\u00fcllen, die Sie stellen m\u00f6chten.<\/span><\/p>\n<div role=\"form\" class=\"wpcf7\" id=\"wpcf7-f4-o1\" lang=\"tr-TR\" dir=\"ltr\">\n<div class=\"screen-reader-response\"><p role=\"status\" aria-live=\"polite\" aria-atomic=\"true\"><\/p> <ul><\/ul><\/div>\n<form action=\"\/de\/wp-json\/wp\/v2\/pages\/12#wpcf7-f4-o1\" method=\"post\" class=\"wpcf7-form init\" novalidate=\"novalidate\" data-status=\"init\" data-trp-original-action=\"\/de\/wp-json\/wp\/v2\/pages\/12#wpcf7-f4-o1\">\n<div style=\"display: none;\">\n<input type=\"hidden\" name=\"_wpcf7\" value=\"4\" \/>\n<input type=\"hidden\" name=\"_wpcf7_version\" value=\"5.6\" \/>\n<input type=\"hidden\" name=\"_wpcf7_locale\" value=\"tr_TR\" \/>\n<input type=\"hidden\" name=\"_wpcf7_unit_tag\" value=\"wpcf7-f4-o1\" \/>\n<input type=\"hidden\" name=\"_wpcf7_container_post\" value=\"0\" \/>\n<input type=\"hidden\" name=\"_wpcf7_posted_data_hash\" value=\"\" \/>\n<\/div>\n<p>Ihr Name (erforderlich)<br \/>\n    <span class=\"wpcf7-form-control-wrap\" data-name=\"your-name\"><input type=\"text\" name=\"your-name\" value=\"\" size=\"40\" class=\"wpcf7-form-control wpcf7-text wpcf7-validates-as-required\" aria-required=\"true\" aria-invalid=\"false\" \/><\/span> <\/p>\n<p>Ihre E-Mailadresse (erforderlich)<br \/>\n    <span class=\"wpcf7-form-control-wrap\" data-name=\"your-email\"><input type=\"email\" name=\"your-email\" value=\"\" size=\"40\" class=\"wpcf7-form-control wpcf7-text wpcf7-email wpcf7-validates-as-required wpcf7-validates-as-email\" aria-required=\"true\" aria-invalid=\"false\" \/><\/span> <\/p>\n<p>Thema<br \/>\n    <span class=\"wpcf7-form-control-wrap\" data-name=\"your-subject\"><input type=\"text\" name=\"your-subject\" value=\"\" size=\"40\" class=\"wpcf7-form-control wpcf7-text\" aria-invalid=\"false\" \/><\/span> <\/p>\n<p>Ihre Nachricht<br \/>\n    <span class=\"wpcf7-form-control-wrap\" data-name=\"your-message\"><textarea name=\"your-message\" cols=\"40\" rows=\"10\" class=\"wpcf7-form-control wpcf7-textarea\" aria-invalid=\"false\"><\/textarea><\/span> <\/p>\n<p><input type=\"submit\" value=\"Senden\" class=\"wpcf7-form-control has-spinner wpcf7-submit\" \/><\/p>\n<p>Ausf\u00fchrliche Informationen zur Verarbeitung Ihrer personenbezogenen Daten <a href=\"https:\/\/www.cantokman.com\/de\/beleuchtungstext\/\";>Zum Beleuchtungstext<\/a> per Klick zugreifen.<\/p>\n<div class=\"wpcf7-response-output\" aria-hidden=\"true\"><\/div><input type=\"hidden\" name=\"trp-form-language\" value=\"de\"\/><\/form><\/div>","protected":false},"excerpt":{"rendered":"<p>Can Tokman wurde 1967 in Ankara geboren und trat nach Abschluss seiner Highschool-Ausbildung am TED Ankara College 1984 in die Hacettepe-Fakult\u00e4t f\u00fcr Zahnmedizin ein, die seine erste Wahl war, und schloss 1990 sein Studium als Zahnarzt ab. Zwischen 1991-1997 arbeitete er mit Prof. Dr. Cengiz Tokman an \u00e4sthetischen prothetischen Behandlungen in Ankara und nahm an einer Reihe von Konferenzen mit dem Titel \u201e100 Fragen zu Porzellankronen und -br\u00fccken\u201c in verschiedenen Teilen der T\u00fcrkei teil.<\/p>","protected":false},"author":2,"featured_media":0,"parent":0,"menu_order":0,"comment_status":"open","ping_status":"open","template":"","meta":[],"aioseo_notices":[],"_links":{"self":[{"href":"https:\/\/www.cantokman.com\/de\/wp-json\/wp\/v2\/pages\/12"}],"collection":[{"href":"https:\/\/www.cantokman.com\/de\/wp-json\/wp\/v2\/pages"}],"about":[{"href":"https:\/\/www.cantokman.com\/de\/wp-json\/wp\/v2\/types\/page"}],"author":[{"embeddable":true,"href":"https:\/\/www.cantokman.com\/de\/wp-json\/wp\/v2\/users\/2"}],"replies":[{"embeddable":true,"href":"https:\/\/www.cantokman.com\/de\/wp-json\/wp\/v2\/comments?post=12"}],"version-history":[{"count":0,"href":"https:\/\/www.cantokman.com\/de\/wp-json\/wp\/v2\/pages\/12\/revisions"}],"wp:attachment":[{"href":"https:\/\/www.cantokman.com\/de\/wp-json\/wp\/v2\/media?parent=12"}],"curies":[{"name":"wp","href":"https:\/\/api.w.org\/{rel}","templated":true}]}}