{"id":109,"date":"2015-02-09T17:45:54","date_gmt":"2015-02-09T17:45:54","guid":{"rendered":"http:\/\/www.cantokman.com\/?page_id=109"},"modified":"2021-04-03T01:05:03","modified_gmt":"2021-04-03T01:05:03","slug":"randevu-bilgileri","status":"publish","type":"page","link":"https:\/\/www.cantokman.com\/de\/termin-informationen\/","title":{"rendered":"Termininformationen"},"content":{"rendered":"<p><a href=\"http:\/\/www.cantokman.com\/wp-content\/uploads\/2015\/02\/di\u015f-hekimi-can-tokman.png\"><img decoding=\"async\" loading=\"lazy\" class=\"wp-image-14 alignleft\" src=\"http:\/\/www.cantokman.com\/wp-content\/uploads\/2015\/02\/di\u015f-hekimi-can-tokman.png\" alt=\"\" width=\"293\" height=\"348\" srcset=\"https:\/\/www.cantokman.com\/wp-content\/uploads\/2015\/02\/di\u015f-hekimi-can-tokman.png 475w, https:\/\/www.cantokman.com\/wp-content\/uploads\/2015\/02\/di\u015f-hekimi-can-tokman-253x300.png 253w\" sizes=\"(max-width: 293px) 100vw, 293px\" \/><\/a><\/p>\n<p>Unter den heutigen Bedingungen ist die Zeit eines jeden im Gro\u00dfstadtleben sehr kostbar. Deshalb arbeiten wir nach Terminvereinbarung.<\/p>\n<p>Wir erwarten, dass Sie Ihren Termin so genau wie m\u00f6glich einhalten. In diesem Fall werden wir nicht die Zeit unserer Patienten verschwenden, die nach Ihnen kommen werden. In der Regel dauert ein Terminvorgang bis zu 50 Minuten. Nachdem Sie vom Sofa aufgestanden sind, wird das Zimmer gereinigt und desinfiziert. Dies dauert etwa 10 Minuten. In einigen F\u00e4llen kann der Prozess, der mit 50 Minuten vorgesehen ist, jedoch 5-10 Minuten vorher oder nachher enden. In diesem Fall k\u00f6nnen Sie damit rechnen, dass wir Sie sogar schon vorab in Behandlung nehmen k\u00f6nnen.<\/p>\n<p>In sehr seltenen F\u00e4llen kann der Vorgang r\u00fcckg\u00e4ngig gemacht werden und der Termin kann l\u00e4nger dauern als von uns erwartet. In solchen F\u00e4llen wird Sie unser Patientenberater Freund anrufen und Sie informieren, damit Ihr Programm nicht unterbrochen wird.<br \/>\nWenn Sie tags\u00fcber an Termine erinnert werden m\u00f6chten, teilen Sie uns dies bitte mit.<\/p>\n<p>Es gibt private Parkpl\u00e4tze in der Abdi \u0130pek\u00e7i- und der Te\u015fvikiye-Stra\u00dfe. Wenn Sie m\u00f6chten, kann unser Fahrer Ihr Auto vor dem Geb\u00e4ude der R\u00fcckversicherung abholen und zum Parkplatz bringen und es Ihnen am Ende Ihrer Behandlung vor dem Geb\u00e4ude liefern. Um diesen Service nutzen zu k\u00f6nnen, m\u00fcssen Sie den Betreuer bei der Terminvereinbarung benachrichtigen.<\/p>\n<p><strong>Unsere Preise und Zahlungsinformationen<\/strong><\/p>\n<p>Es gelten unsere Behandlungspreise; Die Qualit\u00e4t der von uns verwendeten Materialien wird durch die Bereitstellung einer komfortablen und hygienischen Umgebung und vor allem durch das Wissen und die Erfahrung unserer \u00c4rzte bestimmt.<\/p>\n<p>In der Regel wird auch im Notfall nach einer sorgf\u00e4ltigen Untersuchung des gesamten Mundes, der Z\u00e4hne und des Zahnfleisches beim ersten Termin ein entsprechender Behandlungsplan erstellt. Auf Wunsch wird Ihnen die voraussichtliche H\u00f6he der Ausgaben gem\u00e4\u00df dem Ihnen vorgeschlagenen Behandlungsplan von unserem Patientenberater zu Ihrer Information vorgelegt.<\/p>\n<p>Es wird bevorzugt, dass die in einer Sitzung abgeschlossenen Behandlungen wie Zahnextraktion, F\u00fcllung, Scaling oder Wurzelkanalbehandlung am selben Tag bezahlt werden.<\/p>\n<p>\u201eTotale orale Behandlungen\u201c hingegen erfordern in der Regel einen l\u00e4ngeren Prozess und ein hohes Budget. In diesen F\u00e4llen erfolgt eine sehr sorgf\u00e4ltige und detaillierte Planung. In diesen F\u00e4llen sind die Bedingungen des Behandlungsplans f\u00fcr jeden Patienten einzigartig. Aus diesem Grund empfehlen wir Ihnen, das Honorar und den jeweiligen \u201eZahlungsplan\u201c mit unserem Finanzkoordinator zu besprechen. Die Vereinbarung des Zahlungsplans vor Beginn der Behandlung ist f\u00fcr unsere langfristige und zuverl\u00e4ssige Beziehung von Vorteil.<\/p>\n<p>In unserer Zahnklinik wird die \u201ePr\u00fcfungsgeb\u00fchr\u201c gem\u00e4\u00df den Grunds\u00e4tzen erhoben.<\/p>","protected":false},"excerpt":{"rendered":"<p>Unter den heutigen Bedingungen ist die Zeit eines jeden im Gro\u00dfstadtleben sehr kostbar. Deshalb arbeiten wir nach Terminvereinbarung. Wir erwarten, dass Sie Ihren Termin so genau wie m\u00f6glich einhalten. In diesem Fall werden wir nicht die Zeit unserer Patienten verschwenden, die nach Ihnen kommen werden. In der Regel dauert ein Terminvorgang bis zu 50 Minuten. Nachdem Sie vom Sofa aufgestanden sind, wird das Zimmer gereinigt und desinfiziert. Dies dauert etwa 10 Minuten. Einige [\u2026]<\/p>","protected":false},"author":2,"featured_media":0,"parent":0,"menu_order":0,"comment_status":"open","ping_status":"open","template":"","meta":[],"aioseo_notices":[],"_links":{"self":[{"href":"https:\/\/www.cantokman.com\/de\/wp-json\/wp\/v2\/pages\/109"}],"collection":[{"href":"https:\/\/www.cantokman.com\/de\/wp-json\/wp\/v2\/pages"}],"about":[{"href":"https:\/\/www.cantokman.com\/de\/wp-json\/wp\/v2\/types\/page"}],"author":[{"embeddable":true,"href":"https:\/\/www.cantokman.com\/de\/wp-json\/wp\/v2\/users\/2"}],"replies":[{"embeddable":true,"href":"https:\/\/www.cantokman.com\/de\/wp-json\/wp\/v2\/comments?post=109"}],"version-history":[{"count":1,"href":"https:\/\/www.cantokman.com\/de\/wp-json\/wp\/v2\/pages\/109\/revisions"}],"predecessor-version":[{"id":188,"href":"https:\/\/www.cantokman.com\/de\/wp-json\/wp\/v2\/pages\/109\/revisions\/188"}],"wp:attachment":[{"href":"https:\/\/www.cantokman.com\/de\/wp-json\/wp\/v2\/media?parent=109"}],"curies":[{"name":"wp","href":"https:\/\/api.w.org\/{rel}","templated":true}]}}